{"id":15394,"date":"2022-10-11T09:16:44","date_gmt":"2022-10-11T07:16:44","guid":{"rendered":"https:\/\/www.nb.no\/nettbutikk\/produkt\/blod-og-bein\/"},"modified":"2026-02-26T10:23:00","modified_gmt":"2026-02-26T09:23:00","slug":"blod-og-bein","status":"publish","type":"product","link":"https:\/\/www.nb.no\/nettbutikk\/produkt\/blod-og-bein\/","title":{"rendered":"Blod og bein"},"content":{"rendered":"","protected":false},"excerpt":{"rendered":"<p>Gjennom de siste to hundre \u00e5rene har den medisinske utviklingen v\u00e6rt omveltende, og v\u00e5r evne til \u00e5 behandle og forebygge lidelser er stadig blitt st\u00f8rre. <\/p>\n<p>I denne rikt illustrerte antologien belyser flere av v\u00e5re fremste fagformidlere hvert sitt omr\u00e5de innen medisin. Tekstene spenner fra f\u00f8dsel til d\u00f8d, fra ytterst til innerst, fra 1500-tallet til starten av 1900-tallet. <\/p>\n<p>Samlet utgj\u00f8r <i>Blod og bein<\/i> et gripende dokument over store medisinske gjennombrudd, nytenkende og v\u00e5gale leger og forskere \u2013 og ikke minst over hjerteskj\u00e6rende pasientskjebner.<\/p>\n","protected":false},"featured_media":15391,"template":"","meta":{"nb_hide_title":false,"nb_breadcrumb_title_override":""},"product_brand":[],"product_cat":[184],"product_tag":[3822],"class_list":{"0":"post-15394","1":"product","2":"type-product","3":"status-publish","4":"has-post-thumbnail","6":"product_cat-enkeltstaende-utgivelser","7":"product_tag-medisinsk-historie","9":"first","10":"instock","11":"shipping-taxable","12":"purchasable","13":"product-type-simple"},"yoast_head":"<!-- This site is optimized with the Yoast SEO plugin v27.1.1 - https:\/\/yoast.com\/product\/yoast-seo-wordpress\/ -->\n<title>Blod og bein - NB Nettbutikk<\/title>\n<meta name=\"robots\" content=\"index, follow, max-snippet:-1, max-image-preview:large, max-video-preview:-1\" \/>\n<link rel=\"canonical\" href=\"https:\/\/www.nb.no\/nettbutikk\/produkt\/blod-og-bein\/\" \/>\n<meta property=\"og:locale\" content=\"nb_NO\" \/>\n<meta property=\"og:type\" content=\"article\" \/>\n<meta property=\"og:title\" content=\"Blod og bein - NB Nettbutikk\" \/>\n<meta property=\"og:description\" content=\"Gjennom de siste to hundre \u00e5rene har den medisinske utviklingen v\u00e6rt omveltende, og v\u00e5r evne til \u00e5 behandle og forebygge lidelser er stadig blitt st\u00f8rre.  I denne rikt illustrerte antologien belyser flere av v\u00e5re fremste fagformidlere hvert sitt omr\u00e5de innen medisin. Tekstene spenner fra f\u00f8dsel til d\u00f8d, fra ytterst til innerst, fra 1500-tallet til starten av 1900-tallet.  Samlet utgj\u00f8r Blod og bein et gripende dokument over store medisinske gjennombrudd, nytenkende og v\u00e5gale leger og forskere \u2013 og ikke minst over hjerteskj\u00e6rende pasientskjebner.\" \/>\n<meta property=\"og:url\" content=\"https:\/\/www.nb.no\/nettbutikk\/produkt\/blod-og-bein\/\" \/>\n<meta property=\"og:site_name\" content=\"NB Nettbutikk\" \/>\n<meta property=\"article:modified_time\" content=\"2026-02-26T09:23:00+00:00\" \/>\n<meta property=\"og:image\" content=\"https:\/\/www.nb.no\/content\/uploads\/sites\/5\/2022\/10\/E6mp-pifWn-U4mniGoxN3v_N_3Ic7pZvNzWXmoTNAvtddtT4sL95zrGMd2V4GcaTnHivF7yE3QmzGzxbAohAbA.jpg\" \/>\n\t<meta property=\"og:image:width\" content=\"1000\" \/>\n\t<meta property=\"og:image:height\" content=\"1346\" \/>\n\t<meta property=\"og:image:type\" content=\"image\/jpeg\" \/>\n<meta name=\"twitter:card\" content=\"summary_large_image\" \/>\n<meta name=\"twitter:label1\" content=\"Ansl. lesetid\" \/>\n\t<meta name=\"twitter:data1\" content=\"1 minutt\" \/>\n<script type=\"application\/ld+json\" class=\"yoast-schema-graph\">{\"@context\":\"https:\/\/schema.org\",\"@graph\":[{\"@type\":\"WebPage\",\"@id\":\"https:\/\/www.nb.no\/nettbutikk\/produkt\/blod-og-bein\/\",\"url\":\"https:\/\/www.nb.no\/nettbutikk\/produkt\/blod-og-bein\/\",\"name\":\"Blod og bein - NB Nettbutikk\",\"isPartOf\":{\"@id\":\"https:\/\/www.nb.no\/nettbutikk\/#website\"},\"primaryImageOfPage\":{\"@id\":\"https:\/\/www.nb.no\/nettbutikk\/produkt\/blod-og-bein\/#primaryimage\"},\"image\":{\"@id\":\"https:\/\/www.nb.no\/nettbutikk\/produkt\/blod-og-bein\/#primaryimage\"},\"thumbnailUrl\":\"https:\/\/www.nb.no\/content\/uploads\/sites\/5\/2022\/10\/E6mp-pifWn-U4mniGoxN3v_N_3Ic7pZvNzWXmoTNAvtddtT4sL95zrGMd2V4GcaTnHivF7yE3QmzGzxbAohAbA.jpg\",\"datePublished\":\"2022-10-11T07:16:44+00:00\",\"dateModified\":\"2026-02-26T09:23:00+00:00\",\"breadcrumb\":{\"@id\":\"https:\/\/www.nb.no\/nettbutikk\/produkt\/blod-og-bein\/#breadcrumb\"},\"inLanguage\":\"nb-NO\",\"potentialAction\":[{\"@type\":\"ReadAction\",\"target\":[\"https:\/\/www.nb.no\/nettbutikk\/produkt\/blod-og-bein\/\"]}]},{\"@type\":\"ImageObject\",\"inLanguage\":\"nb-NO\",\"@id\":\"https:\/\/www.nb.no\/nettbutikk\/produkt\/blod-og-bein\/#primaryimage\",\"url\":\"https:\/\/www.nb.no\/content\/uploads\/sites\/5\/2022\/10\/E6mp-pifWn-U4mniGoxN3v_N_3Ic7pZvNzWXmoTNAvtddtT4sL95zrGMd2V4GcaTnHivF7yE3QmzGzxbAohAbA.jpg\",\"contentUrl\":\"https:\/\/www.nb.no\/content\/uploads\/sites\/5\/2022\/10\/E6mp-pifWn-U4mniGoxN3v_N_3Ic7pZvNzWXmoTNAvtddtT4sL95zrGMd2V4GcaTnHivF7yE3QmzGzxbAohAbA.jpg\",\"width\":1000,\"height\":1346,\"caption\":\"Blod og bein\"},{\"@type\":\"BreadcrumbList\",\"@id\":\"https:\/\/www.nb.no\/nettbutikk\/produkt\/blod-og-bein\/#breadcrumb\",\"itemListElement\":[{\"@type\":\"ListItem\",\"position\":1,\"name\":\"Home\",\"item\":\"https:\/\/www.nb.no\/nettbutikk\/\"},{\"@type\":\"ListItem\",\"position\":2,\"name\":\"Butikk\",\"item\":\"https:\/\/www.nb.no\/nettbutikk\/butikk\/\"},{\"@type\":\"ListItem\",\"position\":3,\"name\":\"Blod og bein\"}]},{\"@type\":\"WebSite\",\"@id\":\"https:\/\/www.nb.no\/nettbutikk\/#website\",\"url\":\"https:\/\/www.nb.no\/nettbutikk\/\",\"name\":\"NB Nettbutikk\",\"description\":\"\",\"potentialAction\":[{\"@type\":\"SearchAction\",\"target\":{\"@type\":\"EntryPoint\",\"urlTemplate\":\"https:\/\/www.nb.no\/nettbutikk\/?s={search_term_string}\"},\"query-input\":{\"@type\":\"PropertyValueSpecification\",\"valueRequired\":true,\"valueName\":\"search_term_string\"}}],\"inLanguage\":\"nb-NO\"}]}<\/script>\n<!-- \/ Yoast SEO plugin. -->","yoast_head_json":{"title":"Blod og bein - NB Nettbutikk","robots":{"index":"index","follow":"follow","max-snippet":"max-snippet:-1","max-image-preview":"max-image-preview:large","max-video-preview":"max-video-preview:-1"},"canonical":"https:\/\/www.nb.no\/nettbutikk\/produkt\/blod-og-bein\/","og_locale":"nb_NO","og_type":"article","og_title":"Blod og bein - NB Nettbutikk","og_description":"Gjennom de siste to hundre \u00e5rene har den medisinske utviklingen v\u00e6rt omveltende, og v\u00e5r evne til \u00e5 behandle og forebygge lidelser er stadig blitt st\u00f8rre.  I denne rikt illustrerte antologien belyser flere av v\u00e5re fremste fagformidlere hvert sitt omr\u00e5de innen medisin. Tekstene spenner fra f\u00f8dsel til d\u00f8d, fra ytterst til innerst, fra 1500-tallet til starten av 1900-tallet.  Samlet utgj\u00f8r Blod og bein et gripende dokument over store medisinske gjennombrudd, nytenkende og v\u00e5gale leger og forskere \u2013 og ikke minst over hjerteskj\u00e6rende pasientskjebner.","og_url":"https:\/\/www.nb.no\/nettbutikk\/produkt\/blod-og-bein\/","og_site_name":"NB Nettbutikk","article_modified_time":"2026-02-26T09:23:00+00:00","og_image":[{"width":1000,"height":1346,"url":"https:\/\/www.nb.no\/content\/uploads\/sites\/5\/2022\/10\/E6mp-pifWn-U4mniGoxN3v_N_3Ic7pZvNzWXmoTNAvtddtT4sL95zrGMd2V4GcaTnHivF7yE3QmzGzxbAohAbA.jpg","type":"image\/jpeg"}],"twitter_card":"summary_large_image","twitter_misc":{"Ansl. lesetid":"1 minutt"},"schema":{"@context":"https:\/\/schema.org","@graph":[{"@type":"WebPage","@id":"https:\/\/www.nb.no\/nettbutikk\/produkt\/blod-og-bein\/","url":"https:\/\/www.nb.no\/nettbutikk\/produkt\/blod-og-bein\/","name":"Blod og bein - NB Nettbutikk","isPartOf":{"@id":"https:\/\/www.nb.no\/nettbutikk\/#website"},"primaryImageOfPage":{"@id":"https:\/\/www.nb.no\/nettbutikk\/produkt\/blod-og-bein\/#primaryimage"},"image":{"@id":"https:\/\/www.nb.no\/nettbutikk\/produkt\/blod-og-bein\/#primaryimage"},"thumbnailUrl":"https:\/\/www.nb.no\/content\/uploads\/sites\/5\/2022\/10\/E6mp-pifWn-U4mniGoxN3v_N_3Ic7pZvNzWXmoTNAvtddtT4sL95zrGMd2V4GcaTnHivF7yE3QmzGzxbAohAbA.jpg","datePublished":"2022-10-11T07:16:44+00:00","dateModified":"2026-02-26T09:23:00+00:00","breadcrumb":{"@id":"https:\/\/www.nb.no\/nettbutikk\/produkt\/blod-og-bein\/#breadcrumb"},"inLanguage":"nb-NO","potentialAction":[{"@type":"ReadAction","target":["https:\/\/www.nb.no\/nettbutikk\/produkt\/blod-og-bein\/"]}]},{"@type":"ImageObject","inLanguage":"nb-NO","@id":"https:\/\/www.nb.no\/nettbutikk\/produkt\/blod-og-bein\/#primaryimage","url":"https:\/\/www.nb.no\/content\/uploads\/sites\/5\/2022\/10\/E6mp-pifWn-U4mniGoxN3v_N_3Ic7pZvNzWXmoTNAvtddtT4sL95zrGMd2V4GcaTnHivF7yE3QmzGzxbAohAbA.jpg","contentUrl":"https:\/\/www.nb.no\/content\/uploads\/sites\/5\/2022\/10\/E6mp-pifWn-U4mniGoxN3v_N_3Ic7pZvNzWXmoTNAvtddtT4sL95zrGMd2V4GcaTnHivF7yE3QmzGzxbAohAbA.jpg","width":1000,"height":1346,"caption":"Blod og bein"},{"@type":"BreadcrumbList","@id":"https:\/\/www.nb.no\/nettbutikk\/produkt\/blod-og-bein\/#breadcrumb","itemListElement":[{"@type":"ListItem","position":1,"name":"Home","item":"https:\/\/www.nb.no\/nettbutikk\/"},{"@type":"ListItem","position":2,"name":"Butikk","item":"https:\/\/www.nb.no\/nettbutikk\/butikk\/"},{"@type":"ListItem","position":3,"name":"Blod og bein"}]},{"@type":"WebSite","@id":"https:\/\/www.nb.no\/nettbutikk\/#website","url":"https:\/\/www.nb.no\/nettbutikk\/","name":"NB Nettbutikk","description":"","potentialAction":[{"@type":"SearchAction","target":{"@type":"EntryPoint","urlTemplate":"https:\/\/www.nb.no\/nettbutikk\/?s={search_term_string}"},"query-input":{"@type":"PropertyValueSpecification","valueRequired":true,"valueName":"search_term_string"}}],"inLanguage":"nb-NO"}]}},"_links":{"self":[{"href":"https:\/\/www.nb.no\/nettbutikk\/wp-json\/wp\/v2\/product\/15394","targetHints":{"allow":["GET"]}}],"collection":[{"href":"https:\/\/www.nb.no\/nettbutikk\/wp-json\/wp\/v2\/product"}],"about":[{"href":"https:\/\/www.nb.no\/nettbutikk\/wp-json\/wp\/v2\/types\/product"}],"wp:featuredmedia":[{"embeddable":true,"href":"https:\/\/www.nb.no\/nettbutikk\/wp-json\/wp\/v2\/media\/15391"}],"wp:attachment":[{"href":"https:\/\/www.nb.no\/nettbutikk\/wp-json\/wp\/v2\/media?parent=15394"}],"wp:term":[{"taxonomy":"product_brand","embeddable":true,"href":"https:\/\/www.nb.no\/nettbutikk\/wp-json\/wp\/v2\/product_brand?post=15394"},{"taxonomy":"product_cat","embeddable":true,"href":"https:\/\/www.nb.no\/nettbutikk\/wp-json\/wp\/v2\/product_cat?post=15394"},{"taxonomy":"product_tag","embeddable":true,"href":"https:\/\/www.nb.no\/nettbutikk\/wp-json\/wp\/v2\/product_tag?post=15394"}],"curies":[{"name":"wp","href":"https:\/\/api.w.org\/{rel}","templated":true}]}}