{"id":15164,"date":"2022-10-11T09:15:56","date_gmt":"2022-10-11T07:15:56","guid":{"rendered":"https:\/\/www.nb.no\/nettbutikk\/produkt\/mitt-navn-er-knoph\/"},"modified":"2026-04-20T11:08:30","modified_gmt":"2026-04-20T09:08:30","slug":"mitt-navn-er-knoph","status":"publish","type":"product","link":"https:\/\/www.nb.no\/nettbutikk\/produkt\/mitt-navn-er-knoph\/","title":{"rendered":"Mitt navn er Knoph"},"content":{"rendered":"","protected":false},"excerpt":{"rendered":"<p>Hvorfor tilst\u00e5r den pertentlige direkt\u00f8r Sahle frivillig \u00e5 ha beg\u00e5tt et stort underslag, og forteller gladelig at pengene er brukt p\u00e5 en elskerinne? <\/p>\n<p>Olaf Bull var en av Norges mest kjente lyrikere, og <i>Mitt navn er Knoph<\/i> er hans eneste roman. Boken kom ut i 1914 og er senere blitt k\u00e5ret til en av Norges beste kriminalromaner. Her introduserer Bull den djerve Hans Bleng i oppdagelsespolitiet. Vi f\u00e5r ogs\u00e5 hilse kort p\u00e5 den tidens mest ber\u00f8mte privatdetektiv, Asbj\u00f8rn Krag, kjent fra kriminalromanene til Stein Riverton. For Bleng er det noe som skurrer i Sahle-saken, og mistanken styrkes n\u00e5r det blir funnet et lik, en viss A. Knoph, i en kalkgrav p\u00e5 Bygd\u00f8. Hvem er denne Knoph, som er blitt observert i hatt og kappe sammen med Sahle? Mysteriet tar stadig nye vendinger, og l\u00f8sningen skal vise seg \u00e5 ligge i en enkel og opplagt feil.<\/p>\n","protected":false},"featured_media":15161,"template":"","meta":{"nb_hide_title":false,"nb_breadcrumb_title_override":""},"product_brand":[],"product_cat":[196],"product_tag":[3825],"class_list":{"0":"post-15164","1":"product","2":"type-product","3":"status-publish","4":"has-post-thumbnail","6":"product_cat-nbs-krimklassikere","7":"product_tag-litteratur","9":"first","10":"instock","11":"shipping-taxable","12":"purchasable","13":"product-type-simple"},"yoast_head":"<!-- This site is optimized with the Yoast SEO plugin v27.1.1 - https:\/\/yoast.com\/product\/yoast-seo-wordpress\/ -->\n<title>Mitt navn er Knoph - NB Nettbutikk<\/title>\n<meta name=\"robots\" content=\"index, follow, max-snippet:-1, max-image-preview:large, max-video-preview:-1\" \/>\n<link rel=\"canonical\" href=\"https:\/\/www.nb.no\/nettbutikk\/produkt\/mitt-navn-er-knoph\/\" \/>\n<meta property=\"og:locale\" content=\"nb_NO\" \/>\n<meta property=\"og:type\" content=\"article\" \/>\n<meta property=\"og:title\" content=\"Mitt navn er Knoph - NB Nettbutikk\" \/>\n<meta property=\"og:description\" content=\"Hvorfor tilst\u00e5r den pertentlige direkt\u00f8r Sahle frivillig \u00e5 ha beg\u00e5tt et stort underslag, og forteller gladelig at pengene er brukt p\u00e5 en elskerinne?  Olaf Bull var en av Norges mest kjente lyrikere, og Mitt navn er Knoph er hans eneste roman. Boken kom ut i 1914 og er senere blitt k\u00e5ret til en av Norges beste kriminalromaner. Her introduserer Bull den djerve Hans Bleng i oppdagelsespolitiet. Vi f\u00e5r ogs\u00e5 hilse kort p\u00e5 den tidens mest ber\u00f8mte privatdetektiv, Asbj\u00f8rn Krag, kjent fra kriminalromanene til Stein Riverton. For Bleng er det noe som skurrer i Sahle-saken, og mistanken styrkes n\u00e5r det blir funnet et lik, en viss A. Knoph, i en kalkgrav p\u00e5 Bygd\u00f8. Hvem er denne Knoph, som er blitt observert i hatt og kappe sammen med Sahle? Mysteriet tar stadig nye vendinger, og l\u00f8sningen skal vise seg \u00e5 ligge i en enkel og opplagt feil.\" \/>\n<meta property=\"og:url\" content=\"https:\/\/www.nb.no\/nettbutikk\/produkt\/mitt-navn-er-knoph\/\" \/>\n<meta property=\"og:site_name\" content=\"NB Nettbutikk\" \/>\n<meta property=\"article:modified_time\" content=\"2026-04-20T09:08:30+00:00\" \/>\n<meta property=\"og:image\" content=\"https:\/\/www.nb.no\/content\/uploads\/sites\/5\/2022\/10\/E6mp-pifWn-U4mniGoxN3v_N_3Ic7pZvNzWXmoXKBP8AddD8sbF7yeHQdTF3RJeUnSr6ReSKiV_nHWpZAohAbA.jpg\" \/>\n\t<meta property=\"og:image:width\" content=\"1535\" \/>\n\t<meta property=\"og:image:height\" content=\"2421\" \/>\n\t<meta property=\"og:image:type\" content=\"image\/jpeg\" \/>\n<meta name=\"twitter:card\" content=\"summary_large_image\" \/>\n<meta name=\"twitter:label1\" content=\"Ansl. lesetid\" \/>\n\t<meta name=\"twitter:data1\" content=\"1 minutt\" \/>\n<script type=\"application\/ld+json\" class=\"yoast-schema-graph\">{\"@context\":\"https:\/\/schema.org\",\"@graph\":[{\"@type\":\"WebPage\",\"@id\":\"https:\/\/www.nb.no\/nettbutikk\/produkt\/mitt-navn-er-knoph\/\",\"url\":\"https:\/\/www.nb.no\/nettbutikk\/produkt\/mitt-navn-er-knoph\/\",\"name\":\"Mitt navn er Knoph - NB Nettbutikk\",\"isPartOf\":{\"@id\":\"https:\/\/www.nb.no\/nettbutikk\/#website\"},\"primaryImageOfPage\":{\"@id\":\"https:\/\/www.nb.no\/nettbutikk\/produkt\/mitt-navn-er-knoph\/#primaryimage\"},\"image\":{\"@id\":\"https:\/\/www.nb.no\/nettbutikk\/produkt\/mitt-navn-er-knoph\/#primaryimage\"},\"thumbnailUrl\":\"https:\/\/www.nb.no\/content\/uploads\/sites\/5\/2022\/10\/E6mp-pifWn-U4mniGoxN3v_N_3Ic7pZvNzWXmoXKBP8AddD8sbF7yeHQdTF3RJeUnSr6ReSKiV_nHWpZAohAbA.jpg\",\"datePublished\":\"2022-10-11T07:15:56+00:00\",\"dateModified\":\"2026-04-20T09:08:30+00:00\",\"breadcrumb\":{\"@id\":\"https:\/\/www.nb.no\/nettbutikk\/produkt\/mitt-navn-er-knoph\/#breadcrumb\"},\"inLanguage\":\"nb-NO\",\"potentialAction\":[{\"@type\":\"ReadAction\",\"target\":[\"https:\/\/www.nb.no\/nettbutikk\/produkt\/mitt-navn-er-knoph\/\"]}]},{\"@type\":\"ImageObject\",\"inLanguage\":\"nb-NO\",\"@id\":\"https:\/\/www.nb.no\/nettbutikk\/produkt\/mitt-navn-er-knoph\/#primaryimage\",\"url\":\"https:\/\/www.nb.no\/content\/uploads\/sites\/5\/2022\/10\/E6mp-pifWn-U4mniGoxN3v_N_3Ic7pZvNzWXmoXKBP8AddD8sbF7yeHQdTF3RJeUnSr6ReSKiV_nHWpZAohAbA.jpg\",\"contentUrl\":\"https:\/\/www.nb.no\/content\/uploads\/sites\/5\/2022\/10\/E6mp-pifWn-U4mniGoxN3v_N_3Ic7pZvNzWXmoXKBP8AddD8sbF7yeHQdTF3RJeUnSr6ReSKiV_nHWpZAohAbA.jpg\",\"width\":1535,\"height\":2421,\"caption\":\"Mitt navn er Knoph\"},{\"@type\":\"BreadcrumbList\",\"@id\":\"https:\/\/www.nb.no\/nettbutikk\/produkt\/mitt-navn-er-knoph\/#breadcrumb\",\"itemListElement\":[{\"@type\":\"ListItem\",\"position\":1,\"name\":\"Home\",\"item\":\"https:\/\/www.nb.no\/nettbutikk\/\"},{\"@type\":\"ListItem\",\"position\":2,\"name\":\"Butikk\",\"item\":\"https:\/\/www.nb.no\/nettbutikk\/butikk\/\"},{\"@type\":\"ListItem\",\"position\":3,\"name\":\"Mitt navn er Knoph\"}]},{\"@type\":\"WebSite\",\"@id\":\"https:\/\/www.nb.no\/nettbutikk\/#website\",\"url\":\"https:\/\/www.nb.no\/nettbutikk\/\",\"name\":\"NB Nettbutikk\",\"description\":\"\",\"potentialAction\":[{\"@type\":\"SearchAction\",\"target\":{\"@type\":\"EntryPoint\",\"urlTemplate\":\"https:\/\/www.nb.no\/nettbutikk\/?s={search_term_string}\"},\"query-input\":{\"@type\":\"PropertyValueSpecification\",\"valueRequired\":true,\"valueName\":\"search_term_string\"}}],\"inLanguage\":\"nb-NO\"}]}<\/script>\n<!-- \/ Yoast SEO plugin. -->","yoast_head_json":{"title":"Mitt navn er Knoph - NB Nettbutikk","robots":{"index":"index","follow":"follow","max-snippet":"max-snippet:-1","max-image-preview":"max-image-preview:large","max-video-preview":"max-video-preview:-1"},"canonical":"https:\/\/www.nb.no\/nettbutikk\/produkt\/mitt-navn-er-knoph\/","og_locale":"nb_NO","og_type":"article","og_title":"Mitt navn er Knoph - NB Nettbutikk","og_description":"Hvorfor tilst\u00e5r den pertentlige direkt\u00f8r Sahle frivillig \u00e5 ha beg\u00e5tt et stort underslag, og forteller gladelig at pengene er brukt p\u00e5 en elskerinne?  Olaf Bull var en av Norges mest kjente lyrikere, og Mitt navn er Knoph er hans eneste roman. Boken kom ut i 1914 og er senere blitt k\u00e5ret til en av Norges beste kriminalromaner. Her introduserer Bull den djerve Hans Bleng i oppdagelsespolitiet. Vi f\u00e5r ogs\u00e5 hilse kort p\u00e5 den tidens mest ber\u00f8mte privatdetektiv, Asbj\u00f8rn Krag, kjent fra kriminalromanene til Stein Riverton. For Bleng er det noe som skurrer i Sahle-saken, og mistanken styrkes n\u00e5r det blir funnet et lik, en viss A. Knoph, i en kalkgrav p\u00e5 Bygd\u00f8. Hvem er denne Knoph, som er blitt observert i hatt og kappe sammen med Sahle? Mysteriet tar stadig nye vendinger, og l\u00f8sningen skal vise seg \u00e5 ligge i en enkel og opplagt feil.","og_url":"https:\/\/www.nb.no\/nettbutikk\/produkt\/mitt-navn-er-knoph\/","og_site_name":"NB Nettbutikk","article_modified_time":"2026-04-20T09:08:30+00:00","og_image":[{"width":1535,"height":2421,"url":"https:\/\/www.nb.no\/content\/uploads\/sites\/5\/2022\/10\/E6mp-pifWn-U4mniGoxN3v_N_3Ic7pZvNzWXmoXKBP8AddD8sbF7yeHQdTF3RJeUnSr6ReSKiV_nHWpZAohAbA.jpg","type":"image\/jpeg"}],"twitter_card":"summary_large_image","twitter_misc":{"Ansl. lesetid":"1 minutt"},"schema":{"@context":"https:\/\/schema.org","@graph":[{"@type":"WebPage","@id":"https:\/\/www.nb.no\/nettbutikk\/produkt\/mitt-navn-er-knoph\/","url":"https:\/\/www.nb.no\/nettbutikk\/produkt\/mitt-navn-er-knoph\/","name":"Mitt navn er Knoph - NB Nettbutikk","isPartOf":{"@id":"https:\/\/www.nb.no\/nettbutikk\/#website"},"primaryImageOfPage":{"@id":"https:\/\/www.nb.no\/nettbutikk\/produkt\/mitt-navn-er-knoph\/#primaryimage"},"image":{"@id":"https:\/\/www.nb.no\/nettbutikk\/produkt\/mitt-navn-er-knoph\/#primaryimage"},"thumbnailUrl":"https:\/\/www.nb.no\/content\/uploads\/sites\/5\/2022\/10\/E6mp-pifWn-U4mniGoxN3v_N_3Ic7pZvNzWXmoXKBP8AddD8sbF7yeHQdTF3RJeUnSr6ReSKiV_nHWpZAohAbA.jpg","datePublished":"2022-10-11T07:15:56+00:00","dateModified":"2026-04-20T09:08:30+00:00","breadcrumb":{"@id":"https:\/\/www.nb.no\/nettbutikk\/produkt\/mitt-navn-er-knoph\/#breadcrumb"},"inLanguage":"nb-NO","potentialAction":[{"@type":"ReadAction","target":["https:\/\/www.nb.no\/nettbutikk\/produkt\/mitt-navn-er-knoph\/"]}]},{"@type":"ImageObject","inLanguage":"nb-NO","@id":"https:\/\/www.nb.no\/nettbutikk\/produkt\/mitt-navn-er-knoph\/#primaryimage","url":"https:\/\/www.nb.no\/content\/uploads\/sites\/5\/2022\/10\/E6mp-pifWn-U4mniGoxN3v_N_3Ic7pZvNzWXmoXKBP8AddD8sbF7yeHQdTF3RJeUnSr6ReSKiV_nHWpZAohAbA.jpg","contentUrl":"https:\/\/www.nb.no\/content\/uploads\/sites\/5\/2022\/10\/E6mp-pifWn-U4mniGoxN3v_N_3Ic7pZvNzWXmoXKBP8AddD8sbF7yeHQdTF3RJeUnSr6ReSKiV_nHWpZAohAbA.jpg","width":1535,"height":2421,"caption":"Mitt navn er Knoph"},{"@type":"BreadcrumbList","@id":"https:\/\/www.nb.no\/nettbutikk\/produkt\/mitt-navn-er-knoph\/#breadcrumb","itemListElement":[{"@type":"ListItem","position":1,"name":"Home","item":"https:\/\/www.nb.no\/nettbutikk\/"},{"@type":"ListItem","position":2,"name":"Butikk","item":"https:\/\/www.nb.no\/nettbutikk\/butikk\/"},{"@type":"ListItem","position":3,"name":"Mitt navn er Knoph"}]},{"@type":"WebSite","@id":"https:\/\/www.nb.no\/nettbutikk\/#website","url":"https:\/\/www.nb.no\/nettbutikk\/","name":"NB Nettbutikk","description":"","potentialAction":[{"@type":"SearchAction","target":{"@type":"EntryPoint","urlTemplate":"https:\/\/www.nb.no\/nettbutikk\/?s={search_term_string}"},"query-input":{"@type":"PropertyValueSpecification","valueRequired":true,"valueName":"search_term_string"}}],"inLanguage":"nb-NO"}]}},"_links":{"self":[{"href":"https:\/\/www.nb.no\/nettbutikk\/wp-json\/wp\/v2\/product\/15164","targetHints":{"allow":["GET"]}}],"collection":[{"href":"https:\/\/www.nb.no\/nettbutikk\/wp-json\/wp\/v2\/product"}],"about":[{"href":"https:\/\/www.nb.no\/nettbutikk\/wp-json\/wp\/v2\/types\/product"}],"wp:featuredmedia":[{"embeddable":true,"href":"https:\/\/www.nb.no\/nettbutikk\/wp-json\/wp\/v2\/media\/15161"}],"wp:attachment":[{"href":"https:\/\/www.nb.no\/nettbutikk\/wp-json\/wp\/v2\/media?parent=15164"}],"wp:term":[{"taxonomy":"product_brand","embeddable":true,"href":"https:\/\/www.nb.no\/nettbutikk\/wp-json\/wp\/v2\/product_brand?post=15164"},{"taxonomy":"product_cat","embeddable":true,"href":"https:\/\/www.nb.no\/nettbutikk\/wp-json\/wp\/v2\/product_cat?post=15164"},{"taxonomy":"product_tag","embeddable":true,"href":"https:\/\/www.nb.no\/nettbutikk\/wp-json\/wp\/v2\/product_tag?post=15164"}],"curies":[{"name":"wp","href":"https:\/\/api.w.org\/{rel}","templated":true}]}}