{"id":15158,"date":"2022-10-11T09:15:54","date_gmt":"2022-10-11T07:15:54","guid":{"rendered":"https:\/\/www.nb.no\/nettbutikk\/produkt\/kvinnekamp\/"},"modified":"2026-04-20T11:08:28","modified_gmt":"2026-04-20T09:08:28","slug":"kvinnekamp","status":"publish","type":"product","link":"https:\/\/www.nb.no\/nettbutikk\/produkt\/kvinnekamp\/","title":{"rendered":"Kvinnekamp"},"content":{"rendered":"","protected":false},"excerpt":{"rendered":"<p>\u00abDersom det var mulig \u00e5 reise i tid, er jeg ikke i tvil om hvilken gjeng jeg helst ville ha tilh\u00f8rt\u00bb, skriver forfatter Marta Breen.<\/p>\n<p>H\u00f8sten 1883 dannet Marie Holst, Betzy B\u00f8rresen, Laura R\u00f8mcke, Cecilie Thoresen, Minda Ramm og Anna Bugge foreningen Skuld, som kjempet for at kvinner skulle f\u00e5 rett til \u00e5 utdanne seg og delta i offentlige debatter. I dag \u2013 n\u00e6r 135 \u00e5r senere \u2013 er det lett \u00e5 le av holdningene de m\u00f8tte, som at akademiske studier kunne skade kvinners nerver og hjerner. Sammen satte de seks unge kvinnene i gang en bevegelse som skulle komme til \u00e5 forandre Norge \u2013 og som til slutt ble kronet med seier.<\/p>\n","protected":false},"featured_media":15155,"template":"","meta":{"nb_hide_title":false,"nb_breadcrumb_title_override":""},"product_brand":[],"product_cat":[184],"product_tag":[3752,3820],"class_list":{"0":"post-15158","1":"product","2":"type-product","3":"status-publish","4":"has-post-thumbnail","6":"product_cat-enkeltstaende-utgivelser","7":"product_tag-1800-tallet","8":"product_tag-kvinner","10":"first","11":"instock","12":"shipping-taxable","13":"purchasable","14":"product-type-simple"},"yoast_head":"<!-- This site is optimized with the Yoast SEO plugin v27.1.1 - https:\/\/yoast.com\/product\/yoast-seo-wordpress\/ -->\n<title>Kvinnekamp - NB Nettbutikk<\/title>\n<meta name=\"robots\" content=\"index, follow, max-snippet:-1, max-image-preview:large, max-video-preview:-1\" \/>\n<link rel=\"canonical\" href=\"https:\/\/www.nb.no\/nettbutikk\/produkt\/kvinnekamp\/\" \/>\n<meta property=\"og:locale\" content=\"nb_NO\" \/>\n<meta property=\"og:type\" content=\"article\" \/>\n<meta property=\"og:title\" content=\"Kvinnekamp - NB Nettbutikk\" \/>\n<meta property=\"og:description\" content=\"\u00abDersom det var mulig \u00e5 reise i tid, er jeg ikke i tvil om hvilken gjeng jeg helst ville ha tilh\u00f8rt\u00bb, skriver forfatter Marta Breen. H\u00f8sten 1883 dannet Marie Holst, Betzy B\u00f8rresen, Laura R\u00f8mcke, Cecilie Thoresen, Minda Ramm og Anna Bugge foreningen Skuld, som kjempet for at kvinner skulle f\u00e5 rett til \u00e5 utdanne seg og delta i offentlige debatter. I dag \u2013 n\u00e6r 135 \u00e5r senere \u2013 er det lett \u00e5 le av holdningene de m\u00f8tte, som at akademiske studier kunne skade kvinners nerver og hjerner. Sammen satte de seks unge kvinnene i gang en bevegelse som skulle komme til \u00e5 forandre Norge \u2013 og som til slutt ble kronet med seier.\" \/>\n<meta property=\"og:url\" content=\"https:\/\/www.nb.no\/nettbutikk\/produkt\/kvinnekamp\/\" \/>\n<meta property=\"og:site_name\" content=\"NB Nettbutikk\" \/>\n<meta property=\"article:modified_time\" content=\"2026-04-20T09:08:28+00:00\" \/>\n<meta property=\"og:image\" content=\"https:\/\/www.nb.no\/content\/uploads\/sites\/5\/2022\/10\/E6mp-pifWn-U4mniGoxN3v_N_3Ic7pZvNzWXmoCQU_4EdNOq47Z8z7_eJDV5F5OYniqlQ7iKgg66HG0LAohAbA.jpg\" \/>\n\t<meta property=\"og:image:width\" content=\"900\" \/>\n\t<meta property=\"og:image:height\" content=\"1220\" \/>\n\t<meta property=\"og:image:type\" content=\"image\/jpeg\" \/>\n<meta name=\"twitter:card\" content=\"summary_large_image\" \/>\n<meta name=\"twitter:label1\" content=\"Ansl. lesetid\" \/>\n\t<meta name=\"twitter:data1\" content=\"1 minutt\" \/>\n<script type=\"application\/ld+json\" class=\"yoast-schema-graph\">{\"@context\":\"https:\/\/schema.org\",\"@graph\":[{\"@type\":\"WebPage\",\"@id\":\"https:\/\/www.nb.no\/nettbutikk\/produkt\/kvinnekamp\/\",\"url\":\"https:\/\/www.nb.no\/nettbutikk\/produkt\/kvinnekamp\/\",\"name\":\"Kvinnekamp - NB Nettbutikk\",\"isPartOf\":{\"@id\":\"https:\/\/www.nb.no\/nettbutikk\/#website\"},\"primaryImageOfPage\":{\"@id\":\"https:\/\/www.nb.no\/nettbutikk\/produkt\/kvinnekamp\/#primaryimage\"},\"image\":{\"@id\":\"https:\/\/www.nb.no\/nettbutikk\/produkt\/kvinnekamp\/#primaryimage\"},\"thumbnailUrl\":\"https:\/\/www.nb.no\/content\/uploads\/sites\/5\/2022\/10\/E6mp-pifWn-U4mniGoxN3v_N_3Ic7pZvNzWXmoCQU_4EdNOq47Z8z7_eJDV5F5OYniqlQ7iKgg66HG0LAohAbA.jpg\",\"datePublished\":\"2022-10-11T07:15:54+00:00\",\"dateModified\":\"2026-04-20T09:08:28+00:00\",\"breadcrumb\":{\"@id\":\"https:\/\/www.nb.no\/nettbutikk\/produkt\/kvinnekamp\/#breadcrumb\"},\"inLanguage\":\"nb-NO\",\"potentialAction\":[{\"@type\":\"ReadAction\",\"target\":[\"https:\/\/www.nb.no\/nettbutikk\/produkt\/kvinnekamp\/\"]}]},{\"@type\":\"ImageObject\",\"inLanguage\":\"nb-NO\",\"@id\":\"https:\/\/www.nb.no\/nettbutikk\/produkt\/kvinnekamp\/#primaryimage\",\"url\":\"https:\/\/www.nb.no\/content\/uploads\/sites\/5\/2022\/10\/E6mp-pifWn-U4mniGoxN3v_N_3Ic7pZvNzWXmoCQU_4EdNOq47Z8z7_eJDV5F5OYniqlQ7iKgg66HG0LAohAbA.jpg\",\"contentUrl\":\"https:\/\/www.nb.no\/content\/uploads\/sites\/5\/2022\/10\/E6mp-pifWn-U4mniGoxN3v_N_3Ic7pZvNzWXmoCQU_4EdNOq47Z8z7_eJDV5F5OYniqlQ7iKgg66HG0LAohAbA.jpg\",\"width\":900,\"height\":1220,\"caption\":\"Kvinnekamp\"},{\"@type\":\"BreadcrumbList\",\"@id\":\"https:\/\/www.nb.no\/nettbutikk\/produkt\/kvinnekamp\/#breadcrumb\",\"itemListElement\":[{\"@type\":\"ListItem\",\"position\":1,\"name\":\"Home\",\"item\":\"https:\/\/www.nb.no\/nettbutikk\/\"},{\"@type\":\"ListItem\",\"position\":2,\"name\":\"Butikk\",\"item\":\"https:\/\/www.nb.no\/nettbutikk\/butikk\/\"},{\"@type\":\"ListItem\",\"position\":3,\"name\":\"Kvinnekamp\"}]},{\"@type\":\"WebSite\",\"@id\":\"https:\/\/www.nb.no\/nettbutikk\/#website\",\"url\":\"https:\/\/www.nb.no\/nettbutikk\/\",\"name\":\"NB Nettbutikk\",\"description\":\"\",\"potentialAction\":[{\"@type\":\"SearchAction\",\"target\":{\"@type\":\"EntryPoint\",\"urlTemplate\":\"https:\/\/www.nb.no\/nettbutikk\/?s={search_term_string}\"},\"query-input\":{\"@type\":\"PropertyValueSpecification\",\"valueRequired\":true,\"valueName\":\"search_term_string\"}}],\"inLanguage\":\"nb-NO\"}]}<\/script>\n<!-- \/ Yoast SEO plugin. -->","yoast_head_json":{"title":"Kvinnekamp - NB Nettbutikk","robots":{"index":"index","follow":"follow","max-snippet":"max-snippet:-1","max-image-preview":"max-image-preview:large","max-video-preview":"max-video-preview:-1"},"canonical":"https:\/\/www.nb.no\/nettbutikk\/produkt\/kvinnekamp\/","og_locale":"nb_NO","og_type":"article","og_title":"Kvinnekamp - NB Nettbutikk","og_description":"\u00abDersom det var mulig \u00e5 reise i tid, er jeg ikke i tvil om hvilken gjeng jeg helst ville ha tilh\u00f8rt\u00bb, skriver forfatter Marta Breen. H\u00f8sten 1883 dannet Marie Holst, Betzy B\u00f8rresen, Laura R\u00f8mcke, Cecilie Thoresen, Minda Ramm og Anna Bugge foreningen Skuld, som kjempet for at kvinner skulle f\u00e5 rett til \u00e5 utdanne seg og delta i offentlige debatter. I dag \u2013 n\u00e6r 135 \u00e5r senere \u2013 er det lett \u00e5 le av holdningene de m\u00f8tte, som at akademiske studier kunne skade kvinners nerver og hjerner. Sammen satte de seks unge kvinnene i gang en bevegelse som skulle komme til \u00e5 forandre Norge \u2013 og som til slutt ble kronet med seier.","og_url":"https:\/\/www.nb.no\/nettbutikk\/produkt\/kvinnekamp\/","og_site_name":"NB Nettbutikk","article_modified_time":"2026-04-20T09:08:28+00:00","og_image":[{"width":900,"height":1220,"url":"https:\/\/www.nb.no\/content\/uploads\/sites\/5\/2022\/10\/E6mp-pifWn-U4mniGoxN3v_N_3Ic7pZvNzWXmoCQU_4EdNOq47Z8z7_eJDV5F5OYniqlQ7iKgg66HG0LAohAbA.jpg","type":"image\/jpeg"}],"twitter_card":"summary_large_image","twitter_misc":{"Ansl. lesetid":"1 minutt"},"schema":{"@context":"https:\/\/schema.org","@graph":[{"@type":"WebPage","@id":"https:\/\/www.nb.no\/nettbutikk\/produkt\/kvinnekamp\/","url":"https:\/\/www.nb.no\/nettbutikk\/produkt\/kvinnekamp\/","name":"Kvinnekamp - NB Nettbutikk","isPartOf":{"@id":"https:\/\/www.nb.no\/nettbutikk\/#website"},"primaryImageOfPage":{"@id":"https:\/\/www.nb.no\/nettbutikk\/produkt\/kvinnekamp\/#primaryimage"},"image":{"@id":"https:\/\/www.nb.no\/nettbutikk\/produkt\/kvinnekamp\/#primaryimage"},"thumbnailUrl":"https:\/\/www.nb.no\/content\/uploads\/sites\/5\/2022\/10\/E6mp-pifWn-U4mniGoxN3v_N_3Ic7pZvNzWXmoCQU_4EdNOq47Z8z7_eJDV5F5OYniqlQ7iKgg66HG0LAohAbA.jpg","datePublished":"2022-10-11T07:15:54+00:00","dateModified":"2026-04-20T09:08:28+00:00","breadcrumb":{"@id":"https:\/\/www.nb.no\/nettbutikk\/produkt\/kvinnekamp\/#breadcrumb"},"inLanguage":"nb-NO","potentialAction":[{"@type":"ReadAction","target":["https:\/\/www.nb.no\/nettbutikk\/produkt\/kvinnekamp\/"]}]},{"@type":"ImageObject","inLanguage":"nb-NO","@id":"https:\/\/www.nb.no\/nettbutikk\/produkt\/kvinnekamp\/#primaryimage","url":"https:\/\/www.nb.no\/content\/uploads\/sites\/5\/2022\/10\/E6mp-pifWn-U4mniGoxN3v_N_3Ic7pZvNzWXmoCQU_4EdNOq47Z8z7_eJDV5F5OYniqlQ7iKgg66HG0LAohAbA.jpg","contentUrl":"https:\/\/www.nb.no\/content\/uploads\/sites\/5\/2022\/10\/E6mp-pifWn-U4mniGoxN3v_N_3Ic7pZvNzWXmoCQU_4EdNOq47Z8z7_eJDV5F5OYniqlQ7iKgg66HG0LAohAbA.jpg","width":900,"height":1220,"caption":"Kvinnekamp"},{"@type":"BreadcrumbList","@id":"https:\/\/www.nb.no\/nettbutikk\/produkt\/kvinnekamp\/#breadcrumb","itemListElement":[{"@type":"ListItem","position":1,"name":"Home","item":"https:\/\/www.nb.no\/nettbutikk\/"},{"@type":"ListItem","position":2,"name":"Butikk","item":"https:\/\/www.nb.no\/nettbutikk\/butikk\/"},{"@type":"ListItem","position":3,"name":"Kvinnekamp"}]},{"@type":"WebSite","@id":"https:\/\/www.nb.no\/nettbutikk\/#website","url":"https:\/\/www.nb.no\/nettbutikk\/","name":"NB Nettbutikk","description":"","potentialAction":[{"@type":"SearchAction","target":{"@type":"EntryPoint","urlTemplate":"https:\/\/www.nb.no\/nettbutikk\/?s={search_term_string}"},"query-input":{"@type":"PropertyValueSpecification","valueRequired":true,"valueName":"search_term_string"}}],"inLanguage":"nb-NO"}]}},"_links":{"self":[{"href":"https:\/\/www.nb.no\/nettbutikk\/wp-json\/wp\/v2\/product\/15158","targetHints":{"allow":["GET"]}}],"collection":[{"href":"https:\/\/www.nb.no\/nettbutikk\/wp-json\/wp\/v2\/product"}],"about":[{"href":"https:\/\/www.nb.no\/nettbutikk\/wp-json\/wp\/v2\/types\/product"}],"wp:featuredmedia":[{"embeddable":true,"href":"https:\/\/www.nb.no\/nettbutikk\/wp-json\/wp\/v2\/media\/15155"}],"wp:attachment":[{"href":"https:\/\/www.nb.no\/nettbutikk\/wp-json\/wp\/v2\/media?parent=15158"}],"wp:term":[{"taxonomy":"product_brand","embeddable":true,"href":"https:\/\/www.nb.no\/nettbutikk\/wp-json\/wp\/v2\/product_brand?post=15158"},{"taxonomy":"product_cat","embeddable":true,"href":"https:\/\/www.nb.no\/nettbutikk\/wp-json\/wp\/v2\/product_cat?post=15158"},{"taxonomy":"product_tag","embeddable":true,"href":"https:\/\/www.nb.no\/nettbutikk\/wp-json\/wp\/v2\/product_tag?post=15158"}],"curies":[{"name":"wp","href":"https:\/\/api.w.org\/{rel}","templated":true}]}}