{"id":15128,"date":"2022-10-11T09:15:46","date_gmt":"2022-10-11T07:15:46","guid":{"rendered":"https:\/\/www.nb.no\/nettbutikk\/produkt\/kjersti-annesdatter-skomsvold-leser-aksel-sandemose\/"},"modified":"2026-04-15T08:19:14","modified_gmt":"2026-04-15T06:19:14","slug":"kjersti-annesdatter-skomsvold-leser-aksel-sandemose","status":"publish","type":"product","link":"https:\/\/www.nb.no\/nettbutikk\/produkt\/kjersti-annesdatter-skomsvold-leser-aksel-sandemose\/","title":{"rendered":"Kjersti Annesdatter Skomsvold leser Aksel Sandemose"},"content":{"rendered":"","protected":false},"excerpt":{"rendered":"<p>\u00ab\u2018Jeg er en som ikke turde g\u00e5 under\u2019, skriver han i notatene, og det tror jeg p\u00e5, det kan jeg kjenne meg igjen i!\u00bb <\/p>\n<p>Kjersti Annesdatter Skomsvold har lest Aksel Sandemose, og skriver om det faretruende ved \u00e5 forlate faste rammer til fordel for det tomme rommet foran seg, og om \u00e5 fors\u00f8ke \u00e5 omskape det til tekst med mening og substans.<\/p>\n","protected":false},"featured_media":15125,"template":"","meta":{"nb_hide_title":false,"nb_breadcrumb_title_override":""},"product_brand":[],"product_cat":[190],"product_tag":[3825],"class_list":{"0":"post-15128","1":"product","2":"type-product","3":"status-publish","4":"has-post-thumbnail","6":"product_cat-fortidens-folkelesning","7":"product_tag-litteratur","9":"first","10":"instock","11":"shipping-taxable","12":"purchasable","13":"product-type-simple"},"yoast_head":"<!-- This site is optimized with the Yoast SEO plugin v27.1.1 - https:\/\/yoast.com\/product\/yoast-seo-wordpress\/ -->\n<title>Kjersti Annesdatter Skomsvold leser Aksel Sandemose - NB Nettbutikk<\/title>\n<meta name=\"robots\" content=\"index, follow, max-snippet:-1, max-image-preview:large, max-video-preview:-1\" \/>\n<link rel=\"canonical\" href=\"https:\/\/www.nb.no\/nettbutikk\/produkt\/kjersti-annesdatter-skomsvold-leser-aksel-sandemose\/\" \/>\n<meta property=\"og:locale\" content=\"nb_NO\" \/>\n<meta property=\"og:type\" content=\"article\" \/>\n<meta property=\"og:title\" content=\"Kjersti Annesdatter Skomsvold leser Aksel Sandemose - NB Nettbutikk\" \/>\n<meta property=\"og:description\" content=\"\u00ab\u2018Jeg er en som ikke turde g\u00e5 under\u2019, skriver han i notatene, og det tror jeg p\u00e5, det kan jeg kjenne meg igjen i!\u00bb  Kjersti Annesdatter Skomsvold har lest Aksel Sandemose, og skriver om det faretruende ved \u00e5 forlate faste rammer til fordel for det tomme rommet foran seg, og om \u00e5 fors\u00f8ke \u00e5 omskape det til tekst med mening og substans.\" \/>\n<meta property=\"og:url\" content=\"https:\/\/www.nb.no\/nettbutikk\/produkt\/kjersti-annesdatter-skomsvold-leser-aksel-sandemose\/\" \/>\n<meta property=\"og:site_name\" content=\"NB Nettbutikk\" \/>\n<meta property=\"article:modified_time\" content=\"2026-04-15T06:19:14+00:00\" \/>\n<meta property=\"og:image\" content=\"https:\/\/www.nb.no\/content\/uploads\/sites\/5\/2022\/10\/E6mp-pifWn-U4mniGoxN3v_N_3Ic7pZvNzWXmtfNA_xdcdT5uLIsmbbedTMsEMfAyyOqF-2MjQ-zGGlZAohAbA.jpg\" \/>\n\t<meta property=\"og:image:width\" content=\"1304\" \/>\n\t<meta property=\"og:image:height\" content=\"1859\" \/>\n\t<meta property=\"og:image:type\" content=\"image\/jpeg\" \/>\n<meta name=\"twitter:card\" content=\"summary_large_image\" \/>\n<meta name=\"twitter:label1\" content=\"Ansl. lesetid\" \/>\n\t<meta name=\"twitter:data1\" content=\"1 minutt\" \/>\n<script type=\"application\/ld+json\" class=\"yoast-schema-graph\">{\"@context\":\"https:\/\/schema.org\",\"@graph\":[{\"@type\":\"WebPage\",\"@id\":\"https:\/\/www.nb.no\/nettbutikk\/produkt\/kjersti-annesdatter-skomsvold-leser-aksel-sandemose\/\",\"url\":\"https:\/\/www.nb.no\/nettbutikk\/produkt\/kjersti-annesdatter-skomsvold-leser-aksel-sandemose\/\",\"name\":\"Kjersti Annesdatter Skomsvold leser Aksel Sandemose - NB Nettbutikk\",\"isPartOf\":{\"@id\":\"https:\/\/www.nb.no\/nettbutikk\/#website\"},\"primaryImageOfPage\":{\"@id\":\"https:\/\/www.nb.no\/nettbutikk\/produkt\/kjersti-annesdatter-skomsvold-leser-aksel-sandemose\/#primaryimage\"},\"image\":{\"@id\":\"https:\/\/www.nb.no\/nettbutikk\/produkt\/kjersti-annesdatter-skomsvold-leser-aksel-sandemose\/#primaryimage\"},\"thumbnailUrl\":\"https:\/\/www.nb.no\/content\/uploads\/sites\/5\/2022\/10\/E6mp-pifWn-U4mniGoxN3v_N_3Ic7pZvNzWXmtfNA_xdcdT5uLIsmbbedTMsEMfAyyOqF-2MjQ-zGGlZAohAbA.jpg\",\"datePublished\":\"2022-10-11T07:15:46+00:00\",\"dateModified\":\"2026-04-15T06:19:14+00:00\",\"breadcrumb\":{\"@id\":\"https:\/\/www.nb.no\/nettbutikk\/produkt\/kjersti-annesdatter-skomsvold-leser-aksel-sandemose\/#breadcrumb\"},\"inLanguage\":\"nb-NO\",\"potentialAction\":[{\"@type\":\"ReadAction\",\"target\":[\"https:\/\/www.nb.no\/nettbutikk\/produkt\/kjersti-annesdatter-skomsvold-leser-aksel-sandemose\/\"]}]},{\"@type\":\"ImageObject\",\"inLanguage\":\"nb-NO\",\"@id\":\"https:\/\/www.nb.no\/nettbutikk\/produkt\/kjersti-annesdatter-skomsvold-leser-aksel-sandemose\/#primaryimage\",\"url\":\"https:\/\/www.nb.no\/content\/uploads\/sites\/5\/2022\/10\/E6mp-pifWn-U4mniGoxN3v_N_3Ic7pZvNzWXmtfNA_xdcdT5uLIsmbbedTMsEMfAyyOqF-2MjQ-zGGlZAohAbA.jpg\",\"contentUrl\":\"https:\/\/www.nb.no\/content\/uploads\/sites\/5\/2022\/10\/E6mp-pifWn-U4mniGoxN3v_N_3Ic7pZvNzWXmtfNA_xdcdT5uLIsmbbedTMsEMfAyyOqF-2MjQ-zGGlZAohAbA.jpg\",\"width\":1304,\"height\":1859,\"caption\":\"Kjersti Annesdatter Skomsvold leser Aksel Sandemose\"},{\"@type\":\"BreadcrumbList\",\"@id\":\"https:\/\/www.nb.no\/nettbutikk\/produkt\/kjersti-annesdatter-skomsvold-leser-aksel-sandemose\/#breadcrumb\",\"itemListElement\":[{\"@type\":\"ListItem\",\"position\":1,\"name\":\"Home\",\"item\":\"https:\/\/www.nb.no\/nettbutikk\/\"},{\"@type\":\"ListItem\",\"position\":2,\"name\":\"Butikk\",\"item\":\"https:\/\/www.nb.no\/nettbutikk\/butikk\/\"},{\"@type\":\"ListItem\",\"position\":3,\"name\":\"Kjersti Annesdatter Skomsvold leser Aksel Sandemose\"}]},{\"@type\":\"WebSite\",\"@id\":\"https:\/\/www.nb.no\/nettbutikk\/#website\",\"url\":\"https:\/\/www.nb.no\/nettbutikk\/\",\"name\":\"NB Nettbutikk\",\"description\":\"\",\"potentialAction\":[{\"@type\":\"SearchAction\",\"target\":{\"@type\":\"EntryPoint\",\"urlTemplate\":\"https:\/\/www.nb.no\/nettbutikk\/?s={search_term_string}\"},\"query-input\":{\"@type\":\"PropertyValueSpecification\",\"valueRequired\":true,\"valueName\":\"search_term_string\"}}],\"inLanguage\":\"nb-NO\"}]}<\/script>\n<!-- \/ Yoast SEO plugin. -->","yoast_head_json":{"title":"Kjersti Annesdatter Skomsvold leser Aksel Sandemose - NB Nettbutikk","robots":{"index":"index","follow":"follow","max-snippet":"max-snippet:-1","max-image-preview":"max-image-preview:large","max-video-preview":"max-video-preview:-1"},"canonical":"https:\/\/www.nb.no\/nettbutikk\/produkt\/kjersti-annesdatter-skomsvold-leser-aksel-sandemose\/","og_locale":"nb_NO","og_type":"article","og_title":"Kjersti Annesdatter Skomsvold leser Aksel Sandemose - NB Nettbutikk","og_description":"\u00ab\u2018Jeg er en som ikke turde g\u00e5 under\u2019, skriver han i notatene, og det tror jeg p\u00e5, det kan jeg kjenne meg igjen i!\u00bb  Kjersti Annesdatter Skomsvold har lest Aksel Sandemose, og skriver om det faretruende ved \u00e5 forlate faste rammer til fordel for det tomme rommet foran seg, og om \u00e5 fors\u00f8ke \u00e5 omskape det til tekst med mening og substans.","og_url":"https:\/\/www.nb.no\/nettbutikk\/produkt\/kjersti-annesdatter-skomsvold-leser-aksel-sandemose\/","og_site_name":"NB Nettbutikk","article_modified_time":"2026-04-15T06:19:14+00:00","og_image":[{"width":1304,"height":1859,"url":"https:\/\/www.nb.no\/content\/uploads\/sites\/5\/2022\/10\/E6mp-pifWn-U4mniGoxN3v_N_3Ic7pZvNzWXmtfNA_xdcdT5uLIsmbbedTMsEMfAyyOqF-2MjQ-zGGlZAohAbA.jpg","type":"image\/jpeg"}],"twitter_card":"summary_large_image","twitter_misc":{"Ansl. lesetid":"1 minutt"},"schema":{"@context":"https:\/\/schema.org","@graph":[{"@type":"WebPage","@id":"https:\/\/www.nb.no\/nettbutikk\/produkt\/kjersti-annesdatter-skomsvold-leser-aksel-sandemose\/","url":"https:\/\/www.nb.no\/nettbutikk\/produkt\/kjersti-annesdatter-skomsvold-leser-aksel-sandemose\/","name":"Kjersti Annesdatter Skomsvold leser Aksel Sandemose - NB Nettbutikk","isPartOf":{"@id":"https:\/\/www.nb.no\/nettbutikk\/#website"},"primaryImageOfPage":{"@id":"https:\/\/www.nb.no\/nettbutikk\/produkt\/kjersti-annesdatter-skomsvold-leser-aksel-sandemose\/#primaryimage"},"image":{"@id":"https:\/\/www.nb.no\/nettbutikk\/produkt\/kjersti-annesdatter-skomsvold-leser-aksel-sandemose\/#primaryimage"},"thumbnailUrl":"https:\/\/www.nb.no\/content\/uploads\/sites\/5\/2022\/10\/E6mp-pifWn-U4mniGoxN3v_N_3Ic7pZvNzWXmtfNA_xdcdT5uLIsmbbedTMsEMfAyyOqF-2MjQ-zGGlZAohAbA.jpg","datePublished":"2022-10-11T07:15:46+00:00","dateModified":"2026-04-15T06:19:14+00:00","breadcrumb":{"@id":"https:\/\/www.nb.no\/nettbutikk\/produkt\/kjersti-annesdatter-skomsvold-leser-aksel-sandemose\/#breadcrumb"},"inLanguage":"nb-NO","potentialAction":[{"@type":"ReadAction","target":["https:\/\/www.nb.no\/nettbutikk\/produkt\/kjersti-annesdatter-skomsvold-leser-aksel-sandemose\/"]}]},{"@type":"ImageObject","inLanguage":"nb-NO","@id":"https:\/\/www.nb.no\/nettbutikk\/produkt\/kjersti-annesdatter-skomsvold-leser-aksel-sandemose\/#primaryimage","url":"https:\/\/www.nb.no\/content\/uploads\/sites\/5\/2022\/10\/E6mp-pifWn-U4mniGoxN3v_N_3Ic7pZvNzWXmtfNA_xdcdT5uLIsmbbedTMsEMfAyyOqF-2MjQ-zGGlZAohAbA.jpg","contentUrl":"https:\/\/www.nb.no\/content\/uploads\/sites\/5\/2022\/10\/E6mp-pifWn-U4mniGoxN3v_N_3Ic7pZvNzWXmtfNA_xdcdT5uLIsmbbedTMsEMfAyyOqF-2MjQ-zGGlZAohAbA.jpg","width":1304,"height":1859,"caption":"Kjersti Annesdatter Skomsvold leser Aksel Sandemose"},{"@type":"BreadcrumbList","@id":"https:\/\/www.nb.no\/nettbutikk\/produkt\/kjersti-annesdatter-skomsvold-leser-aksel-sandemose\/#breadcrumb","itemListElement":[{"@type":"ListItem","position":1,"name":"Home","item":"https:\/\/www.nb.no\/nettbutikk\/"},{"@type":"ListItem","position":2,"name":"Butikk","item":"https:\/\/www.nb.no\/nettbutikk\/butikk\/"},{"@type":"ListItem","position":3,"name":"Kjersti Annesdatter Skomsvold leser Aksel Sandemose"}]},{"@type":"WebSite","@id":"https:\/\/www.nb.no\/nettbutikk\/#website","url":"https:\/\/www.nb.no\/nettbutikk\/","name":"NB Nettbutikk","description":"","potentialAction":[{"@type":"SearchAction","target":{"@type":"EntryPoint","urlTemplate":"https:\/\/www.nb.no\/nettbutikk\/?s={search_term_string}"},"query-input":{"@type":"PropertyValueSpecification","valueRequired":true,"valueName":"search_term_string"}}],"inLanguage":"nb-NO"}]}},"_links":{"self":[{"href":"https:\/\/www.nb.no\/nettbutikk\/wp-json\/wp\/v2\/product\/15128","targetHints":{"allow":["GET"]}}],"collection":[{"href":"https:\/\/www.nb.no\/nettbutikk\/wp-json\/wp\/v2\/product"}],"about":[{"href":"https:\/\/www.nb.no\/nettbutikk\/wp-json\/wp\/v2\/types\/product"}],"wp:featuredmedia":[{"embeddable":true,"href":"https:\/\/www.nb.no\/nettbutikk\/wp-json\/wp\/v2\/media\/15125"}],"wp:attachment":[{"href":"https:\/\/www.nb.no\/nettbutikk\/wp-json\/wp\/v2\/media?parent=15128"}],"wp:term":[{"taxonomy":"product_brand","embeddable":true,"href":"https:\/\/www.nb.no\/nettbutikk\/wp-json\/wp\/v2\/product_brand?post=15128"},{"taxonomy":"product_cat","embeddable":true,"href":"https:\/\/www.nb.no\/nettbutikk\/wp-json\/wp\/v2\/product_cat?post=15128"},{"taxonomy":"product_tag","embeddable":true,"href":"https:\/\/www.nb.no\/nettbutikk\/wp-json\/wp\/v2\/product_tag?post=15128"}],"curies":[{"name":"wp","href":"https:\/\/api.w.org\/{rel}","templated":true}]}}