{"id":15122,"date":"2022-10-11T09:15:45","date_gmt":"2022-10-11T07:15:45","guid":{"rendered":"https:\/\/www.nb.no\/nettbutikk\/produkt\/mordet-pa-maskinbygger-roolfsen\/"},"modified":"2026-04-20T11:08:28","modified_gmt":"2026-04-20T09:08:28","slug":"mordet-pa-maskinbygger-roolfsen","status":"publish","type":"product","link":"https:\/\/www.nb.no\/nettbutikk\/produkt\/mordet-pa-maskinbygger-roolfsen\/","title":{"rendered":"Mordet p\u00e5 maskinbygger Roolfsen"},"content":{"rendered":"","protected":false},"excerpt":{"rendered":"<p>I gruvebyen Kongsberg har den unge og kjekke maskinbygger Roolfsen forsvunnet, og enkelte har \u00e5penbare motiv for \u00e5 \u00f8nske ham d\u00f8d. Det som er Norges \u2013 og kanskje verdens \u2013 f\u00f8rste kriminalroman, ble skrevet av Maurits Hansen i 1839. Den skildrer en mystisk forsvinning, et mulig mord og en politisjef som uten respekt for autoriteter jakter p\u00e5 sannheten i et klassedelt samfunn. I et dramatisk h\u00f8ydepunkt gjennomf\u00f8res norsk kriminallitteraturs f\u00f8rste rettstekniske unders\u00f8kelse av byens apoteker. Men er Roolfsen virkelig drept? Hvor er i s\u00e5 fall liket?<\/p>\n","protected":false},"featured_media":15119,"template":"","meta":{"nb_hide_title":false,"nb_breadcrumb_title_override":""},"product_brand":[],"product_cat":[196],"product_tag":[3825],"class_list":{"0":"post-15122","1":"product","2":"type-product","3":"status-publish","4":"has-post-thumbnail","6":"product_cat-nbs-krimklassikere","7":"product_tag-litteratur","9":"first","10":"instock","11":"shipping-taxable","12":"purchasable","13":"product-type-simple"},"yoast_head":"<!-- This site is optimized with the Yoast SEO plugin v27.1.1 - https:\/\/yoast.com\/product\/yoast-seo-wordpress\/ -->\n<title>Mordet p\u00e5 maskinbygger Roolfsen - NB Nettbutikk<\/title>\n<meta name=\"robots\" content=\"index, follow, max-snippet:-1, max-image-preview:large, max-video-preview:-1\" \/>\n<link rel=\"canonical\" href=\"https:\/\/www.nb.no\/nettbutikk\/produkt\/mordet-pa-maskinbygger-roolfsen\/\" \/>\n<meta property=\"og:locale\" content=\"nb_NO\" \/>\n<meta property=\"og:type\" content=\"article\" \/>\n<meta property=\"og:title\" content=\"Mordet p\u00e5 maskinbygger Roolfsen - NB Nettbutikk\" \/>\n<meta property=\"og:description\" content=\"I gruvebyen Kongsberg har den unge og kjekke maskinbygger Roolfsen forsvunnet, og enkelte har \u00e5penbare motiv for \u00e5 \u00f8nske ham d\u00f8d. Det som er Norges \u2013 og kanskje verdens \u2013 f\u00f8rste kriminalroman, ble skrevet av Maurits Hansen i 1839. Den skildrer en mystisk forsvinning, et mulig mord og en politisjef som uten respekt for autoriteter jakter p\u00e5 sannheten i et klassedelt samfunn. I et dramatisk h\u00f8ydepunkt gjennomf\u00f8res norsk kriminallitteraturs f\u00f8rste rettstekniske unders\u00f8kelse av byens apoteker. Men er Roolfsen virkelig drept? Hvor er i s\u00e5 fall liket?\" \/>\n<meta property=\"og:url\" content=\"https:\/\/www.nb.no\/nettbutikk\/produkt\/mordet-pa-maskinbygger-roolfsen\/\" \/>\n<meta property=\"og:site_name\" content=\"NB Nettbutikk\" \/>\n<meta property=\"article:modified_time\" content=\"2026-04-20T09:08:28+00:00\" \/>\n<meta property=\"og:image\" content=\"https:\/\/www.nb.no\/content\/uploads\/sites\/5\/2022\/10\/E6mp-pifWn-U4mniGoxN3v_N_3Ic7pZvNzWXmoeYU_pSdoGl4-B_yOPYdDUoQ52YzXmlQrmJiAmwGW5fAohAbA.jpg\" \/>\n\t<meta property=\"og:image:width\" content=\"800\" \/>\n\t<meta property=\"og:image:height\" content=\"1262\" \/>\n\t<meta property=\"og:image:type\" content=\"image\/jpeg\" \/>\n<meta name=\"twitter:card\" content=\"summary_large_image\" \/>\n<meta name=\"twitter:label1\" content=\"Ansl. lesetid\" \/>\n\t<meta name=\"twitter:data1\" content=\"1 minutt\" \/>\n<script type=\"application\/ld+json\" class=\"yoast-schema-graph\">{\"@context\":\"https:\/\/schema.org\",\"@graph\":[{\"@type\":\"WebPage\",\"@id\":\"https:\/\/www.nb.no\/nettbutikk\/produkt\/mordet-pa-maskinbygger-roolfsen\/\",\"url\":\"https:\/\/www.nb.no\/nettbutikk\/produkt\/mordet-pa-maskinbygger-roolfsen\/\",\"name\":\"Mordet p\u00e5 maskinbygger Roolfsen - NB Nettbutikk\",\"isPartOf\":{\"@id\":\"https:\/\/www.nb.no\/nettbutikk\/#website\"},\"primaryImageOfPage\":{\"@id\":\"https:\/\/www.nb.no\/nettbutikk\/produkt\/mordet-pa-maskinbygger-roolfsen\/#primaryimage\"},\"image\":{\"@id\":\"https:\/\/www.nb.no\/nettbutikk\/produkt\/mordet-pa-maskinbygger-roolfsen\/#primaryimage\"},\"thumbnailUrl\":\"https:\/\/www.nb.no\/content\/uploads\/sites\/5\/2022\/10\/E6mp-pifWn-U4mniGoxN3v_N_3Ic7pZvNzWXmoeYU_pSdoGl4-B_yOPYdDUoQ52YzXmlQrmJiAmwGW5fAohAbA.jpg\",\"datePublished\":\"2022-10-11T07:15:45+00:00\",\"dateModified\":\"2026-04-20T09:08:28+00:00\",\"breadcrumb\":{\"@id\":\"https:\/\/www.nb.no\/nettbutikk\/produkt\/mordet-pa-maskinbygger-roolfsen\/#breadcrumb\"},\"inLanguage\":\"nb-NO\",\"potentialAction\":[{\"@type\":\"ReadAction\",\"target\":[\"https:\/\/www.nb.no\/nettbutikk\/produkt\/mordet-pa-maskinbygger-roolfsen\/\"]}]},{\"@type\":\"ImageObject\",\"inLanguage\":\"nb-NO\",\"@id\":\"https:\/\/www.nb.no\/nettbutikk\/produkt\/mordet-pa-maskinbygger-roolfsen\/#primaryimage\",\"url\":\"https:\/\/www.nb.no\/content\/uploads\/sites\/5\/2022\/10\/E6mp-pifWn-U4mniGoxN3v_N_3Ic7pZvNzWXmoeYU_pSdoGl4-B_yOPYdDUoQ52YzXmlQrmJiAmwGW5fAohAbA.jpg\",\"contentUrl\":\"https:\/\/www.nb.no\/content\/uploads\/sites\/5\/2022\/10\/E6mp-pifWn-U4mniGoxN3v_N_3Ic7pZvNzWXmoeYU_pSdoGl4-B_yOPYdDUoQ52YzXmlQrmJiAmwGW5fAohAbA.jpg\",\"width\":800,\"height\":1262,\"caption\":\"Mordet p\u00e5 maskinbygger Roolfsen\"},{\"@type\":\"BreadcrumbList\",\"@id\":\"https:\/\/www.nb.no\/nettbutikk\/produkt\/mordet-pa-maskinbygger-roolfsen\/#breadcrumb\",\"itemListElement\":[{\"@type\":\"ListItem\",\"position\":1,\"name\":\"Home\",\"item\":\"https:\/\/www.nb.no\/nettbutikk\/\"},{\"@type\":\"ListItem\",\"position\":2,\"name\":\"Butikk\",\"item\":\"https:\/\/www.nb.no\/nettbutikk\/butikk\/\"},{\"@type\":\"ListItem\",\"position\":3,\"name\":\"Mordet p\u00e5 maskinbygger Roolfsen\"}]},{\"@type\":\"WebSite\",\"@id\":\"https:\/\/www.nb.no\/nettbutikk\/#website\",\"url\":\"https:\/\/www.nb.no\/nettbutikk\/\",\"name\":\"NB Nettbutikk\",\"description\":\"\",\"potentialAction\":[{\"@type\":\"SearchAction\",\"target\":{\"@type\":\"EntryPoint\",\"urlTemplate\":\"https:\/\/www.nb.no\/nettbutikk\/?s={search_term_string}\"},\"query-input\":{\"@type\":\"PropertyValueSpecification\",\"valueRequired\":true,\"valueName\":\"search_term_string\"}}],\"inLanguage\":\"nb-NO\"}]}<\/script>\n<!-- \/ Yoast SEO plugin. -->","yoast_head_json":{"title":"Mordet p\u00e5 maskinbygger Roolfsen - NB Nettbutikk","robots":{"index":"index","follow":"follow","max-snippet":"max-snippet:-1","max-image-preview":"max-image-preview:large","max-video-preview":"max-video-preview:-1"},"canonical":"https:\/\/www.nb.no\/nettbutikk\/produkt\/mordet-pa-maskinbygger-roolfsen\/","og_locale":"nb_NO","og_type":"article","og_title":"Mordet p\u00e5 maskinbygger Roolfsen - NB Nettbutikk","og_description":"I gruvebyen Kongsberg har den unge og kjekke maskinbygger Roolfsen forsvunnet, og enkelte har \u00e5penbare motiv for \u00e5 \u00f8nske ham d\u00f8d. Det som er Norges \u2013 og kanskje verdens \u2013 f\u00f8rste kriminalroman, ble skrevet av Maurits Hansen i 1839. Den skildrer en mystisk forsvinning, et mulig mord og en politisjef som uten respekt for autoriteter jakter p\u00e5 sannheten i et klassedelt samfunn. I et dramatisk h\u00f8ydepunkt gjennomf\u00f8res norsk kriminallitteraturs f\u00f8rste rettstekniske unders\u00f8kelse av byens apoteker. Men er Roolfsen virkelig drept? Hvor er i s\u00e5 fall liket?","og_url":"https:\/\/www.nb.no\/nettbutikk\/produkt\/mordet-pa-maskinbygger-roolfsen\/","og_site_name":"NB Nettbutikk","article_modified_time":"2026-04-20T09:08:28+00:00","og_image":[{"width":800,"height":1262,"url":"https:\/\/www.nb.no\/content\/uploads\/sites\/5\/2022\/10\/E6mp-pifWn-U4mniGoxN3v_N_3Ic7pZvNzWXmoeYU_pSdoGl4-B_yOPYdDUoQ52YzXmlQrmJiAmwGW5fAohAbA.jpg","type":"image\/jpeg"}],"twitter_card":"summary_large_image","twitter_misc":{"Ansl. lesetid":"1 minutt"},"schema":{"@context":"https:\/\/schema.org","@graph":[{"@type":"WebPage","@id":"https:\/\/www.nb.no\/nettbutikk\/produkt\/mordet-pa-maskinbygger-roolfsen\/","url":"https:\/\/www.nb.no\/nettbutikk\/produkt\/mordet-pa-maskinbygger-roolfsen\/","name":"Mordet p\u00e5 maskinbygger Roolfsen - NB Nettbutikk","isPartOf":{"@id":"https:\/\/www.nb.no\/nettbutikk\/#website"},"primaryImageOfPage":{"@id":"https:\/\/www.nb.no\/nettbutikk\/produkt\/mordet-pa-maskinbygger-roolfsen\/#primaryimage"},"image":{"@id":"https:\/\/www.nb.no\/nettbutikk\/produkt\/mordet-pa-maskinbygger-roolfsen\/#primaryimage"},"thumbnailUrl":"https:\/\/www.nb.no\/content\/uploads\/sites\/5\/2022\/10\/E6mp-pifWn-U4mniGoxN3v_N_3Ic7pZvNzWXmoeYU_pSdoGl4-B_yOPYdDUoQ52YzXmlQrmJiAmwGW5fAohAbA.jpg","datePublished":"2022-10-11T07:15:45+00:00","dateModified":"2026-04-20T09:08:28+00:00","breadcrumb":{"@id":"https:\/\/www.nb.no\/nettbutikk\/produkt\/mordet-pa-maskinbygger-roolfsen\/#breadcrumb"},"inLanguage":"nb-NO","potentialAction":[{"@type":"ReadAction","target":["https:\/\/www.nb.no\/nettbutikk\/produkt\/mordet-pa-maskinbygger-roolfsen\/"]}]},{"@type":"ImageObject","inLanguage":"nb-NO","@id":"https:\/\/www.nb.no\/nettbutikk\/produkt\/mordet-pa-maskinbygger-roolfsen\/#primaryimage","url":"https:\/\/www.nb.no\/content\/uploads\/sites\/5\/2022\/10\/E6mp-pifWn-U4mniGoxN3v_N_3Ic7pZvNzWXmoeYU_pSdoGl4-B_yOPYdDUoQ52YzXmlQrmJiAmwGW5fAohAbA.jpg","contentUrl":"https:\/\/www.nb.no\/content\/uploads\/sites\/5\/2022\/10\/E6mp-pifWn-U4mniGoxN3v_N_3Ic7pZvNzWXmoeYU_pSdoGl4-B_yOPYdDUoQ52YzXmlQrmJiAmwGW5fAohAbA.jpg","width":800,"height":1262,"caption":"Mordet p\u00e5 maskinbygger Roolfsen"},{"@type":"BreadcrumbList","@id":"https:\/\/www.nb.no\/nettbutikk\/produkt\/mordet-pa-maskinbygger-roolfsen\/#breadcrumb","itemListElement":[{"@type":"ListItem","position":1,"name":"Home","item":"https:\/\/www.nb.no\/nettbutikk\/"},{"@type":"ListItem","position":2,"name":"Butikk","item":"https:\/\/www.nb.no\/nettbutikk\/butikk\/"},{"@type":"ListItem","position":3,"name":"Mordet p\u00e5 maskinbygger Roolfsen"}]},{"@type":"WebSite","@id":"https:\/\/www.nb.no\/nettbutikk\/#website","url":"https:\/\/www.nb.no\/nettbutikk\/","name":"NB Nettbutikk","description":"","potentialAction":[{"@type":"SearchAction","target":{"@type":"EntryPoint","urlTemplate":"https:\/\/www.nb.no\/nettbutikk\/?s={search_term_string}"},"query-input":{"@type":"PropertyValueSpecification","valueRequired":true,"valueName":"search_term_string"}}],"inLanguage":"nb-NO"}]}},"_links":{"self":[{"href":"https:\/\/www.nb.no\/nettbutikk\/wp-json\/wp\/v2\/product\/15122","targetHints":{"allow":["GET"]}}],"collection":[{"href":"https:\/\/www.nb.no\/nettbutikk\/wp-json\/wp\/v2\/product"}],"about":[{"href":"https:\/\/www.nb.no\/nettbutikk\/wp-json\/wp\/v2\/types\/product"}],"wp:featuredmedia":[{"embeddable":true,"href":"https:\/\/www.nb.no\/nettbutikk\/wp-json\/wp\/v2\/media\/15119"}],"wp:attachment":[{"href":"https:\/\/www.nb.no\/nettbutikk\/wp-json\/wp\/v2\/media?parent=15122"}],"wp:term":[{"taxonomy":"product_brand","embeddable":true,"href":"https:\/\/www.nb.no\/nettbutikk\/wp-json\/wp\/v2\/product_brand?post=15122"},{"taxonomy":"product_cat","embeddable":true,"href":"https:\/\/www.nb.no\/nettbutikk\/wp-json\/wp\/v2\/product_cat?post=15122"},{"taxonomy":"product_tag","embeddable":true,"href":"https:\/\/www.nb.no\/nettbutikk\/wp-json\/wp\/v2\/product_tag?post=15122"}],"curies":[{"name":"wp","href":"https:\/\/api.w.org\/{rel}","templated":true}]}}