{"id":15116,"date":"2022-10-11T09:15:43","date_gmt":"2022-10-11T07:15:43","guid":{"rendered":"https:\/\/www.nb.no\/nettbutikk\/produkt\/det-forste-skritt\/"},"modified":"2026-04-15T08:19:14","modified_gmt":"2026-04-15T06:19:14","slug":"det-forste-skritt","status":"publish","type":"product","link":"https:\/\/www.nb.no\/nettbutikk\/produkt\/det-forste-skritt\/","title":{"rendered":"Det f\u00f8rste skritt"},"content":{"rendered":"","protected":false},"excerpt":{"rendered":"<p>Br\u00f8drene Ernst og Alexander vokser opp p\u00e5 en liten g\u00e5rd i Tr\u00f8ndelag. Eldstemann Alexander, som skal arve g\u00e5rden, er \u00e6rlig og arbeidsom. Ernst snubler tidlig inn i en forbryterkarriere, lokket av sin egen latskap og hang til spill og forlystelser. Det skal vise seg \u00e5 f\u00e5 de mest forferdelige konsekvenser. I denne utgivelsen fra 1844, som kokebokforfatteren Hanna Winsnes skrev under pseudonymet Hugo Schwartz, skildrer hun sine karakterer med humor og empati i en krim som kretser rundt de store sp\u00f8rsm\u00e5lene: livet, d\u00f8den og kj\u00e6rligheten.<\/p>\n","protected":false},"featured_media":15113,"template":"","meta":{"nb_hide_title":false,"nb_breadcrumb_title_override":""},"product_brand":[],"product_cat":[196],"product_tag":[],"class_list":{"0":"post-15116","1":"product","2":"type-product","3":"status-publish","4":"has-post-thumbnail","6":"product_cat-nbs-krimklassikere","8":"first","9":"instock","10":"shipping-taxable","11":"purchasable","12":"product-type-simple"},"yoast_head":"<!-- This site is optimized with the Yoast SEO plugin v27.1.1 - https:\/\/yoast.com\/product\/yoast-seo-wordpress\/ -->\n<title>Det f\u00f8rste skritt - NB Nettbutikk<\/title>\n<meta name=\"robots\" content=\"index, follow, max-snippet:-1, max-image-preview:large, max-video-preview:-1\" \/>\n<link rel=\"canonical\" href=\"https:\/\/www.nb.no\/nettbutikk\/produkt\/det-forste-skritt\/\" \/>\n<meta property=\"og:locale\" content=\"nb_NO\" \/>\n<meta property=\"og:type\" content=\"article\" \/>\n<meta property=\"og:title\" content=\"Det f\u00f8rste skritt - NB Nettbutikk\" \/>\n<meta property=\"og:description\" content=\"Br\u00f8drene Ernst og Alexander vokser opp p\u00e5 en liten g\u00e5rd i Tr\u00f8ndelag. Eldstemann Alexander, som skal arve g\u00e5rden, er \u00e6rlig og arbeidsom. Ernst snubler tidlig inn i en forbryterkarriere, lokket av sin egen latskap og hang til spill og forlystelser. Det skal vise seg \u00e5 f\u00e5 de mest forferdelige konsekvenser. I denne utgivelsen fra 1844, som kokebokforfatteren Hanna Winsnes skrev under pseudonymet Hugo Schwartz, skildrer hun sine karakterer med humor og empati i en krim som kretser rundt de store sp\u00f8rsm\u00e5lene: livet, d\u00f8den og kj\u00e6rligheten.\" \/>\n<meta property=\"og:url\" content=\"https:\/\/www.nb.no\/nettbutikk\/produkt\/det-forste-skritt\/\" \/>\n<meta property=\"og:site_name\" content=\"NB Nettbutikk\" \/>\n<meta property=\"article:modified_time\" content=\"2026-04-15T06:19:14+00:00\" \/>\n<meta name=\"twitter:card\" content=\"summary_large_image\" \/>\n<script type=\"application\/ld+json\" class=\"yoast-schema-graph\">{\"@context\":\"https:\/\/schema.org\",\"@graph\":[{\"@type\":\"WebPage\",\"@id\":\"https:\/\/www.nb.no\/nettbutikk\/produkt\/det-forste-skritt\/\",\"url\":\"https:\/\/www.nb.no\/nettbutikk\/produkt\/det-forste-skritt\/\",\"name\":\"Det f\u00f8rste skritt - NB Nettbutikk\",\"isPartOf\":{\"@id\":\"https:\/\/www.nb.no\/nettbutikk\/#website\"},\"primaryImageOfPage\":{\"@id\":\"https:\/\/www.nb.no\/nettbutikk\/produkt\/det-forste-skritt\/#primaryimage\"},\"image\":{\"@id\":\"https:\/\/www.nb.no\/nettbutikk\/produkt\/det-forste-skritt\/#primaryimage\"},\"thumbnailUrl\":\"https:\/\/www.nb.no\/content\/uploads\/sites\/5\/2022\/10\/E6mp-pifWn-U4mniGoxN3v_N_3Ic7pZvNzWXmoLJUPlRcIWk4797z7XZIzcsQseSkS2rEu_ZiAy0HTteAohAbA.jpg\",\"datePublished\":\"2022-10-11T07:15:43+00:00\",\"dateModified\":\"2026-04-15T06:19:14+00:00\",\"breadcrumb\":{\"@id\":\"https:\/\/www.nb.no\/nettbutikk\/produkt\/det-forste-skritt\/#breadcrumb\"},\"inLanguage\":\"nb-NO\",\"potentialAction\":[{\"@type\":\"ReadAction\",\"target\":[\"https:\/\/www.nb.no\/nettbutikk\/produkt\/det-forste-skritt\/\"]}]},{\"@type\":\"ImageObject\",\"inLanguage\":\"nb-NO\",\"@id\":\"https:\/\/www.nb.no\/nettbutikk\/produkt\/det-forste-skritt\/#primaryimage\",\"url\":\"https:\/\/www.nb.no\/content\/uploads\/sites\/5\/2022\/10\/E6mp-pifWn-U4mniGoxN3v_N_3Ic7pZvNzWXmoLJUPlRcIWk4797z7XZIzcsQseSkS2rEu_ZiAy0HTteAohAbA.jpg\",\"contentUrl\":\"https:\/\/www.nb.no\/content\/uploads\/sites\/5\/2022\/10\/E6mp-pifWn-U4mniGoxN3v_N_3Ic7pZvNzWXmoLJUPlRcIWk4797z7XZIzcsQseSkS2rEu_ZiAy0HTteAohAbA.jpg\",\"width\":800,\"height\":1262,\"caption\":\"Det f\u00f8rste skritt\"},{\"@type\":\"BreadcrumbList\",\"@id\":\"https:\/\/www.nb.no\/nettbutikk\/produkt\/det-forste-skritt\/#breadcrumb\",\"itemListElement\":[{\"@type\":\"ListItem\",\"position\":1,\"name\":\"Home\",\"item\":\"https:\/\/www.nb.no\/nettbutikk\/\"},{\"@type\":\"ListItem\",\"position\":2,\"name\":\"Butikk\",\"item\":\"https:\/\/www.nb.no\/nettbutikk\/butikk\/\"},{\"@type\":\"ListItem\",\"position\":3,\"name\":\"Det f\u00f8rste skritt\"}]},{\"@type\":\"WebSite\",\"@id\":\"https:\/\/www.nb.no\/nettbutikk\/#website\",\"url\":\"https:\/\/www.nb.no\/nettbutikk\/\",\"name\":\"NB Nettbutikk\",\"description\":\"\",\"potentialAction\":[{\"@type\":\"SearchAction\",\"target\":{\"@type\":\"EntryPoint\",\"urlTemplate\":\"https:\/\/www.nb.no\/nettbutikk\/?s={search_term_string}\"},\"query-input\":{\"@type\":\"PropertyValueSpecification\",\"valueRequired\":true,\"valueName\":\"search_term_string\"}}],\"inLanguage\":\"nb-NO\"}]}<\/script>\n<!-- \/ Yoast SEO plugin. -->","yoast_head_json":{"title":"Det f\u00f8rste skritt - NB Nettbutikk","robots":{"index":"index","follow":"follow","max-snippet":"max-snippet:-1","max-image-preview":"max-image-preview:large","max-video-preview":"max-video-preview:-1"},"canonical":"https:\/\/www.nb.no\/nettbutikk\/produkt\/det-forste-skritt\/","og_locale":"nb_NO","og_type":"article","og_title":"Det f\u00f8rste skritt - NB Nettbutikk","og_description":"Br\u00f8drene Ernst og Alexander vokser opp p\u00e5 en liten g\u00e5rd i Tr\u00f8ndelag. Eldstemann Alexander, som skal arve g\u00e5rden, er \u00e6rlig og arbeidsom. Ernst snubler tidlig inn i en forbryterkarriere, lokket av sin egen latskap og hang til spill og forlystelser. Det skal vise seg \u00e5 f\u00e5 de mest forferdelige konsekvenser. I denne utgivelsen fra 1844, som kokebokforfatteren Hanna Winsnes skrev under pseudonymet Hugo Schwartz, skildrer hun sine karakterer med humor og empati i en krim som kretser rundt de store sp\u00f8rsm\u00e5lene: livet, d\u00f8den og kj\u00e6rligheten.","og_url":"https:\/\/www.nb.no\/nettbutikk\/produkt\/det-forste-skritt\/","og_site_name":"NB Nettbutikk","article_modified_time":"2026-04-15T06:19:14+00:00","twitter_card":"summary_large_image","schema":{"@context":"https:\/\/schema.org","@graph":[{"@type":"WebPage","@id":"https:\/\/www.nb.no\/nettbutikk\/produkt\/det-forste-skritt\/","url":"https:\/\/www.nb.no\/nettbutikk\/produkt\/det-forste-skritt\/","name":"Det f\u00f8rste skritt - NB Nettbutikk","isPartOf":{"@id":"https:\/\/www.nb.no\/nettbutikk\/#website"},"primaryImageOfPage":{"@id":"https:\/\/www.nb.no\/nettbutikk\/produkt\/det-forste-skritt\/#primaryimage"},"image":{"@id":"https:\/\/www.nb.no\/nettbutikk\/produkt\/det-forste-skritt\/#primaryimage"},"thumbnailUrl":"https:\/\/www.nb.no\/content\/uploads\/sites\/5\/2022\/10\/E6mp-pifWn-U4mniGoxN3v_N_3Ic7pZvNzWXmoLJUPlRcIWk4797z7XZIzcsQseSkS2rEu_ZiAy0HTteAohAbA.jpg","datePublished":"2022-10-11T07:15:43+00:00","dateModified":"2026-04-15T06:19:14+00:00","breadcrumb":{"@id":"https:\/\/www.nb.no\/nettbutikk\/produkt\/det-forste-skritt\/#breadcrumb"},"inLanguage":"nb-NO","potentialAction":[{"@type":"ReadAction","target":["https:\/\/www.nb.no\/nettbutikk\/produkt\/det-forste-skritt\/"]}]},{"@type":"ImageObject","inLanguage":"nb-NO","@id":"https:\/\/www.nb.no\/nettbutikk\/produkt\/det-forste-skritt\/#primaryimage","url":"https:\/\/www.nb.no\/content\/uploads\/sites\/5\/2022\/10\/E6mp-pifWn-U4mniGoxN3v_N_3Ic7pZvNzWXmoLJUPlRcIWk4797z7XZIzcsQseSkS2rEu_ZiAy0HTteAohAbA.jpg","contentUrl":"https:\/\/www.nb.no\/content\/uploads\/sites\/5\/2022\/10\/E6mp-pifWn-U4mniGoxN3v_N_3Ic7pZvNzWXmoLJUPlRcIWk4797z7XZIzcsQseSkS2rEu_ZiAy0HTteAohAbA.jpg","width":800,"height":1262,"caption":"Det f\u00f8rste skritt"},{"@type":"BreadcrumbList","@id":"https:\/\/www.nb.no\/nettbutikk\/produkt\/det-forste-skritt\/#breadcrumb","itemListElement":[{"@type":"ListItem","position":1,"name":"Home","item":"https:\/\/www.nb.no\/nettbutikk\/"},{"@type":"ListItem","position":2,"name":"Butikk","item":"https:\/\/www.nb.no\/nettbutikk\/butikk\/"},{"@type":"ListItem","position":3,"name":"Det f\u00f8rste skritt"}]},{"@type":"WebSite","@id":"https:\/\/www.nb.no\/nettbutikk\/#website","url":"https:\/\/www.nb.no\/nettbutikk\/","name":"NB Nettbutikk","description":"","potentialAction":[{"@type":"SearchAction","target":{"@type":"EntryPoint","urlTemplate":"https:\/\/www.nb.no\/nettbutikk\/?s={search_term_string}"},"query-input":{"@type":"PropertyValueSpecification","valueRequired":true,"valueName":"search_term_string"}}],"inLanguage":"nb-NO"}]}},"_links":{"self":[{"href":"https:\/\/www.nb.no\/nettbutikk\/wp-json\/wp\/v2\/product\/15116","targetHints":{"allow":["GET"]}}],"collection":[{"href":"https:\/\/www.nb.no\/nettbutikk\/wp-json\/wp\/v2\/product"}],"about":[{"href":"https:\/\/www.nb.no\/nettbutikk\/wp-json\/wp\/v2\/types\/product"}],"wp:featuredmedia":[{"embeddable":true,"href":"https:\/\/www.nb.no\/nettbutikk\/wp-json\/wp\/v2\/media\/15113"}],"wp:attachment":[{"href":"https:\/\/www.nb.no\/nettbutikk\/wp-json\/wp\/v2\/media?parent=15116"}],"wp:term":[{"taxonomy":"product_brand","embeddable":true,"href":"https:\/\/www.nb.no\/nettbutikk\/wp-json\/wp\/v2\/product_brand?post=15116"},{"taxonomy":"product_cat","embeddable":true,"href":"https:\/\/www.nb.no\/nettbutikk\/wp-json\/wp\/v2\/product_cat?post=15116"},{"taxonomy":"product_tag","embeddable":true,"href":"https:\/\/www.nb.no\/nettbutikk\/wp-json\/wp\/v2\/product_tag?post=15116"}],"curies":[{"name":"wp","href":"https:\/\/api.w.org\/{rel}","templated":true}]}}