{"id":15110,"date":"2022-10-11T09:15:42","date_gmt":"2022-10-11T07:15:42","guid":{"rendered":"https:\/\/www.nb.no\/nettbutikk\/produkt\/toril-moi-leser-a-o-vinje\/"},"modified":"2026-04-15T08:19:14","modified_gmt":"2026-04-15T06:19:14","slug":"toril-moi-leser-a-o-vinje","status":"publish","type":"product","link":"https:\/\/www.nb.no\/nettbutikk\/produkt\/toril-moi-leser-a-o-vinje\/","title":{"rendered":"Toril Moi leser A.O. Vinje"},"content":{"rendered":"","protected":false},"excerpt":{"rendered":"<p>\u00abI v\u00e5r flerkulturelle tid er sp\u00f8rsm\u00e5let om hva Norge er, om hva som er norsk, mer aktuelt enn noensinne. Vinje gj\u00f8r en reise p\u00e5 jakt etter Norge. Vinjes Norge er ikke mitt Norge. Men det gj\u00f8r ingenting, for han fors\u00f8ker slett ikke \u00e5 etablere noen norm for norskhet. Bortsett fra tvisynet, da.\u00bb<\/p>\n<p>Toril Moi har lest Aasmund Olavsson Vinjes <i>Ferdaminni fr\u00e5 sumaren 1860<\/i>, der tvisynet er selve merket p\u00e5 b\u00e5de dikterens skaperkraft og nordmenns selvstendighet.<\/p>\n","protected":false},"featured_media":16110,"template":"","meta":{"nb_hide_title":false,"nb_breadcrumb_title_override":""},"product_brand":[],"product_cat":[190],"product_tag":[3825,3759],"class_list":{"0":"post-15110","1":"product","2":"type-product","3":"status-publish","4":"has-post-thumbnail","6":"product_cat-fortidens-folkelesning","7":"product_tag-litteratur","8":"product_tag-toril-moi","10":"first","11":"instock","12":"shipping-taxable","13":"purchasable","14":"product-type-simple"},"yoast_head":"<!-- This site is optimized with the Yoast SEO plugin v27.1.1 - https:\/\/yoast.com\/product\/yoast-seo-wordpress\/ -->\n<title>Toril Moi leser A.O. Vinje - NB Nettbutikk<\/title>\n<meta name=\"robots\" content=\"index, follow, max-snippet:-1, max-image-preview:large, max-video-preview:-1\" \/>\n<link rel=\"canonical\" href=\"https:\/\/www.nb.no\/nettbutikk\/produkt\/toril-moi-leser-a-o-vinje\/\" \/>\n<meta property=\"og:locale\" content=\"nb_NO\" \/>\n<meta property=\"og:type\" content=\"article\" \/>\n<meta property=\"og:title\" content=\"Toril Moi leser A.O. Vinje - NB Nettbutikk\" \/>\n<meta property=\"og:description\" content=\"\u00abI v\u00e5r flerkulturelle tid er sp\u00f8rsm\u00e5let om hva Norge er, om hva som er norsk, mer aktuelt enn noensinne. Vinje gj\u00f8r en reise p\u00e5 jakt etter Norge. Vinjes Norge er ikke mitt Norge. Men det gj\u00f8r ingenting, for han fors\u00f8ker slett ikke \u00e5 etablere noen norm for norskhet. Bortsett fra tvisynet, da.\u00bb Toril Moi har lest Aasmund Olavsson Vinjes Ferdaminni fr\u00e5 sumaren 1860, der tvisynet er selve merket p\u00e5 b\u00e5de dikterens skaperkraft og nordmenns selvstendighet.\" \/>\n<meta property=\"og:url\" content=\"https:\/\/www.nb.no\/nettbutikk\/produkt\/toril-moi-leser-a-o-vinje\/\" \/>\n<meta property=\"og:site_name\" content=\"NB Nettbutikk\" \/>\n<meta property=\"article:modified_time\" content=\"2026-04-15T06:19:14+00:00\" \/>\n<meta property=\"og:image\" content=\"https:\/\/www.nb.no\/content\/uploads\/sites\/5\/2022\/10\/E6mp-pifWn-U4mniGoxN3v_N_3Ic7pZvNzWXmtWeBvgHd42l5bR4muSIdWZ2EJySySqkE77bg1myGjwOAohAbA.jpg\" \/>\n\t<meta property=\"og:image:width\" content=\"768\" \/>\n\t<meta property=\"og:image:height\" content=\"1117\" \/>\n\t<meta property=\"og:image:type\" content=\"image\/jpeg\" \/>\n<meta name=\"twitter:card\" content=\"summary_large_image\" \/>\n<meta name=\"twitter:label1\" content=\"Ansl. lesetid\" \/>\n\t<meta name=\"twitter:data1\" content=\"1 minutt\" \/>\n<script type=\"application\/ld+json\" class=\"yoast-schema-graph\">{\"@context\":\"https:\/\/schema.org\",\"@graph\":[{\"@type\":\"WebPage\",\"@id\":\"https:\/\/www.nb.no\/nettbutikk\/produkt\/toril-moi-leser-a-o-vinje\/\",\"url\":\"https:\/\/www.nb.no\/nettbutikk\/produkt\/toril-moi-leser-a-o-vinje\/\",\"name\":\"Toril Moi leser A.O. Vinje - NB Nettbutikk\",\"isPartOf\":{\"@id\":\"https:\/\/www.nb.no\/nettbutikk\/#website\"},\"primaryImageOfPage\":{\"@id\":\"https:\/\/www.nb.no\/nettbutikk\/produkt\/toril-moi-leser-a-o-vinje\/#primaryimage\"},\"image\":{\"@id\":\"https:\/\/www.nb.no\/nettbutikk\/produkt\/toril-moi-leser-a-o-vinje\/#primaryimage\"},\"thumbnailUrl\":\"https:\/\/www.nb.no\/content\/uploads\/sites\/5\/2022\/10\/E6mp-pifWn-U4mniGoxN3v_N_3Ic7pZvNzWXmtWeBvgHd42l5bR4muSIdWZ2EJySySqkE77bg1myGjwOAohAbA.jpg\",\"datePublished\":\"2022-10-11T07:15:42+00:00\",\"dateModified\":\"2026-04-15T06:19:14+00:00\",\"breadcrumb\":{\"@id\":\"https:\/\/www.nb.no\/nettbutikk\/produkt\/toril-moi-leser-a-o-vinje\/#breadcrumb\"},\"inLanguage\":\"nb-NO\",\"potentialAction\":[{\"@type\":\"ReadAction\",\"target\":[\"https:\/\/www.nb.no\/nettbutikk\/produkt\/toril-moi-leser-a-o-vinje\/\"]}]},{\"@type\":\"ImageObject\",\"inLanguage\":\"nb-NO\",\"@id\":\"https:\/\/www.nb.no\/nettbutikk\/produkt\/toril-moi-leser-a-o-vinje\/#primaryimage\",\"url\":\"https:\/\/www.nb.no\/content\/uploads\/sites\/5\/2022\/10\/E6mp-pifWn-U4mniGoxN3v_N_3Ic7pZvNzWXmtWeBvgHd42l5bR4muSIdWZ2EJySySqkE77bg1myGjwOAohAbA.jpg\",\"contentUrl\":\"https:\/\/www.nb.no\/content\/uploads\/sites\/5\/2022\/10\/E6mp-pifWn-U4mniGoxN3v_N_3Ic7pZvNzWXmtWeBvgHd42l5bR4muSIdWZ2EJySySqkE77bg1myGjwOAohAbA.jpg\",\"width\":768,\"height\":1117,\"caption\":\"Toril Moi leser A.O. Vinje\"},{\"@type\":\"BreadcrumbList\",\"@id\":\"https:\/\/www.nb.no\/nettbutikk\/produkt\/toril-moi-leser-a-o-vinje\/#breadcrumb\",\"itemListElement\":[{\"@type\":\"ListItem\",\"position\":1,\"name\":\"Home\",\"item\":\"https:\/\/www.nb.no\/nettbutikk\/\"},{\"@type\":\"ListItem\",\"position\":2,\"name\":\"Butikk\",\"item\":\"https:\/\/www.nb.no\/nettbutikk\/butikk\/\"},{\"@type\":\"ListItem\",\"position\":3,\"name\":\"Toril Moi leser A.O. Vinje\"}]},{\"@type\":\"WebSite\",\"@id\":\"https:\/\/www.nb.no\/nettbutikk\/#website\",\"url\":\"https:\/\/www.nb.no\/nettbutikk\/\",\"name\":\"NB Nettbutikk\",\"description\":\"\",\"potentialAction\":[{\"@type\":\"SearchAction\",\"target\":{\"@type\":\"EntryPoint\",\"urlTemplate\":\"https:\/\/www.nb.no\/nettbutikk\/?s={search_term_string}\"},\"query-input\":{\"@type\":\"PropertyValueSpecification\",\"valueRequired\":true,\"valueName\":\"search_term_string\"}}],\"inLanguage\":\"nb-NO\"}]}<\/script>\n<!-- \/ Yoast SEO plugin. -->","yoast_head_json":{"title":"Toril Moi leser A.O. Vinje - NB Nettbutikk","robots":{"index":"index","follow":"follow","max-snippet":"max-snippet:-1","max-image-preview":"max-image-preview:large","max-video-preview":"max-video-preview:-1"},"canonical":"https:\/\/www.nb.no\/nettbutikk\/produkt\/toril-moi-leser-a-o-vinje\/","og_locale":"nb_NO","og_type":"article","og_title":"Toril Moi leser A.O. Vinje - NB Nettbutikk","og_description":"\u00abI v\u00e5r flerkulturelle tid er sp\u00f8rsm\u00e5let om hva Norge er, om hva som er norsk, mer aktuelt enn noensinne. Vinje gj\u00f8r en reise p\u00e5 jakt etter Norge. Vinjes Norge er ikke mitt Norge. Men det gj\u00f8r ingenting, for han fors\u00f8ker slett ikke \u00e5 etablere noen norm for norskhet. Bortsett fra tvisynet, da.\u00bb Toril Moi har lest Aasmund Olavsson Vinjes Ferdaminni fr\u00e5 sumaren 1860, der tvisynet er selve merket p\u00e5 b\u00e5de dikterens skaperkraft og nordmenns selvstendighet.","og_url":"https:\/\/www.nb.no\/nettbutikk\/produkt\/toril-moi-leser-a-o-vinje\/","og_site_name":"NB Nettbutikk","article_modified_time":"2026-04-15T06:19:14+00:00","og_image":[{"width":768,"height":1117,"url":"https:\/\/www.nb.no\/content\/uploads\/sites\/5\/2022\/10\/E6mp-pifWn-U4mniGoxN3v_N_3Ic7pZvNzWXmtWeBvgHd42l5bR4muSIdWZ2EJySySqkE77bg1myGjwOAohAbA.jpg","type":"image\/jpeg"}],"twitter_card":"summary_large_image","twitter_misc":{"Ansl. lesetid":"1 minutt"},"schema":{"@context":"https:\/\/schema.org","@graph":[{"@type":"WebPage","@id":"https:\/\/www.nb.no\/nettbutikk\/produkt\/toril-moi-leser-a-o-vinje\/","url":"https:\/\/www.nb.no\/nettbutikk\/produkt\/toril-moi-leser-a-o-vinje\/","name":"Toril Moi leser A.O. Vinje - NB Nettbutikk","isPartOf":{"@id":"https:\/\/www.nb.no\/nettbutikk\/#website"},"primaryImageOfPage":{"@id":"https:\/\/www.nb.no\/nettbutikk\/produkt\/toril-moi-leser-a-o-vinje\/#primaryimage"},"image":{"@id":"https:\/\/www.nb.no\/nettbutikk\/produkt\/toril-moi-leser-a-o-vinje\/#primaryimage"},"thumbnailUrl":"https:\/\/www.nb.no\/content\/uploads\/sites\/5\/2022\/10\/E6mp-pifWn-U4mniGoxN3v_N_3Ic7pZvNzWXmtWeBvgHd42l5bR4muSIdWZ2EJySySqkE77bg1myGjwOAohAbA.jpg","datePublished":"2022-10-11T07:15:42+00:00","dateModified":"2026-04-15T06:19:14+00:00","breadcrumb":{"@id":"https:\/\/www.nb.no\/nettbutikk\/produkt\/toril-moi-leser-a-o-vinje\/#breadcrumb"},"inLanguage":"nb-NO","potentialAction":[{"@type":"ReadAction","target":["https:\/\/www.nb.no\/nettbutikk\/produkt\/toril-moi-leser-a-o-vinje\/"]}]},{"@type":"ImageObject","inLanguage":"nb-NO","@id":"https:\/\/www.nb.no\/nettbutikk\/produkt\/toril-moi-leser-a-o-vinje\/#primaryimage","url":"https:\/\/www.nb.no\/content\/uploads\/sites\/5\/2022\/10\/E6mp-pifWn-U4mniGoxN3v_N_3Ic7pZvNzWXmtWeBvgHd42l5bR4muSIdWZ2EJySySqkE77bg1myGjwOAohAbA.jpg","contentUrl":"https:\/\/www.nb.no\/content\/uploads\/sites\/5\/2022\/10\/E6mp-pifWn-U4mniGoxN3v_N_3Ic7pZvNzWXmtWeBvgHd42l5bR4muSIdWZ2EJySySqkE77bg1myGjwOAohAbA.jpg","width":768,"height":1117,"caption":"Toril Moi leser A.O. Vinje"},{"@type":"BreadcrumbList","@id":"https:\/\/www.nb.no\/nettbutikk\/produkt\/toril-moi-leser-a-o-vinje\/#breadcrumb","itemListElement":[{"@type":"ListItem","position":1,"name":"Home","item":"https:\/\/www.nb.no\/nettbutikk\/"},{"@type":"ListItem","position":2,"name":"Butikk","item":"https:\/\/www.nb.no\/nettbutikk\/butikk\/"},{"@type":"ListItem","position":3,"name":"Toril Moi leser A.O. Vinje"}]},{"@type":"WebSite","@id":"https:\/\/www.nb.no\/nettbutikk\/#website","url":"https:\/\/www.nb.no\/nettbutikk\/","name":"NB Nettbutikk","description":"","potentialAction":[{"@type":"SearchAction","target":{"@type":"EntryPoint","urlTemplate":"https:\/\/www.nb.no\/nettbutikk\/?s={search_term_string}"},"query-input":{"@type":"PropertyValueSpecification","valueRequired":true,"valueName":"search_term_string"}}],"inLanguage":"nb-NO"}]}},"_links":{"self":[{"href":"https:\/\/www.nb.no\/nettbutikk\/wp-json\/wp\/v2\/product\/15110","targetHints":{"allow":["GET"]}}],"collection":[{"href":"https:\/\/www.nb.no\/nettbutikk\/wp-json\/wp\/v2\/product"}],"about":[{"href":"https:\/\/www.nb.no\/nettbutikk\/wp-json\/wp\/v2\/types\/product"}],"wp:featuredmedia":[{"embeddable":true,"href":"https:\/\/www.nb.no\/nettbutikk\/wp-json\/wp\/v2\/media\/16110"}],"wp:attachment":[{"href":"https:\/\/www.nb.no\/nettbutikk\/wp-json\/wp\/v2\/media?parent=15110"}],"wp:term":[{"taxonomy":"product_brand","embeddable":true,"href":"https:\/\/www.nb.no\/nettbutikk\/wp-json\/wp\/v2\/product_brand?post=15110"},{"taxonomy":"product_cat","embeddable":true,"href":"https:\/\/www.nb.no\/nettbutikk\/wp-json\/wp\/v2\/product_cat?post=15110"},{"taxonomy":"product_tag","embeddable":true,"href":"https:\/\/www.nb.no\/nettbutikk\/wp-json\/wp\/v2\/product_tag?post=15110"}],"curies":[{"name":"wp","href":"https:\/\/api.w.org\/{rel}","templated":true}]}}