{"id":15104,"date":"2022-10-11T09:15:41","date_gmt":"2022-10-11T07:15:41","guid":{"rendered":"https:\/\/www.nb.no\/nettbutikk\/produkt\/fortidens-stemmer-bind-i\/"},"modified":"2026-04-15T08:19:14","modified_gmt":"2026-04-15T06:19:14","slug":"fortidens-stemmer-bind-i","status":"publish","type":"product","link":"https:\/\/www.nb.no\/nettbutikk\/produkt\/fortidens-stemmer-bind-i\/","title":{"rendered":"Fortidens stemmer, bind I"},"content":{"rendered":"","protected":false},"excerpt":{"rendered":"<p>En konge puster ut etter kamp. En tjenestejente skildrer storbyens mote. Et barn f\u00f8des, en ektemann d\u00f8r, Jesus Christus sender skriftlige p\u00e5minnelser om helvetes d\u00f8d og pine. Bokserien <i>Fortidens stemmer<\/i> forteller om og gjengir brev fra trettenhundretallet, helt frem til v\u00e5r tid. I f\u00f8rste bind av serien l\u00f8fter vi frem 20 av de eldste, fineste og iblant underligste brevene vi har.<\/p>\n","protected":false},"featured_media":15101,"template":"","meta":{"nb_hide_title":false,"nb_breadcrumb_title_override":""},"product_brand":[],"product_cat":[192],"product_tag":[3863,3866,3769,3776,3797,3749],"class_list":{"0":"post-15104","1":"product","2":"type-product","3":"status-publish","4":"has-post-thumbnail","6":"product_cat-fortidens-stemmer","7":"product_tag-1300-tallet","8":"product_tag-1400-tallet","9":"product_tag-1500-tallet","10":"product_tag-1600-tallet","11":"product_tag-1700-tallet","12":"product_tag-brev","14":"first","15":"instock","16":"shipping-taxable","17":"purchasable","18":"product-type-simple"},"yoast_head":"<!-- This site is optimized with the Yoast SEO plugin v27.1.1 - https:\/\/yoast.com\/product\/yoast-seo-wordpress\/ -->\n<title>Fortidens stemmer, bind I - NB Nettbutikk<\/title>\n<meta name=\"robots\" content=\"index, follow, max-snippet:-1, max-image-preview:large, max-video-preview:-1\" \/>\n<link rel=\"canonical\" href=\"https:\/\/www.nb.no\/nettbutikk\/produkt\/fortidens-stemmer-bind-i\/\" \/>\n<meta property=\"og:locale\" content=\"nb_NO\" \/>\n<meta property=\"og:type\" content=\"article\" \/>\n<meta property=\"og:title\" content=\"Fortidens stemmer, bind I - NB Nettbutikk\" \/>\n<meta property=\"og:description\" content=\"En konge puster ut etter kamp. En tjenestejente skildrer storbyens mote. Et barn f\u00f8des, en ektemann d\u00f8r, Jesus Christus sender skriftlige p\u00e5minnelser om helvetes d\u00f8d og pine. Bokserien Fortidens stemmer forteller om og gjengir brev fra trettenhundretallet, helt frem til v\u00e5r tid. I f\u00f8rste bind av serien l\u00f8fter vi frem 20 av de eldste, fineste og iblant underligste brevene vi har.\" \/>\n<meta property=\"og:url\" content=\"https:\/\/www.nb.no\/nettbutikk\/produkt\/fortidens-stemmer-bind-i\/\" \/>\n<meta property=\"og:site_name\" content=\"NB Nettbutikk\" \/>\n<meta property=\"article:modified_time\" content=\"2026-04-15T06:19:14+00:00\" \/>\n<meta property=\"og:image\" content=\"https:\/\/www.nb.no\/content\/uploads\/sites\/5\/2022\/10\/E6mp-pifWn-U4mniGoxN3v_N_3Ic7pZvNzWXmtKYAftUeNT4tLIqmrHRJTctF5TEkSmrQeSJ3lm3HD8PAohAbA-scaled.jpg\" \/>\n\t<meta property=\"og:image:width\" content=\"1703\" \/>\n\t<meta property=\"og:image:height\" content=\"2560\" \/>\n\t<meta property=\"og:image:type\" content=\"image\/jpeg\" \/>\n<meta name=\"twitter:card\" content=\"summary_large_image\" \/>\n<meta name=\"twitter:label1\" content=\"Ansl. lesetid\" \/>\n\t<meta name=\"twitter:data1\" content=\"1 minutt\" \/>\n<script type=\"application\/ld+json\" class=\"yoast-schema-graph\">{\"@context\":\"https:\/\/schema.org\",\"@graph\":[{\"@type\":\"WebPage\",\"@id\":\"https:\/\/www.nb.no\/nettbutikk\/produkt\/fortidens-stemmer-bind-i\/\",\"url\":\"https:\/\/www.nb.no\/nettbutikk\/produkt\/fortidens-stemmer-bind-i\/\",\"name\":\"Fortidens stemmer, bind I - NB Nettbutikk\",\"isPartOf\":{\"@id\":\"https:\/\/www.nb.no\/nettbutikk\/#website\"},\"primaryImageOfPage\":{\"@id\":\"https:\/\/www.nb.no\/nettbutikk\/produkt\/fortidens-stemmer-bind-i\/#primaryimage\"},\"image\":{\"@id\":\"https:\/\/www.nb.no\/nettbutikk\/produkt\/fortidens-stemmer-bind-i\/#primaryimage\"},\"thumbnailUrl\":\"https:\/\/www.nb.no\/content\/uploads\/sites\/5\/2022\/10\/E6mp-pifWn-U4mniGoxN3v_N_3Ic7pZvNzWXmtKYAftUeNT4tLIqmrHRJTctF5TEkSmrQeSJ3lm3HD8PAohAbA-scaled.jpg\",\"datePublished\":\"2022-10-11T07:15:41+00:00\",\"dateModified\":\"2026-04-15T06:19:14+00:00\",\"breadcrumb\":{\"@id\":\"https:\/\/www.nb.no\/nettbutikk\/produkt\/fortidens-stemmer-bind-i\/#breadcrumb\"},\"inLanguage\":\"nb-NO\",\"potentialAction\":[{\"@type\":\"ReadAction\",\"target\":[\"https:\/\/www.nb.no\/nettbutikk\/produkt\/fortidens-stemmer-bind-i\/\"]}]},{\"@type\":\"ImageObject\",\"inLanguage\":\"nb-NO\",\"@id\":\"https:\/\/www.nb.no\/nettbutikk\/produkt\/fortidens-stemmer-bind-i\/#primaryimage\",\"url\":\"https:\/\/www.nb.no\/content\/uploads\/sites\/5\/2022\/10\/E6mp-pifWn-U4mniGoxN3v_N_3Ic7pZvNzWXmtKYAftUeNT4tLIqmrHRJTctF5TEkSmrQeSJ3lm3HD8PAohAbA-scaled.jpg\",\"contentUrl\":\"https:\/\/www.nb.no\/content\/uploads\/sites\/5\/2022\/10\/E6mp-pifWn-U4mniGoxN3v_N_3Ic7pZvNzWXmtKYAftUeNT4tLIqmrHRJTctF5TEkSmrQeSJ3lm3HD8PAohAbA-scaled.jpg\",\"width\":1703,\"height\":2560,\"caption\":\"Fortidens stemmer, bind I\"},{\"@type\":\"BreadcrumbList\",\"@id\":\"https:\/\/www.nb.no\/nettbutikk\/produkt\/fortidens-stemmer-bind-i\/#breadcrumb\",\"itemListElement\":[{\"@type\":\"ListItem\",\"position\":1,\"name\":\"Home\",\"item\":\"https:\/\/www.nb.no\/nettbutikk\/\"},{\"@type\":\"ListItem\",\"position\":2,\"name\":\"Butikk\",\"item\":\"https:\/\/www.nb.no\/nettbutikk\/butikk\/\"},{\"@type\":\"ListItem\",\"position\":3,\"name\":\"Fortidens stemmer, bind I\"}]},{\"@type\":\"WebSite\",\"@id\":\"https:\/\/www.nb.no\/nettbutikk\/#website\",\"url\":\"https:\/\/www.nb.no\/nettbutikk\/\",\"name\":\"NB Nettbutikk\",\"description\":\"\",\"potentialAction\":[{\"@type\":\"SearchAction\",\"target\":{\"@type\":\"EntryPoint\",\"urlTemplate\":\"https:\/\/www.nb.no\/nettbutikk\/?s={search_term_string}\"},\"query-input\":{\"@type\":\"PropertyValueSpecification\",\"valueRequired\":true,\"valueName\":\"search_term_string\"}}],\"inLanguage\":\"nb-NO\"}]}<\/script>\n<!-- \/ Yoast SEO plugin. -->","yoast_head_json":{"title":"Fortidens stemmer, bind I - NB Nettbutikk","robots":{"index":"index","follow":"follow","max-snippet":"max-snippet:-1","max-image-preview":"max-image-preview:large","max-video-preview":"max-video-preview:-1"},"canonical":"https:\/\/www.nb.no\/nettbutikk\/produkt\/fortidens-stemmer-bind-i\/","og_locale":"nb_NO","og_type":"article","og_title":"Fortidens stemmer, bind I - NB Nettbutikk","og_description":"En konge puster ut etter kamp. En tjenestejente skildrer storbyens mote. Et barn f\u00f8des, en ektemann d\u00f8r, Jesus Christus sender skriftlige p\u00e5minnelser om helvetes d\u00f8d og pine. Bokserien Fortidens stemmer forteller om og gjengir brev fra trettenhundretallet, helt frem til v\u00e5r tid. I f\u00f8rste bind av serien l\u00f8fter vi frem 20 av de eldste, fineste og iblant underligste brevene vi har.","og_url":"https:\/\/www.nb.no\/nettbutikk\/produkt\/fortidens-stemmer-bind-i\/","og_site_name":"NB Nettbutikk","article_modified_time":"2026-04-15T06:19:14+00:00","og_image":[{"width":1703,"height":2560,"url":"https:\/\/www.nb.no\/content\/uploads\/sites\/5\/2022\/10\/E6mp-pifWn-U4mniGoxN3v_N_3Ic7pZvNzWXmtKYAftUeNT4tLIqmrHRJTctF5TEkSmrQeSJ3lm3HD8PAohAbA-scaled.jpg","type":"image\/jpeg"}],"twitter_card":"summary_large_image","twitter_misc":{"Ansl. lesetid":"1 minutt"},"schema":{"@context":"https:\/\/schema.org","@graph":[{"@type":"WebPage","@id":"https:\/\/www.nb.no\/nettbutikk\/produkt\/fortidens-stemmer-bind-i\/","url":"https:\/\/www.nb.no\/nettbutikk\/produkt\/fortidens-stemmer-bind-i\/","name":"Fortidens stemmer, bind I - NB Nettbutikk","isPartOf":{"@id":"https:\/\/www.nb.no\/nettbutikk\/#website"},"primaryImageOfPage":{"@id":"https:\/\/www.nb.no\/nettbutikk\/produkt\/fortidens-stemmer-bind-i\/#primaryimage"},"image":{"@id":"https:\/\/www.nb.no\/nettbutikk\/produkt\/fortidens-stemmer-bind-i\/#primaryimage"},"thumbnailUrl":"https:\/\/www.nb.no\/content\/uploads\/sites\/5\/2022\/10\/E6mp-pifWn-U4mniGoxN3v_N_3Ic7pZvNzWXmtKYAftUeNT4tLIqmrHRJTctF5TEkSmrQeSJ3lm3HD8PAohAbA-scaled.jpg","datePublished":"2022-10-11T07:15:41+00:00","dateModified":"2026-04-15T06:19:14+00:00","breadcrumb":{"@id":"https:\/\/www.nb.no\/nettbutikk\/produkt\/fortidens-stemmer-bind-i\/#breadcrumb"},"inLanguage":"nb-NO","potentialAction":[{"@type":"ReadAction","target":["https:\/\/www.nb.no\/nettbutikk\/produkt\/fortidens-stemmer-bind-i\/"]}]},{"@type":"ImageObject","inLanguage":"nb-NO","@id":"https:\/\/www.nb.no\/nettbutikk\/produkt\/fortidens-stemmer-bind-i\/#primaryimage","url":"https:\/\/www.nb.no\/content\/uploads\/sites\/5\/2022\/10\/E6mp-pifWn-U4mniGoxN3v_N_3Ic7pZvNzWXmtKYAftUeNT4tLIqmrHRJTctF5TEkSmrQeSJ3lm3HD8PAohAbA-scaled.jpg","contentUrl":"https:\/\/www.nb.no\/content\/uploads\/sites\/5\/2022\/10\/E6mp-pifWn-U4mniGoxN3v_N_3Ic7pZvNzWXmtKYAftUeNT4tLIqmrHRJTctF5TEkSmrQeSJ3lm3HD8PAohAbA-scaled.jpg","width":1703,"height":2560,"caption":"Fortidens stemmer, bind I"},{"@type":"BreadcrumbList","@id":"https:\/\/www.nb.no\/nettbutikk\/produkt\/fortidens-stemmer-bind-i\/#breadcrumb","itemListElement":[{"@type":"ListItem","position":1,"name":"Home","item":"https:\/\/www.nb.no\/nettbutikk\/"},{"@type":"ListItem","position":2,"name":"Butikk","item":"https:\/\/www.nb.no\/nettbutikk\/butikk\/"},{"@type":"ListItem","position":3,"name":"Fortidens stemmer, bind I"}]},{"@type":"WebSite","@id":"https:\/\/www.nb.no\/nettbutikk\/#website","url":"https:\/\/www.nb.no\/nettbutikk\/","name":"NB Nettbutikk","description":"","potentialAction":[{"@type":"SearchAction","target":{"@type":"EntryPoint","urlTemplate":"https:\/\/www.nb.no\/nettbutikk\/?s={search_term_string}"},"query-input":{"@type":"PropertyValueSpecification","valueRequired":true,"valueName":"search_term_string"}}],"inLanguage":"nb-NO"}]}},"_links":{"self":[{"href":"https:\/\/www.nb.no\/nettbutikk\/wp-json\/wp\/v2\/product\/15104","targetHints":{"allow":["GET"]}}],"collection":[{"href":"https:\/\/www.nb.no\/nettbutikk\/wp-json\/wp\/v2\/product"}],"about":[{"href":"https:\/\/www.nb.no\/nettbutikk\/wp-json\/wp\/v2\/types\/product"}],"wp:featuredmedia":[{"embeddable":true,"href":"https:\/\/www.nb.no\/nettbutikk\/wp-json\/wp\/v2\/media\/15101"}],"wp:attachment":[{"href":"https:\/\/www.nb.no\/nettbutikk\/wp-json\/wp\/v2\/media?parent=15104"}],"wp:term":[{"taxonomy":"product_brand","embeddable":true,"href":"https:\/\/www.nb.no\/nettbutikk\/wp-json\/wp\/v2\/product_brand?post=15104"},{"taxonomy":"product_cat","embeddable":true,"href":"https:\/\/www.nb.no\/nettbutikk\/wp-json\/wp\/v2\/product_cat?post=15104"},{"taxonomy":"product_tag","embeddable":true,"href":"https:\/\/www.nb.no\/nettbutikk\/wp-json\/wp\/v2\/product_tag?post=15104"}],"curies":[{"name":"wp","href":"https:\/\/api.w.org\/{rel}","templated":true}]}}