{"id":15098,"date":"2022-10-11T09:15:39","date_gmt":"2022-10-11T07:15:39","guid":{"rendered":"https:\/\/www.nb.no\/nettbutikk\/produkt\/vigdis-hjorth-leser-herman-wildenvey\/"},"modified":"2026-04-15T08:19:14","modified_gmt":"2026-04-15T06:19:14","slug":"vigdis-hjorth-leser-herman-wildenvey","status":"publish","type":"product","link":"https:\/\/www.nb.no\/nettbutikk\/produkt\/vigdis-hjorth-leser-herman-wildenvey\/","title":{"rendered":"Vigdis Hjorth leser Herman Wildenvey"},"content":{"rendered":"","protected":false},"excerpt":{"rendered":"<p>\u00abHerman Wildenvey, som rimer s\u00e5 deilig p\u00e5 forglemmegei, men som vi har glemt, dessverre? Eller ville det v\u00e6rt verre, om vi enn\u00e5 gikk omkring med hans vers i v\u00e5re hoder, hans taler og triller, og ga dem videre til v\u00e5re poder, det er sp\u00f8rsm\u00e5let jeg stiller?\u00bb <\/p>\n<p>Vigdis Hjorth har lest Herman Wildenvey, og skriver om det tilsynelatende uvesentlige \u2013 og at vi alle trenger litt overb\u00e6renhet fra ettertiden.<\/p>\n","protected":false},"featured_media":15095,"template":"","meta":{"nb_hide_title":false,"nb_breadcrumb_title_override":""},"product_brand":[],"product_cat":[190],"product_tag":[3825],"class_list":{"0":"post-15098","1":"product","2":"type-product","3":"status-publish","4":"has-post-thumbnail","6":"product_cat-fortidens-folkelesning","7":"product_tag-litteratur","9":"first","10":"instock","11":"shipping-taxable","12":"purchasable","13":"product-type-simple"},"yoast_head":"<!-- This site is optimized with the Yoast SEO plugin v27.1.1 - https:\/\/yoast.com\/product\/yoast-seo-wordpress\/ -->\n<title>Vigdis Hjorth leser Herman Wildenvey - NB Nettbutikk<\/title>\n<meta name=\"robots\" content=\"index, follow, max-snippet:-1, max-image-preview:large, max-video-preview:-1\" \/>\n<link rel=\"canonical\" href=\"https:\/\/www.nb.no\/nettbutikk\/produkt\/vigdis-hjorth-leser-herman-wildenvey\/\" \/>\n<meta property=\"og:locale\" content=\"nb_NO\" \/>\n<meta property=\"og:type\" content=\"article\" \/>\n<meta property=\"og:title\" content=\"Vigdis Hjorth leser Herman Wildenvey - NB Nettbutikk\" \/>\n<meta property=\"og:description\" content=\"\u00abHerman Wildenvey, som rimer s\u00e5 deilig p\u00e5 forglemmegei, men som vi har glemt, dessverre? Eller ville det v\u00e6rt verre, om vi enn\u00e5 gikk omkring med hans vers i v\u00e5re hoder, hans taler og triller, og ga dem videre til v\u00e5re poder, det er sp\u00f8rsm\u00e5let jeg stiller?\u00bb  Vigdis Hjorth har lest Herman Wildenvey, og skriver om det tilsynelatende uvesentlige \u2013 og at vi alle trenger litt overb\u00e6renhet fra ettertiden.\" \/>\n<meta property=\"og:url\" content=\"https:\/\/www.nb.no\/nettbutikk\/produkt\/vigdis-hjorth-leser-herman-wildenvey\/\" \/>\n<meta property=\"og:site_name\" content=\"NB Nettbutikk\" \/>\n<meta property=\"article:modified_time\" content=\"2026-04-15T06:19:14+00:00\" \/>\n<meta property=\"og:image\" content=\"https:\/\/www.nb.no\/content\/uploads\/sites\/5\/2022\/10\/E6mp-pifWn-U4mniGoxN3v_N_3Ic7pZvNzWXmoKQAa5UdYWlteQtnrbQdWF8FZHHzimvRL-E3wnkHWleAohAbA.jpg\" \/>\n\t<meta property=\"og:image:width\" content=\"1291\" \/>\n\t<meta property=\"og:image:height\" content=\"1865\" \/>\n\t<meta property=\"og:image:type\" content=\"image\/jpeg\" \/>\n<meta name=\"twitter:card\" content=\"summary_large_image\" \/>\n<meta name=\"twitter:label1\" content=\"Ansl. lesetid\" \/>\n\t<meta name=\"twitter:data1\" content=\"1 minutt\" \/>\n<script type=\"application\/ld+json\" class=\"yoast-schema-graph\">{\"@context\":\"https:\/\/schema.org\",\"@graph\":[{\"@type\":\"WebPage\",\"@id\":\"https:\/\/www.nb.no\/nettbutikk\/produkt\/vigdis-hjorth-leser-herman-wildenvey\/\",\"url\":\"https:\/\/www.nb.no\/nettbutikk\/produkt\/vigdis-hjorth-leser-herman-wildenvey\/\",\"name\":\"Vigdis Hjorth leser Herman Wildenvey - NB Nettbutikk\",\"isPartOf\":{\"@id\":\"https:\/\/www.nb.no\/nettbutikk\/#website\"},\"primaryImageOfPage\":{\"@id\":\"https:\/\/www.nb.no\/nettbutikk\/produkt\/vigdis-hjorth-leser-herman-wildenvey\/#primaryimage\"},\"image\":{\"@id\":\"https:\/\/www.nb.no\/nettbutikk\/produkt\/vigdis-hjorth-leser-herman-wildenvey\/#primaryimage\"},\"thumbnailUrl\":\"https:\/\/www.nb.no\/content\/uploads\/sites\/5\/2022\/10\/E6mp-pifWn-U4mniGoxN3v_N_3Ic7pZvNzWXmoKQAa5UdYWlteQtnrbQdWF8FZHHzimvRL-E3wnkHWleAohAbA.jpg\",\"datePublished\":\"2022-10-11T07:15:39+00:00\",\"dateModified\":\"2026-04-15T06:19:14+00:00\",\"breadcrumb\":{\"@id\":\"https:\/\/www.nb.no\/nettbutikk\/produkt\/vigdis-hjorth-leser-herman-wildenvey\/#breadcrumb\"},\"inLanguage\":\"nb-NO\",\"potentialAction\":[{\"@type\":\"ReadAction\",\"target\":[\"https:\/\/www.nb.no\/nettbutikk\/produkt\/vigdis-hjorth-leser-herman-wildenvey\/\"]}]},{\"@type\":\"ImageObject\",\"inLanguage\":\"nb-NO\",\"@id\":\"https:\/\/www.nb.no\/nettbutikk\/produkt\/vigdis-hjorth-leser-herman-wildenvey\/#primaryimage\",\"url\":\"https:\/\/www.nb.no\/content\/uploads\/sites\/5\/2022\/10\/E6mp-pifWn-U4mniGoxN3v_N_3Ic7pZvNzWXmoKQAa5UdYWlteQtnrbQdWF8FZHHzimvRL-E3wnkHWleAohAbA.jpg\",\"contentUrl\":\"https:\/\/www.nb.no\/content\/uploads\/sites\/5\/2022\/10\/E6mp-pifWn-U4mniGoxN3v_N_3Ic7pZvNzWXmoKQAa5UdYWlteQtnrbQdWF8FZHHzimvRL-E3wnkHWleAohAbA.jpg\",\"width\":1291,\"height\":1865,\"caption\":\"Vigdis Hjorth leser Herman Wildenvey\"},{\"@type\":\"BreadcrumbList\",\"@id\":\"https:\/\/www.nb.no\/nettbutikk\/produkt\/vigdis-hjorth-leser-herman-wildenvey\/#breadcrumb\",\"itemListElement\":[{\"@type\":\"ListItem\",\"position\":1,\"name\":\"Home\",\"item\":\"https:\/\/www.nb.no\/nettbutikk\/\"},{\"@type\":\"ListItem\",\"position\":2,\"name\":\"Butikk\",\"item\":\"https:\/\/www.nb.no\/nettbutikk\/butikk\/\"},{\"@type\":\"ListItem\",\"position\":3,\"name\":\"Vigdis Hjorth leser Herman Wildenvey\"}]},{\"@type\":\"WebSite\",\"@id\":\"https:\/\/www.nb.no\/nettbutikk\/#website\",\"url\":\"https:\/\/www.nb.no\/nettbutikk\/\",\"name\":\"NB Nettbutikk\",\"description\":\"\",\"potentialAction\":[{\"@type\":\"SearchAction\",\"target\":{\"@type\":\"EntryPoint\",\"urlTemplate\":\"https:\/\/www.nb.no\/nettbutikk\/?s={search_term_string}\"},\"query-input\":{\"@type\":\"PropertyValueSpecification\",\"valueRequired\":true,\"valueName\":\"search_term_string\"}}],\"inLanguage\":\"nb-NO\"}]}<\/script>\n<!-- \/ Yoast SEO plugin. -->","yoast_head_json":{"title":"Vigdis Hjorth leser Herman Wildenvey - NB Nettbutikk","robots":{"index":"index","follow":"follow","max-snippet":"max-snippet:-1","max-image-preview":"max-image-preview:large","max-video-preview":"max-video-preview:-1"},"canonical":"https:\/\/www.nb.no\/nettbutikk\/produkt\/vigdis-hjorth-leser-herman-wildenvey\/","og_locale":"nb_NO","og_type":"article","og_title":"Vigdis Hjorth leser Herman Wildenvey - NB Nettbutikk","og_description":"\u00abHerman Wildenvey, som rimer s\u00e5 deilig p\u00e5 forglemmegei, men som vi har glemt, dessverre? Eller ville det v\u00e6rt verre, om vi enn\u00e5 gikk omkring med hans vers i v\u00e5re hoder, hans taler og triller, og ga dem videre til v\u00e5re poder, det er sp\u00f8rsm\u00e5let jeg stiller?\u00bb  Vigdis Hjorth har lest Herman Wildenvey, og skriver om det tilsynelatende uvesentlige \u2013 og at vi alle trenger litt overb\u00e6renhet fra ettertiden.","og_url":"https:\/\/www.nb.no\/nettbutikk\/produkt\/vigdis-hjorth-leser-herman-wildenvey\/","og_site_name":"NB Nettbutikk","article_modified_time":"2026-04-15T06:19:14+00:00","og_image":[{"width":1291,"height":1865,"url":"https:\/\/www.nb.no\/content\/uploads\/sites\/5\/2022\/10\/E6mp-pifWn-U4mniGoxN3v_N_3Ic7pZvNzWXmoKQAa5UdYWlteQtnrbQdWF8FZHHzimvRL-E3wnkHWleAohAbA.jpg","type":"image\/jpeg"}],"twitter_card":"summary_large_image","twitter_misc":{"Ansl. lesetid":"1 minutt"},"schema":{"@context":"https:\/\/schema.org","@graph":[{"@type":"WebPage","@id":"https:\/\/www.nb.no\/nettbutikk\/produkt\/vigdis-hjorth-leser-herman-wildenvey\/","url":"https:\/\/www.nb.no\/nettbutikk\/produkt\/vigdis-hjorth-leser-herman-wildenvey\/","name":"Vigdis Hjorth leser Herman Wildenvey - NB Nettbutikk","isPartOf":{"@id":"https:\/\/www.nb.no\/nettbutikk\/#website"},"primaryImageOfPage":{"@id":"https:\/\/www.nb.no\/nettbutikk\/produkt\/vigdis-hjorth-leser-herman-wildenvey\/#primaryimage"},"image":{"@id":"https:\/\/www.nb.no\/nettbutikk\/produkt\/vigdis-hjorth-leser-herman-wildenvey\/#primaryimage"},"thumbnailUrl":"https:\/\/www.nb.no\/content\/uploads\/sites\/5\/2022\/10\/E6mp-pifWn-U4mniGoxN3v_N_3Ic7pZvNzWXmoKQAa5UdYWlteQtnrbQdWF8FZHHzimvRL-E3wnkHWleAohAbA.jpg","datePublished":"2022-10-11T07:15:39+00:00","dateModified":"2026-04-15T06:19:14+00:00","breadcrumb":{"@id":"https:\/\/www.nb.no\/nettbutikk\/produkt\/vigdis-hjorth-leser-herman-wildenvey\/#breadcrumb"},"inLanguage":"nb-NO","potentialAction":[{"@type":"ReadAction","target":["https:\/\/www.nb.no\/nettbutikk\/produkt\/vigdis-hjorth-leser-herman-wildenvey\/"]}]},{"@type":"ImageObject","inLanguage":"nb-NO","@id":"https:\/\/www.nb.no\/nettbutikk\/produkt\/vigdis-hjorth-leser-herman-wildenvey\/#primaryimage","url":"https:\/\/www.nb.no\/content\/uploads\/sites\/5\/2022\/10\/E6mp-pifWn-U4mniGoxN3v_N_3Ic7pZvNzWXmoKQAa5UdYWlteQtnrbQdWF8FZHHzimvRL-E3wnkHWleAohAbA.jpg","contentUrl":"https:\/\/www.nb.no\/content\/uploads\/sites\/5\/2022\/10\/E6mp-pifWn-U4mniGoxN3v_N_3Ic7pZvNzWXmoKQAa5UdYWlteQtnrbQdWF8FZHHzimvRL-E3wnkHWleAohAbA.jpg","width":1291,"height":1865,"caption":"Vigdis Hjorth leser Herman Wildenvey"},{"@type":"BreadcrumbList","@id":"https:\/\/www.nb.no\/nettbutikk\/produkt\/vigdis-hjorth-leser-herman-wildenvey\/#breadcrumb","itemListElement":[{"@type":"ListItem","position":1,"name":"Home","item":"https:\/\/www.nb.no\/nettbutikk\/"},{"@type":"ListItem","position":2,"name":"Butikk","item":"https:\/\/www.nb.no\/nettbutikk\/butikk\/"},{"@type":"ListItem","position":3,"name":"Vigdis Hjorth leser Herman Wildenvey"}]},{"@type":"WebSite","@id":"https:\/\/www.nb.no\/nettbutikk\/#website","url":"https:\/\/www.nb.no\/nettbutikk\/","name":"NB Nettbutikk","description":"","potentialAction":[{"@type":"SearchAction","target":{"@type":"EntryPoint","urlTemplate":"https:\/\/www.nb.no\/nettbutikk\/?s={search_term_string}"},"query-input":{"@type":"PropertyValueSpecification","valueRequired":true,"valueName":"search_term_string"}}],"inLanguage":"nb-NO"}]}},"_links":{"self":[{"href":"https:\/\/www.nb.no\/nettbutikk\/wp-json\/wp\/v2\/product\/15098","targetHints":{"allow":["GET"]}}],"collection":[{"href":"https:\/\/www.nb.no\/nettbutikk\/wp-json\/wp\/v2\/product"}],"about":[{"href":"https:\/\/www.nb.no\/nettbutikk\/wp-json\/wp\/v2\/types\/product"}],"wp:featuredmedia":[{"embeddable":true,"href":"https:\/\/www.nb.no\/nettbutikk\/wp-json\/wp\/v2\/media\/15095"}],"wp:attachment":[{"href":"https:\/\/www.nb.no\/nettbutikk\/wp-json\/wp\/v2\/media?parent=15098"}],"wp:term":[{"taxonomy":"product_brand","embeddable":true,"href":"https:\/\/www.nb.no\/nettbutikk\/wp-json\/wp\/v2\/product_brand?post=15098"},{"taxonomy":"product_cat","embeddable":true,"href":"https:\/\/www.nb.no\/nettbutikk\/wp-json\/wp\/v2\/product_cat?post=15098"},{"taxonomy":"product_tag","embeddable":true,"href":"https:\/\/www.nb.no\/nettbutikk\/wp-json\/wp\/v2\/product_tag?post=15098"}],"curies":[{"name":"wp","href":"https:\/\/api.w.org\/{rel}","templated":true}]}}