{"id":15086,"date":"2022-10-11T09:15:36","date_gmt":"2022-10-11T07:15:36","guid":{"rendered":"https:\/\/www.nb.no\/nettbutikk\/produkt\/dag-solstad-leser-olav-duun\/"},"modified":"2026-04-17T06:03:31","modified_gmt":"2026-04-17T04:03:31","slug":"dag-solstad-leser-olav-duun","status":"publish","type":"product","link":"https:\/\/www.nb.no\/nettbutikk\/produkt\/dag-solstad-leser-olav-duun\/","title":{"rendered":"Dag Solstad leser Olav Duun"},"content":{"rendered":"","protected":false},"excerpt":{"rendered":"<p>\u00abDen i sin tid s\u00e5 opph\u00f8yde Olav Duun er s\u00e5 \u00e5 si borte fra v\u00e5r felles bevissthet. Hva har skjedd? Og hvordan har det v\u00e6rt mulig? Dette foredraget skal handle om disse to sp\u00f8rsm\u00e5lene, og ingenting annet.\u00bb<\/p>\n<p>Hva skjer i m\u00f8tet mellom en leser av i dag og et forfatterskap av eldre \u00e5rgang, som i sin tid var utbredt og toneangivende, men som n\u00e5 er glemt av de fleste? Dag Solstad har lest Olav Duun og reflekterer over tidens tann.<\/p>\n","protected":false},"featured_media":15083,"template":"","meta":{"nb_hide_title":false,"nb_breadcrumb_title_override":""},"product_brand":[],"product_cat":[190],"product_tag":[3825],"class_list":{"0":"post-15086","1":"product","2":"type-product","3":"status-publish","4":"has-post-thumbnail","6":"product_cat-fortidens-folkelesning","7":"product_tag-litteratur","9":"first","10":"instock","11":"shipping-taxable","12":"purchasable","13":"product-type-simple"},"yoast_head":"<!-- This site is optimized with the Yoast SEO plugin v27.1.1 - https:\/\/yoast.com\/product\/yoast-seo-wordpress\/ -->\n<title>Dag Solstad leser Olav Duun - NB Nettbutikk<\/title>\n<meta name=\"robots\" content=\"index, follow, max-snippet:-1, max-image-preview:large, max-video-preview:-1\" \/>\n<link rel=\"canonical\" href=\"https:\/\/www.nb.no\/nettbutikk\/produkt\/dag-solstad-leser-olav-duun\/\" \/>\n<meta property=\"og:locale\" content=\"nb_NO\" \/>\n<meta property=\"og:type\" content=\"article\" \/>\n<meta property=\"og:title\" content=\"Dag Solstad leser Olav Duun - NB Nettbutikk\" \/>\n<meta property=\"og:description\" content=\"\u00abDen i sin tid s\u00e5 opph\u00f8yde Olav Duun er s\u00e5 \u00e5 si borte fra v\u00e5r felles bevissthet. Hva har skjedd? Og hvordan har det v\u00e6rt mulig? Dette foredraget skal handle om disse to sp\u00f8rsm\u00e5lene, og ingenting annet.\u00bb Hva skjer i m\u00f8tet mellom en leser av i dag og et forfatterskap av eldre \u00e5rgang, som i sin tid var utbredt og toneangivende, men som n\u00e5 er glemt av de fleste? Dag Solstad har lest Olav Duun og reflekterer over tidens tann.\" \/>\n<meta property=\"og:url\" content=\"https:\/\/www.nb.no\/nettbutikk\/produkt\/dag-solstad-leser-olav-duun\/\" \/>\n<meta property=\"og:site_name\" content=\"NB Nettbutikk\" \/>\n<meta property=\"article:modified_time\" content=\"2026-04-17T04:03:31+00:00\" \/>\n<meta property=\"og:image\" content=\"https:\/\/www.nb.no\/content\/uploads\/sites\/5\/2022\/10\/E6mp-pifWn-U4mniGoxN3v_N_3Ic7pZvNzWXmtedAPpVIof74LAqmeKILzN4E5fDy3z6Rb6IgwmzTD1TAohAbA.jpg\" \/>\n\t<meta property=\"og:image:width\" content=\"1356\" \/>\n\t<meta property=\"og:image:height\" content=\"1910\" \/>\n\t<meta property=\"og:image:type\" content=\"image\/jpeg\" \/>\n<meta name=\"twitter:card\" content=\"summary_large_image\" \/>\n<meta name=\"twitter:label1\" content=\"Ansl. lesetid\" \/>\n\t<meta name=\"twitter:data1\" content=\"1 minutt\" \/>\n<script type=\"application\/ld+json\" class=\"yoast-schema-graph\">{\"@context\":\"https:\/\/schema.org\",\"@graph\":[{\"@type\":\"WebPage\",\"@id\":\"https:\/\/www.nb.no\/nettbutikk\/produkt\/dag-solstad-leser-olav-duun\/\",\"url\":\"https:\/\/www.nb.no\/nettbutikk\/produkt\/dag-solstad-leser-olav-duun\/\",\"name\":\"Dag Solstad leser Olav Duun - NB Nettbutikk\",\"isPartOf\":{\"@id\":\"https:\/\/www.nb.no\/nettbutikk\/#website\"},\"primaryImageOfPage\":{\"@id\":\"https:\/\/www.nb.no\/nettbutikk\/produkt\/dag-solstad-leser-olav-duun\/#primaryimage\"},\"image\":{\"@id\":\"https:\/\/www.nb.no\/nettbutikk\/produkt\/dag-solstad-leser-olav-duun\/#primaryimage\"},\"thumbnailUrl\":\"https:\/\/www.nb.no\/content\/uploads\/sites\/5\/2022\/10\/E6mp-pifWn-U4mniGoxN3v_N_3Ic7pZvNzWXmtedAPpVIof74LAqmeKILzN4E5fDy3z6Rb6IgwmzTD1TAohAbA.jpg\",\"datePublished\":\"2022-10-11T07:15:36+00:00\",\"dateModified\":\"2026-04-17T04:03:31+00:00\",\"breadcrumb\":{\"@id\":\"https:\/\/www.nb.no\/nettbutikk\/produkt\/dag-solstad-leser-olav-duun\/#breadcrumb\"},\"inLanguage\":\"nb-NO\",\"potentialAction\":[{\"@type\":\"ReadAction\",\"target\":[\"https:\/\/www.nb.no\/nettbutikk\/produkt\/dag-solstad-leser-olav-duun\/\"]}]},{\"@type\":\"ImageObject\",\"inLanguage\":\"nb-NO\",\"@id\":\"https:\/\/www.nb.no\/nettbutikk\/produkt\/dag-solstad-leser-olav-duun\/#primaryimage\",\"url\":\"https:\/\/www.nb.no\/content\/uploads\/sites\/5\/2022\/10\/E6mp-pifWn-U4mniGoxN3v_N_3Ic7pZvNzWXmtedAPpVIof74LAqmeKILzN4E5fDy3z6Rb6IgwmzTD1TAohAbA.jpg\",\"contentUrl\":\"https:\/\/www.nb.no\/content\/uploads\/sites\/5\/2022\/10\/E6mp-pifWn-U4mniGoxN3v_N_3Ic7pZvNzWXmtedAPpVIof74LAqmeKILzN4E5fDy3z6Rb6IgwmzTD1TAohAbA.jpg\",\"width\":1356,\"height\":1910,\"caption\":\"Dag Solstad leser Olav Duun\"},{\"@type\":\"BreadcrumbList\",\"@id\":\"https:\/\/www.nb.no\/nettbutikk\/produkt\/dag-solstad-leser-olav-duun\/#breadcrumb\",\"itemListElement\":[{\"@type\":\"ListItem\",\"position\":1,\"name\":\"Home\",\"item\":\"https:\/\/www.nb.no\/nettbutikk\/\"},{\"@type\":\"ListItem\",\"position\":2,\"name\":\"Butikk\",\"item\":\"https:\/\/www.nb.no\/nettbutikk\/butikk\/\"},{\"@type\":\"ListItem\",\"position\":3,\"name\":\"Dag Solstad leser Olav Duun\"}]},{\"@type\":\"WebSite\",\"@id\":\"https:\/\/www.nb.no\/nettbutikk\/#website\",\"url\":\"https:\/\/www.nb.no\/nettbutikk\/\",\"name\":\"NB Nettbutikk\",\"description\":\"\",\"potentialAction\":[{\"@type\":\"SearchAction\",\"target\":{\"@type\":\"EntryPoint\",\"urlTemplate\":\"https:\/\/www.nb.no\/nettbutikk\/?s={search_term_string}\"},\"query-input\":{\"@type\":\"PropertyValueSpecification\",\"valueRequired\":true,\"valueName\":\"search_term_string\"}}],\"inLanguage\":\"nb-NO\"}]}<\/script>\n<!-- \/ Yoast SEO plugin. -->","yoast_head_json":{"title":"Dag Solstad leser Olav Duun - NB Nettbutikk","robots":{"index":"index","follow":"follow","max-snippet":"max-snippet:-1","max-image-preview":"max-image-preview:large","max-video-preview":"max-video-preview:-1"},"canonical":"https:\/\/www.nb.no\/nettbutikk\/produkt\/dag-solstad-leser-olav-duun\/","og_locale":"nb_NO","og_type":"article","og_title":"Dag Solstad leser Olav Duun - NB Nettbutikk","og_description":"\u00abDen i sin tid s\u00e5 opph\u00f8yde Olav Duun er s\u00e5 \u00e5 si borte fra v\u00e5r felles bevissthet. Hva har skjedd? Og hvordan har det v\u00e6rt mulig? Dette foredraget skal handle om disse to sp\u00f8rsm\u00e5lene, og ingenting annet.\u00bb Hva skjer i m\u00f8tet mellom en leser av i dag og et forfatterskap av eldre \u00e5rgang, som i sin tid var utbredt og toneangivende, men som n\u00e5 er glemt av de fleste? Dag Solstad har lest Olav Duun og reflekterer over tidens tann.","og_url":"https:\/\/www.nb.no\/nettbutikk\/produkt\/dag-solstad-leser-olav-duun\/","og_site_name":"NB Nettbutikk","article_modified_time":"2026-04-17T04:03:31+00:00","og_image":[{"width":1356,"height":1910,"url":"https:\/\/www.nb.no\/content\/uploads\/sites\/5\/2022\/10\/E6mp-pifWn-U4mniGoxN3v_N_3Ic7pZvNzWXmtedAPpVIof74LAqmeKILzN4E5fDy3z6Rb6IgwmzTD1TAohAbA.jpg","type":"image\/jpeg"}],"twitter_card":"summary_large_image","twitter_misc":{"Ansl. lesetid":"1 minutt"},"schema":{"@context":"https:\/\/schema.org","@graph":[{"@type":"WebPage","@id":"https:\/\/www.nb.no\/nettbutikk\/produkt\/dag-solstad-leser-olav-duun\/","url":"https:\/\/www.nb.no\/nettbutikk\/produkt\/dag-solstad-leser-olav-duun\/","name":"Dag Solstad leser Olav Duun - NB Nettbutikk","isPartOf":{"@id":"https:\/\/www.nb.no\/nettbutikk\/#website"},"primaryImageOfPage":{"@id":"https:\/\/www.nb.no\/nettbutikk\/produkt\/dag-solstad-leser-olav-duun\/#primaryimage"},"image":{"@id":"https:\/\/www.nb.no\/nettbutikk\/produkt\/dag-solstad-leser-olav-duun\/#primaryimage"},"thumbnailUrl":"https:\/\/www.nb.no\/content\/uploads\/sites\/5\/2022\/10\/E6mp-pifWn-U4mniGoxN3v_N_3Ic7pZvNzWXmtedAPpVIof74LAqmeKILzN4E5fDy3z6Rb6IgwmzTD1TAohAbA.jpg","datePublished":"2022-10-11T07:15:36+00:00","dateModified":"2026-04-17T04:03:31+00:00","breadcrumb":{"@id":"https:\/\/www.nb.no\/nettbutikk\/produkt\/dag-solstad-leser-olav-duun\/#breadcrumb"},"inLanguage":"nb-NO","potentialAction":[{"@type":"ReadAction","target":["https:\/\/www.nb.no\/nettbutikk\/produkt\/dag-solstad-leser-olav-duun\/"]}]},{"@type":"ImageObject","inLanguage":"nb-NO","@id":"https:\/\/www.nb.no\/nettbutikk\/produkt\/dag-solstad-leser-olav-duun\/#primaryimage","url":"https:\/\/www.nb.no\/content\/uploads\/sites\/5\/2022\/10\/E6mp-pifWn-U4mniGoxN3v_N_3Ic7pZvNzWXmtedAPpVIof74LAqmeKILzN4E5fDy3z6Rb6IgwmzTD1TAohAbA.jpg","contentUrl":"https:\/\/www.nb.no\/content\/uploads\/sites\/5\/2022\/10\/E6mp-pifWn-U4mniGoxN3v_N_3Ic7pZvNzWXmtedAPpVIof74LAqmeKILzN4E5fDy3z6Rb6IgwmzTD1TAohAbA.jpg","width":1356,"height":1910,"caption":"Dag Solstad leser Olav Duun"},{"@type":"BreadcrumbList","@id":"https:\/\/www.nb.no\/nettbutikk\/produkt\/dag-solstad-leser-olav-duun\/#breadcrumb","itemListElement":[{"@type":"ListItem","position":1,"name":"Home","item":"https:\/\/www.nb.no\/nettbutikk\/"},{"@type":"ListItem","position":2,"name":"Butikk","item":"https:\/\/www.nb.no\/nettbutikk\/butikk\/"},{"@type":"ListItem","position":3,"name":"Dag Solstad leser Olav Duun"}]},{"@type":"WebSite","@id":"https:\/\/www.nb.no\/nettbutikk\/#website","url":"https:\/\/www.nb.no\/nettbutikk\/","name":"NB Nettbutikk","description":"","potentialAction":[{"@type":"SearchAction","target":{"@type":"EntryPoint","urlTemplate":"https:\/\/www.nb.no\/nettbutikk\/?s={search_term_string}"},"query-input":{"@type":"PropertyValueSpecification","valueRequired":true,"valueName":"search_term_string"}}],"inLanguage":"nb-NO"}]}},"_links":{"self":[{"href":"https:\/\/www.nb.no\/nettbutikk\/wp-json\/wp\/v2\/product\/15086","targetHints":{"allow":["GET"]}}],"collection":[{"href":"https:\/\/www.nb.no\/nettbutikk\/wp-json\/wp\/v2\/product"}],"about":[{"href":"https:\/\/www.nb.no\/nettbutikk\/wp-json\/wp\/v2\/types\/product"}],"wp:featuredmedia":[{"embeddable":true,"href":"https:\/\/www.nb.no\/nettbutikk\/wp-json\/wp\/v2\/media\/15083"}],"wp:attachment":[{"href":"https:\/\/www.nb.no\/nettbutikk\/wp-json\/wp\/v2\/media?parent=15086"}],"wp:term":[{"taxonomy":"product_brand","embeddable":true,"href":"https:\/\/www.nb.no\/nettbutikk\/wp-json\/wp\/v2\/product_brand?post=15086"},{"taxonomy":"product_cat","embeddable":true,"href":"https:\/\/www.nb.no\/nettbutikk\/wp-json\/wp\/v2\/product_cat?post=15086"},{"taxonomy":"product_tag","embeddable":true,"href":"https:\/\/www.nb.no\/nettbutikk\/wp-json\/wp\/v2\/product_tag?post=15086"}],"curies":[{"name":"wp","href":"https:\/\/api.w.org\/{rel}","templated":true}]}}