{"id":15074,"date":"2022-10-11T09:15:34","date_gmt":"2022-10-11T07:15:34","guid":{"rendered":"https:\/\/www.nb.no\/nettbutikk\/produkt\/roald-amundsens-maud-ekspedisjonen-1922-1925\/"},"modified":"2026-03-23T04:54:51","modified_gmt":"2026-03-23T03:54:51","slug":"roald-amundsens-maud-ekspedisjonen-1922-1925","status":"publish","type":"product","link":"https:\/\/www.nb.no\/nettbutikk\/produkt\/roald-amundsens-maud-ekspedisjonen-1922-1925\/","title":{"rendered":"Roald Amundsens \u00abMaud\u00bb-ekspedisjonen 1922\u20131925"},"content":{"rendered":"","protected":false},"excerpt":{"rendered":"<p>To filmer fra Roald Amundsens \u00abMaud\u00bb-ekspedisjonen fra 1922 til 1925.<br \/>\nEtter et opphold returnerer Roald Amundsen sommeren 1922 til \u00abMaud\u00bb. Med nytt mannskap, to fly og en filmfotograf g\u00e5r ferden nordover til Alaska. M\u00e5let er \u00e5 fly over Polhavet og fram til Svalbard. Testfors\u00f8k blir foretatt fra Deering, over Alaskas enorme fjellmassiver. Senere kommer ekspedisjonen i kontakt med inuitter i Wainwright, der lokale skikker ogs\u00e5 blir filmet.<br \/>\nMen Amundsen forlater igjen \u00abMaud\u00bb, som blir gjort klar til overvintring i isen. Deretter skildres dagliglivet i is\u00f8det, med fangst, naturobservasjoner, sledekj\u00f8ring og mislykkete flyfors\u00f8k. V\u00e5ren 1925, etter tre overvintringer, f\u00e5r de beskjed av Amundsen om \u00e5 returnere hjemover.<br \/>\nUtgivelsen inneholder ogs\u00e5 et hefte med essayet Til Nordpolen med fly og filmkamera av Jan Anders Diesen.<\/p>\n","protected":false},"featured_media":15071,"template":"","meta":{"nb_hide_title":false,"nb_breadcrumb_title_override":""},"product_brand":[],"product_cat":[1665],"product_tag":[3860],"class_list":{"0":"post-15074","1":"product","2":"type-product","3":"status-publish","4":"has-post-thumbnail","6":"product_cat-filmer","7":"product_tag-roald-amundsen","9":"first","10":"instock","11":"taxable","12":"shipping-taxable","13":"purchasable","14":"product-type-simple"},"yoast_head":"<!-- This site is optimized with the Yoast SEO plugin v27.1.1 - https:\/\/yoast.com\/product\/yoast-seo-wordpress\/ -->\n<title>Roald Amundsens \u00abMaud\u00bb-ekspedisjonen 1922\u20131925 - NB Nettbutikk<\/title>\n<meta name=\"robots\" content=\"index, follow, max-snippet:-1, max-image-preview:large, max-video-preview:-1\" \/>\n<link rel=\"canonical\" href=\"https:\/\/www.nb.no\/nettbutikk\/produkt\/roald-amundsens-maud-ekspedisjonen-1922-1925\/\" \/>\n<meta property=\"og:locale\" content=\"nb_NO\" \/>\n<meta property=\"og:type\" content=\"article\" \/>\n<meta property=\"og:title\" content=\"Roald Amundsens \u00abMaud\u00bb-ekspedisjonen 1922\u20131925 - NB Nettbutikk\" \/>\n<meta property=\"og:description\" content=\"To filmer fra Roald Amundsens \u00abMaud\u00bb-ekspedisjonen fra 1922 til 1925. Etter et opphold returnerer Roald Amundsen sommeren 1922 til \u00abMaud\u00bb. Med nytt mannskap, to fly og en filmfotograf g\u00e5r ferden nordover til Alaska. M\u00e5let er \u00e5 fly over Polhavet og fram til Svalbard. Testfors\u00f8k blir foretatt fra Deering, over Alaskas enorme fjellmassiver. Senere kommer ekspedisjonen i kontakt med inuitter i Wainwright, der lokale skikker ogs\u00e5 blir filmet. Men Amundsen forlater igjen \u00abMaud\u00bb, som blir gjort klar til overvintring i isen. Deretter skildres dagliglivet i is\u00f8det, med fangst, naturobservasjoner, sledekj\u00f8ring og mislykkete flyfors\u00f8k. V\u00e5ren 1925, etter tre overvintringer, f\u00e5r de beskjed av Amundsen om \u00e5 returnere hjemover. Utgivelsen inneholder ogs\u00e5 et hefte med essayet Til Nordpolen med fly og filmkamera av Jan Anders Diesen.\" \/>\n<meta property=\"og:url\" content=\"https:\/\/www.nb.no\/nettbutikk\/produkt\/roald-amundsens-maud-ekspedisjonen-1922-1925\/\" \/>\n<meta property=\"og:site_name\" content=\"NB Nettbutikk\" \/>\n<meta property=\"article:modified_time\" content=\"2026-03-23T03:54:51+00:00\" \/>\n<meta property=\"og:image\" content=\"https:\/\/www.nb.no\/content\/uploads\/sites\/5\/2022\/10\/E6mp-pifWn-U4mniGoxN3v_N_3Ic7pZvNzWXmtWcVK0BJNSq5ON2wr-MIjR9RsPAkC2kR-2FjAnmS2wLAohAbA.jpg\" \/>\n\t<meta property=\"og:image:width\" content=\"150\" \/>\n\t<meta property=\"og:image:height\" content=\"199\" \/>\n\t<meta property=\"og:image:type\" content=\"image\/jpeg\" \/>\n<meta name=\"twitter:card\" content=\"summary_large_image\" \/>\n<meta name=\"twitter:label1\" content=\"Ansl. lesetid\" \/>\n\t<meta name=\"twitter:data1\" content=\"1 minutt\" \/>\n<script type=\"application\/ld+json\" class=\"yoast-schema-graph\">{\"@context\":\"https:\/\/schema.org\",\"@graph\":[{\"@type\":\"WebPage\",\"@id\":\"https:\/\/www.nb.no\/nettbutikk\/produkt\/roald-amundsens-maud-ekspedisjonen-1922-1925\/\",\"url\":\"https:\/\/www.nb.no\/nettbutikk\/produkt\/roald-amundsens-maud-ekspedisjonen-1922-1925\/\",\"name\":\"Roald Amundsens \u00abMaud\u00bb-ekspedisjonen 1922\u20131925 - NB Nettbutikk\",\"isPartOf\":{\"@id\":\"https:\/\/www.nb.no\/nettbutikk\/#website\"},\"primaryImageOfPage\":{\"@id\":\"https:\/\/www.nb.no\/nettbutikk\/produkt\/roald-amundsens-maud-ekspedisjonen-1922-1925\/#primaryimage\"},\"image\":{\"@id\":\"https:\/\/www.nb.no\/nettbutikk\/produkt\/roald-amundsens-maud-ekspedisjonen-1922-1925\/#primaryimage\"},\"thumbnailUrl\":\"https:\/\/www.nb.no\/content\/uploads\/sites\/5\/2022\/10\/E6mp-pifWn-U4mniGoxN3v_N_3Ic7pZvNzWXmtWcVK0BJNSq5ON2wr-MIjR9RsPAkC2kR-2FjAnmS2wLAohAbA.jpg\",\"datePublished\":\"2022-10-11T07:15:34+00:00\",\"dateModified\":\"2026-03-23T03:54:51+00:00\",\"breadcrumb\":{\"@id\":\"https:\/\/www.nb.no\/nettbutikk\/produkt\/roald-amundsens-maud-ekspedisjonen-1922-1925\/#breadcrumb\"},\"inLanguage\":\"nb-NO\",\"potentialAction\":[{\"@type\":\"ReadAction\",\"target\":[\"https:\/\/www.nb.no\/nettbutikk\/produkt\/roald-amundsens-maud-ekspedisjonen-1922-1925\/\"]}]},{\"@type\":\"ImageObject\",\"inLanguage\":\"nb-NO\",\"@id\":\"https:\/\/www.nb.no\/nettbutikk\/produkt\/roald-amundsens-maud-ekspedisjonen-1922-1925\/#primaryimage\",\"url\":\"https:\/\/www.nb.no\/content\/uploads\/sites\/5\/2022\/10\/E6mp-pifWn-U4mniGoxN3v_N_3Ic7pZvNzWXmtWcVK0BJNSq5ON2wr-MIjR9RsPAkC2kR-2FjAnmS2wLAohAbA.jpg\",\"contentUrl\":\"https:\/\/www.nb.no\/content\/uploads\/sites\/5\/2022\/10\/E6mp-pifWn-U4mniGoxN3v_N_3Ic7pZvNzWXmtWcVK0BJNSq5ON2wr-MIjR9RsPAkC2kR-2FjAnmS2wLAohAbA.jpg\",\"width\":150,\"height\":199,\"caption\":\"Roald Amundsens \u00abMaud\u00bb- ekspedisjonen 1922-1925\"},{\"@type\":\"BreadcrumbList\",\"@id\":\"https:\/\/www.nb.no\/nettbutikk\/produkt\/roald-amundsens-maud-ekspedisjonen-1922-1925\/#breadcrumb\",\"itemListElement\":[{\"@type\":\"ListItem\",\"position\":1,\"name\":\"Home\",\"item\":\"https:\/\/www.nb.no\/nettbutikk\/\"},{\"@type\":\"ListItem\",\"position\":2,\"name\":\"Butikk\",\"item\":\"https:\/\/www.nb.no\/nettbutikk\/butikk\/\"},{\"@type\":\"ListItem\",\"position\":3,\"name\":\"Roald Amundsens \u00abMaud\u00bb-ekspedisjonen 1922\u20131925\"}]},{\"@type\":\"WebSite\",\"@id\":\"https:\/\/www.nb.no\/nettbutikk\/#website\",\"url\":\"https:\/\/www.nb.no\/nettbutikk\/\",\"name\":\"NB Nettbutikk\",\"description\":\"\",\"potentialAction\":[{\"@type\":\"SearchAction\",\"target\":{\"@type\":\"EntryPoint\",\"urlTemplate\":\"https:\/\/www.nb.no\/nettbutikk\/?s={search_term_string}\"},\"query-input\":{\"@type\":\"PropertyValueSpecification\",\"valueRequired\":true,\"valueName\":\"search_term_string\"}}],\"inLanguage\":\"nb-NO\"}]}<\/script>\n<!-- \/ Yoast SEO plugin. -->","yoast_head_json":{"title":"Roald Amundsens \u00abMaud\u00bb-ekspedisjonen 1922\u20131925 - NB Nettbutikk","robots":{"index":"index","follow":"follow","max-snippet":"max-snippet:-1","max-image-preview":"max-image-preview:large","max-video-preview":"max-video-preview:-1"},"canonical":"https:\/\/www.nb.no\/nettbutikk\/produkt\/roald-amundsens-maud-ekspedisjonen-1922-1925\/","og_locale":"nb_NO","og_type":"article","og_title":"Roald Amundsens \u00abMaud\u00bb-ekspedisjonen 1922\u20131925 - NB Nettbutikk","og_description":"To filmer fra Roald Amundsens \u00abMaud\u00bb-ekspedisjonen fra 1922 til 1925. Etter et opphold returnerer Roald Amundsen sommeren 1922 til \u00abMaud\u00bb. Med nytt mannskap, to fly og en filmfotograf g\u00e5r ferden nordover til Alaska. M\u00e5let er \u00e5 fly over Polhavet og fram til Svalbard. Testfors\u00f8k blir foretatt fra Deering, over Alaskas enorme fjellmassiver. Senere kommer ekspedisjonen i kontakt med inuitter i Wainwright, der lokale skikker ogs\u00e5 blir filmet. Men Amundsen forlater igjen \u00abMaud\u00bb, som blir gjort klar til overvintring i isen. Deretter skildres dagliglivet i is\u00f8det, med fangst, naturobservasjoner, sledekj\u00f8ring og mislykkete flyfors\u00f8k. V\u00e5ren 1925, etter tre overvintringer, f\u00e5r de beskjed av Amundsen om \u00e5 returnere hjemover. Utgivelsen inneholder ogs\u00e5 et hefte med essayet Til Nordpolen med fly og filmkamera av Jan Anders Diesen.","og_url":"https:\/\/www.nb.no\/nettbutikk\/produkt\/roald-amundsens-maud-ekspedisjonen-1922-1925\/","og_site_name":"NB Nettbutikk","article_modified_time":"2026-03-23T03:54:51+00:00","og_image":[{"width":150,"height":199,"url":"https:\/\/www.nb.no\/content\/uploads\/sites\/5\/2022\/10\/E6mp-pifWn-U4mniGoxN3v_N_3Ic7pZvNzWXmtWcVK0BJNSq5ON2wr-MIjR9RsPAkC2kR-2FjAnmS2wLAohAbA.jpg","type":"image\/jpeg"}],"twitter_card":"summary_large_image","twitter_misc":{"Ansl. lesetid":"1 minutt"},"schema":{"@context":"https:\/\/schema.org","@graph":[{"@type":"WebPage","@id":"https:\/\/www.nb.no\/nettbutikk\/produkt\/roald-amundsens-maud-ekspedisjonen-1922-1925\/","url":"https:\/\/www.nb.no\/nettbutikk\/produkt\/roald-amundsens-maud-ekspedisjonen-1922-1925\/","name":"Roald Amundsens \u00abMaud\u00bb-ekspedisjonen 1922\u20131925 - NB Nettbutikk","isPartOf":{"@id":"https:\/\/www.nb.no\/nettbutikk\/#website"},"primaryImageOfPage":{"@id":"https:\/\/www.nb.no\/nettbutikk\/produkt\/roald-amundsens-maud-ekspedisjonen-1922-1925\/#primaryimage"},"image":{"@id":"https:\/\/www.nb.no\/nettbutikk\/produkt\/roald-amundsens-maud-ekspedisjonen-1922-1925\/#primaryimage"},"thumbnailUrl":"https:\/\/www.nb.no\/content\/uploads\/sites\/5\/2022\/10\/E6mp-pifWn-U4mniGoxN3v_N_3Ic7pZvNzWXmtWcVK0BJNSq5ON2wr-MIjR9RsPAkC2kR-2FjAnmS2wLAohAbA.jpg","datePublished":"2022-10-11T07:15:34+00:00","dateModified":"2026-03-23T03:54:51+00:00","breadcrumb":{"@id":"https:\/\/www.nb.no\/nettbutikk\/produkt\/roald-amundsens-maud-ekspedisjonen-1922-1925\/#breadcrumb"},"inLanguage":"nb-NO","potentialAction":[{"@type":"ReadAction","target":["https:\/\/www.nb.no\/nettbutikk\/produkt\/roald-amundsens-maud-ekspedisjonen-1922-1925\/"]}]},{"@type":"ImageObject","inLanguage":"nb-NO","@id":"https:\/\/www.nb.no\/nettbutikk\/produkt\/roald-amundsens-maud-ekspedisjonen-1922-1925\/#primaryimage","url":"https:\/\/www.nb.no\/content\/uploads\/sites\/5\/2022\/10\/E6mp-pifWn-U4mniGoxN3v_N_3Ic7pZvNzWXmtWcVK0BJNSq5ON2wr-MIjR9RsPAkC2kR-2FjAnmS2wLAohAbA.jpg","contentUrl":"https:\/\/www.nb.no\/content\/uploads\/sites\/5\/2022\/10\/E6mp-pifWn-U4mniGoxN3v_N_3Ic7pZvNzWXmtWcVK0BJNSq5ON2wr-MIjR9RsPAkC2kR-2FjAnmS2wLAohAbA.jpg","width":150,"height":199,"caption":"Roald Amundsens \u00abMaud\u00bb- ekspedisjonen 1922-1925"},{"@type":"BreadcrumbList","@id":"https:\/\/www.nb.no\/nettbutikk\/produkt\/roald-amundsens-maud-ekspedisjonen-1922-1925\/#breadcrumb","itemListElement":[{"@type":"ListItem","position":1,"name":"Home","item":"https:\/\/www.nb.no\/nettbutikk\/"},{"@type":"ListItem","position":2,"name":"Butikk","item":"https:\/\/www.nb.no\/nettbutikk\/butikk\/"},{"@type":"ListItem","position":3,"name":"Roald Amundsens \u00abMaud\u00bb-ekspedisjonen 1922\u20131925"}]},{"@type":"WebSite","@id":"https:\/\/www.nb.no\/nettbutikk\/#website","url":"https:\/\/www.nb.no\/nettbutikk\/","name":"NB Nettbutikk","description":"","potentialAction":[{"@type":"SearchAction","target":{"@type":"EntryPoint","urlTemplate":"https:\/\/www.nb.no\/nettbutikk\/?s={search_term_string}"},"query-input":{"@type":"PropertyValueSpecification","valueRequired":true,"valueName":"search_term_string"}}],"inLanguage":"nb-NO"}]}},"_links":{"self":[{"href":"https:\/\/www.nb.no\/nettbutikk\/wp-json\/wp\/v2\/product\/15074","targetHints":{"allow":["GET"]}}],"collection":[{"href":"https:\/\/www.nb.no\/nettbutikk\/wp-json\/wp\/v2\/product"}],"about":[{"href":"https:\/\/www.nb.no\/nettbutikk\/wp-json\/wp\/v2\/types\/product"}],"wp:featuredmedia":[{"embeddable":true,"href":"https:\/\/www.nb.no\/nettbutikk\/wp-json\/wp\/v2\/media\/15071"}],"wp:attachment":[{"href":"https:\/\/www.nb.no\/nettbutikk\/wp-json\/wp\/v2\/media?parent=15074"}],"wp:term":[{"taxonomy":"product_brand","embeddable":true,"href":"https:\/\/www.nb.no\/nettbutikk\/wp-json\/wp\/v2\/product_brand?post=15074"},{"taxonomy":"product_cat","embeddable":true,"href":"https:\/\/www.nb.no\/nettbutikk\/wp-json\/wp\/v2\/product_cat?post=15074"},{"taxonomy":"product_tag","embeddable":true,"href":"https:\/\/www.nb.no\/nettbutikk\/wp-json\/wp\/v2\/product_tag?post=15074"}],"curies":[{"name":"wp","href":"https:\/\/api.w.org\/{rel}","templated":true}]}}