{"id":15068,"date":"2022-10-11T09:15:33","date_gmt":"2022-10-11T07:15:33","guid":{"rendered":"https:\/\/www.nb.no\/nettbutikk\/produkt\/luftskipet-norge-s-flukt-over-polhavet\/"},"modified":"2026-04-15T08:19:11","modified_gmt":"2026-04-15T06:19:11","slug":"luftskipet-norge-s-flukt-over-polhavet","status":"publish","type":"product","link":"https:\/\/www.nb.no\/nettbutikk\/produkt\/luftskipet-norge-s-flukt-over-polhavet\/","title":{"rendered":"Luftskipet \u00abNorge\u00bbs flukt over Polhavet"},"content":{"rendered":"","protected":false},"excerpt":{"rendered":"<p>Etter et dramatisk fors\u00f8k p\u00e5 \u00e5 n\u00e5 Nordpolen med sj\u00f8fly i 1925, fikk Roald Amundsen og Lincoln Ellsworth kontakt med den italienske luftskipkonstrukt\u00f8ren Umberto Nobile. I 1926 flyr Nobile luftskipet \u00abNorge\u00bb gjennom Europa til Norge og Svalbard. P\u00e5 Svalbard er Amundsen, Ellsworth og resten av mannskapet klare til \u00e5 fortsette ferden over polpunktet, samtidig som Richard E. Byrd ankommer Svalbard for \u00e5 fly samme vei f\u00f8r Amundsen f\u00e5r tatt av med luftskipet. Filmen viser videre ferden med \u00abNorge\u00bb over polpunktet til Teller i Alaska, der de lander etter \u00e5 ha sluppet det norske, amerikanske og italienske flagget over polpunktet.<\/p>\n<p>Utgivelsen inneholder ogs\u00e5 et hefte med essayet \u00abI luftskip til Nordpolen med filmkamera\u00bb av professor Jan Anders Diesen.<\/p>\n<p>Foto: Paul Berge og Emil Horgen<\/p>\n","protected":false},"featured_media":16118,"template":"","meta":{"nb_hide_title":false,"nb_breadcrumb_title_override":""},"product_brand":[],"product_cat":[1665],"product_tag":[3860],"class_list":{"0":"post-15068","1":"product","2":"type-product","3":"status-publish","4":"has-post-thumbnail","6":"product_cat-filmer","7":"product_tag-roald-amundsen","9":"first","10":"instock","11":"taxable","12":"shipping-taxable","13":"purchasable","14":"product-type-simple"},"yoast_head":"<!-- This site is optimized with the Yoast SEO plugin v27.1.1 - https:\/\/yoast.com\/product\/yoast-seo-wordpress\/ -->\n<title>Luftskipet \u00abNorge\u00bbs flukt over Polhavet - NB Nettbutikk<\/title>\n<meta name=\"robots\" content=\"index, follow, max-snippet:-1, max-image-preview:large, max-video-preview:-1\" \/>\n<link rel=\"canonical\" href=\"https:\/\/www.nb.no\/nettbutikk\/produkt\/luftskipet-norge-s-flukt-over-polhavet\/\" \/>\n<meta property=\"og:locale\" content=\"nb_NO\" \/>\n<meta property=\"og:type\" content=\"article\" \/>\n<meta property=\"og:title\" content=\"Luftskipet \u00abNorge\u00bbs flukt over Polhavet - NB Nettbutikk\" \/>\n<meta property=\"og:description\" content=\"Etter et dramatisk fors\u00f8k p\u00e5 \u00e5 n\u00e5 Nordpolen med sj\u00f8fly i 1925, fikk Roald Amundsen og Lincoln Ellsworth kontakt med den italienske luftskipkonstrukt\u00f8ren Umberto Nobile. I 1926 flyr Nobile luftskipet \u00abNorge\u00bb gjennom Europa til Norge og Svalbard. P\u00e5 Svalbard er Amundsen, Ellsworth og resten av mannskapet klare til \u00e5 fortsette ferden over polpunktet, samtidig som Richard E. Byrd ankommer Svalbard for \u00e5 fly samme vei f\u00f8r Amundsen f\u00e5r tatt av med luftskipet. Filmen viser videre ferden med \u00abNorge\u00bb over polpunktet til Teller i Alaska, der de lander etter \u00e5 ha sluppet det norske, amerikanske og italienske flagget over polpunktet. Utgivelsen inneholder ogs\u00e5 et hefte med essayet \u00abI luftskip til Nordpolen med filmkamera\u00bb av professor Jan Anders Diesen. Foto: Paul Berge og Emil Horgen\" \/>\n<meta property=\"og:url\" content=\"https:\/\/www.nb.no\/nettbutikk\/produkt\/luftskipet-norge-s-flukt-over-polhavet\/\" \/>\n<meta property=\"og:site_name\" content=\"NB Nettbutikk\" \/>\n<meta property=\"article:modified_time\" content=\"2026-04-15T06:19:11+00:00\" \/>\n<meta property=\"og:image\" content=\"https:\/\/www.nb.no\/content\/uploads\/sites\/5\/2022\/10\/E6mp-pifWn-U4mniGoxN3v_N_3Ic7pZvNzWXmtLLAKtQc9f84LV4z-KNcDx2FsGQn3-tSbyFj1q1GThdApJebA.png\" \/>\n\t<meta property=\"og:image:width\" content=\"664\" \/>\n\t<meta property=\"og:image:height\" content=\"895\" \/>\n\t<meta property=\"og:image:type\" content=\"image\/png\" \/>\n<meta name=\"twitter:card\" content=\"summary_large_image\" \/>\n<meta name=\"twitter:label1\" content=\"Ansl. lesetid\" \/>\n\t<meta name=\"twitter:data1\" content=\"1 minutt\" \/>\n<script type=\"application\/ld+json\" class=\"yoast-schema-graph\">{\"@context\":\"https:\/\/schema.org\",\"@graph\":[{\"@type\":\"WebPage\",\"@id\":\"https:\/\/www.nb.no\/nettbutikk\/produkt\/luftskipet-norge-s-flukt-over-polhavet\/\",\"url\":\"https:\/\/www.nb.no\/nettbutikk\/produkt\/luftskipet-norge-s-flukt-over-polhavet\/\",\"name\":\"Luftskipet \u00abNorge\u00bbs flukt over Polhavet - NB Nettbutikk\",\"isPartOf\":{\"@id\":\"https:\/\/www.nb.no\/nettbutikk\/#website\"},\"primaryImageOfPage\":{\"@id\":\"https:\/\/www.nb.no\/nettbutikk\/produkt\/luftskipet-norge-s-flukt-over-polhavet\/#primaryimage\"},\"image\":{\"@id\":\"https:\/\/www.nb.no\/nettbutikk\/produkt\/luftskipet-norge-s-flukt-over-polhavet\/#primaryimage\"},\"thumbnailUrl\":\"https:\/\/www.nb.no\/content\/uploads\/sites\/5\/2022\/10\/E6mp-pifWn-U4mniGoxN3v_N_3Ic7pZvNzWXmtLLAKtQc9f84LV4z-KNcDx2FsGQn3-tSbyFj1q1GThdApJebA.png\",\"datePublished\":\"2022-10-11T07:15:33+00:00\",\"dateModified\":\"2026-04-15T06:19:11+00:00\",\"breadcrumb\":{\"@id\":\"https:\/\/www.nb.no\/nettbutikk\/produkt\/luftskipet-norge-s-flukt-over-polhavet\/#breadcrumb\"},\"inLanguage\":\"nb-NO\",\"potentialAction\":[{\"@type\":\"ReadAction\",\"target\":[\"https:\/\/www.nb.no\/nettbutikk\/produkt\/luftskipet-norge-s-flukt-over-polhavet\/\"]}]},{\"@type\":\"ImageObject\",\"inLanguage\":\"nb-NO\",\"@id\":\"https:\/\/www.nb.no\/nettbutikk\/produkt\/luftskipet-norge-s-flukt-over-polhavet\/#primaryimage\",\"url\":\"https:\/\/www.nb.no\/content\/uploads\/sites\/5\/2022\/10\/E6mp-pifWn-U4mniGoxN3v_N_3Ic7pZvNzWXmtLLAKtQc9f84LV4z-KNcDx2FsGQn3-tSbyFj1q1GThdApJebA.png\",\"contentUrl\":\"https:\/\/www.nb.no\/content\/uploads\/sites\/5\/2022\/10\/E6mp-pifWn-U4mniGoxN3v_N_3Ic7pZvNzWXmtLLAKtQc9f84LV4z-KNcDx2FsGQn3-tSbyFj1q1GThdApJebA.png\",\"width\":664,\"height\":895,\"caption\":\"Luftskipet \u00abNorge\u00bbs flukt over Polhavet\"},{\"@type\":\"BreadcrumbList\",\"@id\":\"https:\/\/www.nb.no\/nettbutikk\/produkt\/luftskipet-norge-s-flukt-over-polhavet\/#breadcrumb\",\"itemListElement\":[{\"@type\":\"ListItem\",\"position\":1,\"name\":\"Home\",\"item\":\"https:\/\/www.nb.no\/nettbutikk\/\"},{\"@type\":\"ListItem\",\"position\":2,\"name\":\"Butikk\",\"item\":\"https:\/\/www.nb.no\/nettbutikk\/butikk\/\"},{\"@type\":\"ListItem\",\"position\":3,\"name\":\"Luftskipet \u00abNorge\u00bbs flukt over Polhavet\"}]},{\"@type\":\"WebSite\",\"@id\":\"https:\/\/www.nb.no\/nettbutikk\/#website\",\"url\":\"https:\/\/www.nb.no\/nettbutikk\/\",\"name\":\"NB Nettbutikk\",\"description\":\"\",\"potentialAction\":[{\"@type\":\"SearchAction\",\"target\":{\"@type\":\"EntryPoint\",\"urlTemplate\":\"https:\/\/www.nb.no\/nettbutikk\/?s={search_term_string}\"},\"query-input\":{\"@type\":\"PropertyValueSpecification\",\"valueRequired\":true,\"valueName\":\"search_term_string\"}}],\"inLanguage\":\"nb-NO\"}]}<\/script>\n<!-- \/ Yoast SEO plugin. -->","yoast_head_json":{"title":"Luftskipet \u00abNorge\u00bbs flukt over Polhavet - NB Nettbutikk","robots":{"index":"index","follow":"follow","max-snippet":"max-snippet:-1","max-image-preview":"max-image-preview:large","max-video-preview":"max-video-preview:-1"},"canonical":"https:\/\/www.nb.no\/nettbutikk\/produkt\/luftskipet-norge-s-flukt-over-polhavet\/","og_locale":"nb_NO","og_type":"article","og_title":"Luftskipet \u00abNorge\u00bbs flukt over Polhavet - NB Nettbutikk","og_description":"Etter et dramatisk fors\u00f8k p\u00e5 \u00e5 n\u00e5 Nordpolen med sj\u00f8fly i 1925, fikk Roald Amundsen og Lincoln Ellsworth kontakt med den italienske luftskipkonstrukt\u00f8ren Umberto Nobile. I 1926 flyr Nobile luftskipet \u00abNorge\u00bb gjennom Europa til Norge og Svalbard. P\u00e5 Svalbard er Amundsen, Ellsworth og resten av mannskapet klare til \u00e5 fortsette ferden over polpunktet, samtidig som Richard E. Byrd ankommer Svalbard for \u00e5 fly samme vei f\u00f8r Amundsen f\u00e5r tatt av med luftskipet. Filmen viser videre ferden med \u00abNorge\u00bb over polpunktet til Teller i Alaska, der de lander etter \u00e5 ha sluppet det norske, amerikanske og italienske flagget over polpunktet. Utgivelsen inneholder ogs\u00e5 et hefte med essayet \u00abI luftskip til Nordpolen med filmkamera\u00bb av professor Jan Anders Diesen. Foto: Paul Berge og Emil Horgen","og_url":"https:\/\/www.nb.no\/nettbutikk\/produkt\/luftskipet-norge-s-flukt-over-polhavet\/","og_site_name":"NB Nettbutikk","article_modified_time":"2026-04-15T06:19:11+00:00","og_image":[{"width":664,"height":895,"url":"https:\/\/www.nb.no\/content\/uploads\/sites\/5\/2022\/10\/E6mp-pifWn-U4mniGoxN3v_N_3Ic7pZvNzWXmtLLAKtQc9f84LV4z-KNcDx2FsGQn3-tSbyFj1q1GThdApJebA.png","type":"image\/png"}],"twitter_card":"summary_large_image","twitter_misc":{"Ansl. lesetid":"1 minutt"},"schema":{"@context":"https:\/\/schema.org","@graph":[{"@type":"WebPage","@id":"https:\/\/www.nb.no\/nettbutikk\/produkt\/luftskipet-norge-s-flukt-over-polhavet\/","url":"https:\/\/www.nb.no\/nettbutikk\/produkt\/luftskipet-norge-s-flukt-over-polhavet\/","name":"Luftskipet \u00abNorge\u00bbs flukt over Polhavet - NB Nettbutikk","isPartOf":{"@id":"https:\/\/www.nb.no\/nettbutikk\/#website"},"primaryImageOfPage":{"@id":"https:\/\/www.nb.no\/nettbutikk\/produkt\/luftskipet-norge-s-flukt-over-polhavet\/#primaryimage"},"image":{"@id":"https:\/\/www.nb.no\/nettbutikk\/produkt\/luftskipet-norge-s-flukt-over-polhavet\/#primaryimage"},"thumbnailUrl":"https:\/\/www.nb.no\/content\/uploads\/sites\/5\/2022\/10\/E6mp-pifWn-U4mniGoxN3v_N_3Ic7pZvNzWXmtLLAKtQc9f84LV4z-KNcDx2FsGQn3-tSbyFj1q1GThdApJebA.png","datePublished":"2022-10-11T07:15:33+00:00","dateModified":"2026-04-15T06:19:11+00:00","breadcrumb":{"@id":"https:\/\/www.nb.no\/nettbutikk\/produkt\/luftskipet-norge-s-flukt-over-polhavet\/#breadcrumb"},"inLanguage":"nb-NO","potentialAction":[{"@type":"ReadAction","target":["https:\/\/www.nb.no\/nettbutikk\/produkt\/luftskipet-norge-s-flukt-over-polhavet\/"]}]},{"@type":"ImageObject","inLanguage":"nb-NO","@id":"https:\/\/www.nb.no\/nettbutikk\/produkt\/luftskipet-norge-s-flukt-over-polhavet\/#primaryimage","url":"https:\/\/www.nb.no\/content\/uploads\/sites\/5\/2022\/10\/E6mp-pifWn-U4mniGoxN3v_N_3Ic7pZvNzWXmtLLAKtQc9f84LV4z-KNcDx2FsGQn3-tSbyFj1q1GThdApJebA.png","contentUrl":"https:\/\/www.nb.no\/content\/uploads\/sites\/5\/2022\/10\/E6mp-pifWn-U4mniGoxN3v_N_3Ic7pZvNzWXmtLLAKtQc9f84LV4z-KNcDx2FsGQn3-tSbyFj1q1GThdApJebA.png","width":664,"height":895,"caption":"Luftskipet \u00abNorge\u00bbs flukt over Polhavet"},{"@type":"BreadcrumbList","@id":"https:\/\/www.nb.no\/nettbutikk\/produkt\/luftskipet-norge-s-flukt-over-polhavet\/#breadcrumb","itemListElement":[{"@type":"ListItem","position":1,"name":"Home","item":"https:\/\/www.nb.no\/nettbutikk\/"},{"@type":"ListItem","position":2,"name":"Butikk","item":"https:\/\/www.nb.no\/nettbutikk\/butikk\/"},{"@type":"ListItem","position":3,"name":"Luftskipet \u00abNorge\u00bbs flukt over Polhavet"}]},{"@type":"WebSite","@id":"https:\/\/www.nb.no\/nettbutikk\/#website","url":"https:\/\/www.nb.no\/nettbutikk\/","name":"NB Nettbutikk","description":"","potentialAction":[{"@type":"SearchAction","target":{"@type":"EntryPoint","urlTemplate":"https:\/\/www.nb.no\/nettbutikk\/?s={search_term_string}"},"query-input":{"@type":"PropertyValueSpecification","valueRequired":true,"valueName":"search_term_string"}}],"inLanguage":"nb-NO"}]}},"_links":{"self":[{"href":"https:\/\/www.nb.no\/nettbutikk\/wp-json\/wp\/v2\/product\/15068","targetHints":{"allow":["GET"]}}],"collection":[{"href":"https:\/\/www.nb.no\/nettbutikk\/wp-json\/wp\/v2\/product"}],"about":[{"href":"https:\/\/www.nb.no\/nettbutikk\/wp-json\/wp\/v2\/types\/product"}],"wp:featuredmedia":[{"embeddable":true,"href":"https:\/\/www.nb.no\/nettbutikk\/wp-json\/wp\/v2\/media\/16118"}],"wp:attachment":[{"href":"https:\/\/www.nb.no\/nettbutikk\/wp-json\/wp\/v2\/media?parent=15068"}],"wp:term":[{"taxonomy":"product_brand","embeddable":true,"href":"https:\/\/www.nb.no\/nettbutikk\/wp-json\/wp\/v2\/product_brand?post=15068"},{"taxonomy":"product_cat","embeddable":true,"href":"https:\/\/www.nb.no\/nettbutikk\/wp-json\/wp\/v2\/product_cat?post=15068"},{"taxonomy":"product_tag","embeddable":true,"href":"https:\/\/www.nb.no\/nettbutikk\/wp-json\/wp\/v2\/product_tag?post=15068"}],"curies":[{"name":"wp","href":"https:\/\/api.w.org\/{rel}","templated":true}]}}