{"id":14837,"date":"2022-10-11T09:14:51","date_gmt":"2022-10-11T07:14:51","guid":{"rendered":"https:\/\/www.nb.no\/nettbutikk\/produkt\/kronprins-olav-pa-motorsykkel-ukjent-ar\/"},"modified":"2026-03-29T06:00:53","modified_gmt":"2026-03-29T04:00:53","slug":"kronprins-olav-pa-motorsykkel-ukjent-ar","status":"publish","type":"product","link":"https:\/\/www.nb.no\/nettbutikk\/produkt\/kronprins-olav-pa-motorsykkel-ukjent-ar\/","title":{"rendered":"Kronprins Olav p\u00e5 motorsykkel, ukjent \u00e5r"},"content":{"rendered":"","protected":false},"excerpt":{"rendered":"<p>Kronprins Olav (1903\u20131991) p\u00e5 motorsykkel. Ukjent \u00e5r. Foto: A. Sj\u00f8lie<\/p>\n","protected":false},"featured_media":14834,"template":"","meta":{"nb_hide_title":false,"nb_breadcrumb_title_override":""},"product_brand":[],"product_cat":[1243],"product_tag":[3871],"class_list":{"0":"post-14837","1":"product","2":"type-product","3":"status-publish","4":"has-post-thumbnail","6":"product_cat-postkort-enkle","7":"product_tag-kongefamilien","9":"first","10":"instock","11":"taxable","12":"shipping-taxable","13":"purchasable","14":"product-type-simple"},"yoast_head":"<!-- This site is optimized with the Yoast SEO plugin v27.1.1 - https:\/\/yoast.com\/product\/yoast-seo-wordpress\/ -->\n<title>Kronprins Olav p\u00e5 motorsykkel, ukjent \u00e5r - NB Nettbutikk<\/title>\n<meta name=\"robots\" content=\"index, follow, max-snippet:-1, max-image-preview:large, max-video-preview:-1\" \/>\n<link rel=\"canonical\" href=\"https:\/\/www.nb.no\/nettbutikk\/produkt\/kronprins-olav-pa-motorsykkel-ukjent-ar\/\" \/>\n<meta property=\"og:locale\" content=\"nb_NO\" \/>\n<meta property=\"og:type\" content=\"article\" \/>\n<meta property=\"og:title\" content=\"Kronprins Olav p\u00e5 motorsykkel, ukjent \u00e5r - NB Nettbutikk\" \/>\n<meta property=\"og:description\" content=\"Kronprins Olav (1903\u20131991) p\u00e5 motorsykkel. Ukjent \u00e5r. Foto: A. Sj\u00f8lie\" \/>\n<meta property=\"og:url\" content=\"https:\/\/www.nb.no\/nettbutikk\/produkt\/kronprins-olav-pa-motorsykkel-ukjent-ar\/\" \/>\n<meta property=\"og:site_name\" content=\"NB Nettbutikk\" \/>\n<meta property=\"article:modified_time\" content=\"2026-03-29T04:00:53+00:00\" \/>\n<meta property=\"og:image\" content=\"https:\/\/www.nb.no\/content\/uploads\/sites\/5\/2022\/10\/E6mp-pifWn-U4mniGoxN3v_N_3Ic7pZvNzWXmoLKBK0AdYyttrR4yOONc2V6RMbFny-oSbzYjFm6EjwJAohAbA.jpg\" \/>\n\t<meta property=\"og:image:width\" content=\"1200\" \/>\n\t<meta property=\"og:image:height\" content=\"809\" \/>\n\t<meta property=\"og:image:type\" content=\"image\/jpeg\" \/>\n<meta name=\"twitter:card\" content=\"summary_large_image\" \/>\n<meta name=\"twitter:label1\" content=\"Ansl. lesetid\" \/>\n\t<meta name=\"twitter:data1\" content=\"1 minutt\" \/>\n<script type=\"application\/ld+json\" class=\"yoast-schema-graph\">{\"@context\":\"https:\/\/schema.org\",\"@graph\":[{\"@type\":\"WebPage\",\"@id\":\"https:\/\/www.nb.no\/nettbutikk\/produkt\/kronprins-olav-pa-motorsykkel-ukjent-ar\/\",\"url\":\"https:\/\/www.nb.no\/nettbutikk\/produkt\/kronprins-olav-pa-motorsykkel-ukjent-ar\/\",\"name\":\"Kronprins Olav p\u00e5 motorsykkel, ukjent \u00e5r - NB Nettbutikk\",\"isPartOf\":{\"@id\":\"https:\/\/www.nb.no\/nettbutikk\/#website\"},\"primaryImageOfPage\":{\"@id\":\"https:\/\/www.nb.no\/nettbutikk\/produkt\/kronprins-olav-pa-motorsykkel-ukjent-ar\/#primaryimage\"},\"image\":{\"@id\":\"https:\/\/www.nb.no\/nettbutikk\/produkt\/kronprins-olav-pa-motorsykkel-ukjent-ar\/#primaryimage\"},\"thumbnailUrl\":\"https:\/\/www.nb.no\/content\/uploads\/sites\/5\/2022\/10\/E6mp-pifWn-U4mniGoxN3v_N_3Ic7pZvNzWXmoLKBK0AdYyttrR4yOONc2V6RMbFny-oSbzYjFm6EjwJAohAbA.jpg\",\"datePublished\":\"2022-10-11T07:14:51+00:00\",\"dateModified\":\"2026-03-29T04:00:53+00:00\",\"breadcrumb\":{\"@id\":\"https:\/\/www.nb.no\/nettbutikk\/produkt\/kronprins-olav-pa-motorsykkel-ukjent-ar\/#breadcrumb\"},\"inLanguage\":\"nb-NO\",\"potentialAction\":[{\"@type\":\"ReadAction\",\"target\":[\"https:\/\/www.nb.no\/nettbutikk\/produkt\/kronprins-olav-pa-motorsykkel-ukjent-ar\/\"]}]},{\"@type\":\"ImageObject\",\"inLanguage\":\"nb-NO\",\"@id\":\"https:\/\/www.nb.no\/nettbutikk\/produkt\/kronprins-olav-pa-motorsykkel-ukjent-ar\/#primaryimage\",\"url\":\"https:\/\/www.nb.no\/content\/uploads\/sites\/5\/2022\/10\/E6mp-pifWn-U4mniGoxN3v_N_3Ic7pZvNzWXmoLKBK0AdYyttrR4yOONc2V6RMbFny-oSbzYjFm6EjwJAohAbA.jpg\",\"contentUrl\":\"https:\/\/www.nb.no\/content\/uploads\/sites\/5\/2022\/10\/E6mp-pifWn-U4mniGoxN3v_N_3Ic7pZvNzWXmoLKBK0AdYyttrR4yOONc2V6RMbFny-oSbzYjFm6EjwJAohAbA.jpg\",\"width\":1200,\"height\":809,\"caption\":\"Kronprins Olav p\u00e5 motorsykkel. Ukjent \u00e5r\"},{\"@type\":\"BreadcrumbList\",\"@id\":\"https:\/\/www.nb.no\/nettbutikk\/produkt\/kronprins-olav-pa-motorsykkel-ukjent-ar\/#breadcrumb\",\"itemListElement\":[{\"@type\":\"ListItem\",\"position\":1,\"name\":\"Home\",\"item\":\"https:\/\/www.nb.no\/nettbutikk\/\"},{\"@type\":\"ListItem\",\"position\":2,\"name\":\"Butikk\",\"item\":\"https:\/\/www.nb.no\/nettbutikk\/butikk\/\"},{\"@type\":\"ListItem\",\"position\":3,\"name\":\"Kronprins Olav p\u00e5 motorsykkel, ukjent \u00e5r\"}]},{\"@type\":\"WebSite\",\"@id\":\"https:\/\/www.nb.no\/nettbutikk\/#website\",\"url\":\"https:\/\/www.nb.no\/nettbutikk\/\",\"name\":\"NB Nettbutikk\",\"description\":\"\",\"potentialAction\":[{\"@type\":\"SearchAction\",\"target\":{\"@type\":\"EntryPoint\",\"urlTemplate\":\"https:\/\/www.nb.no\/nettbutikk\/?s={search_term_string}\"},\"query-input\":{\"@type\":\"PropertyValueSpecification\",\"valueRequired\":true,\"valueName\":\"search_term_string\"}}],\"inLanguage\":\"nb-NO\"}]}<\/script>\n<!-- \/ Yoast SEO plugin. -->","yoast_head_json":{"title":"Kronprins Olav p\u00e5 motorsykkel, ukjent \u00e5r - NB Nettbutikk","robots":{"index":"index","follow":"follow","max-snippet":"max-snippet:-1","max-image-preview":"max-image-preview:large","max-video-preview":"max-video-preview:-1"},"canonical":"https:\/\/www.nb.no\/nettbutikk\/produkt\/kronprins-olav-pa-motorsykkel-ukjent-ar\/","og_locale":"nb_NO","og_type":"article","og_title":"Kronprins Olav p\u00e5 motorsykkel, ukjent \u00e5r - NB Nettbutikk","og_description":"Kronprins Olav (1903\u20131991) p\u00e5 motorsykkel. Ukjent \u00e5r. Foto: A. Sj\u00f8lie","og_url":"https:\/\/www.nb.no\/nettbutikk\/produkt\/kronprins-olav-pa-motorsykkel-ukjent-ar\/","og_site_name":"NB Nettbutikk","article_modified_time":"2026-03-29T04:00:53+00:00","og_image":[{"width":1200,"height":809,"url":"https:\/\/www.nb.no\/content\/uploads\/sites\/5\/2022\/10\/E6mp-pifWn-U4mniGoxN3v_N_3Ic7pZvNzWXmoLKBK0AdYyttrR4yOONc2V6RMbFny-oSbzYjFm6EjwJAohAbA.jpg","type":"image\/jpeg"}],"twitter_card":"summary_large_image","twitter_misc":{"Ansl. lesetid":"1 minutt"},"schema":{"@context":"https:\/\/schema.org","@graph":[{"@type":"WebPage","@id":"https:\/\/www.nb.no\/nettbutikk\/produkt\/kronprins-olav-pa-motorsykkel-ukjent-ar\/","url":"https:\/\/www.nb.no\/nettbutikk\/produkt\/kronprins-olav-pa-motorsykkel-ukjent-ar\/","name":"Kronprins Olav p\u00e5 motorsykkel, ukjent \u00e5r - NB Nettbutikk","isPartOf":{"@id":"https:\/\/www.nb.no\/nettbutikk\/#website"},"primaryImageOfPage":{"@id":"https:\/\/www.nb.no\/nettbutikk\/produkt\/kronprins-olav-pa-motorsykkel-ukjent-ar\/#primaryimage"},"image":{"@id":"https:\/\/www.nb.no\/nettbutikk\/produkt\/kronprins-olav-pa-motorsykkel-ukjent-ar\/#primaryimage"},"thumbnailUrl":"https:\/\/www.nb.no\/content\/uploads\/sites\/5\/2022\/10\/E6mp-pifWn-U4mniGoxN3v_N_3Ic7pZvNzWXmoLKBK0AdYyttrR4yOONc2V6RMbFny-oSbzYjFm6EjwJAohAbA.jpg","datePublished":"2022-10-11T07:14:51+00:00","dateModified":"2026-03-29T04:00:53+00:00","breadcrumb":{"@id":"https:\/\/www.nb.no\/nettbutikk\/produkt\/kronprins-olav-pa-motorsykkel-ukjent-ar\/#breadcrumb"},"inLanguage":"nb-NO","potentialAction":[{"@type":"ReadAction","target":["https:\/\/www.nb.no\/nettbutikk\/produkt\/kronprins-olav-pa-motorsykkel-ukjent-ar\/"]}]},{"@type":"ImageObject","inLanguage":"nb-NO","@id":"https:\/\/www.nb.no\/nettbutikk\/produkt\/kronprins-olav-pa-motorsykkel-ukjent-ar\/#primaryimage","url":"https:\/\/www.nb.no\/content\/uploads\/sites\/5\/2022\/10\/E6mp-pifWn-U4mniGoxN3v_N_3Ic7pZvNzWXmoLKBK0AdYyttrR4yOONc2V6RMbFny-oSbzYjFm6EjwJAohAbA.jpg","contentUrl":"https:\/\/www.nb.no\/content\/uploads\/sites\/5\/2022\/10\/E6mp-pifWn-U4mniGoxN3v_N_3Ic7pZvNzWXmoLKBK0AdYyttrR4yOONc2V6RMbFny-oSbzYjFm6EjwJAohAbA.jpg","width":1200,"height":809,"caption":"Kronprins Olav p\u00e5 motorsykkel. Ukjent \u00e5r"},{"@type":"BreadcrumbList","@id":"https:\/\/www.nb.no\/nettbutikk\/produkt\/kronprins-olav-pa-motorsykkel-ukjent-ar\/#breadcrumb","itemListElement":[{"@type":"ListItem","position":1,"name":"Home","item":"https:\/\/www.nb.no\/nettbutikk\/"},{"@type":"ListItem","position":2,"name":"Butikk","item":"https:\/\/www.nb.no\/nettbutikk\/butikk\/"},{"@type":"ListItem","position":3,"name":"Kronprins Olav p\u00e5 motorsykkel, ukjent \u00e5r"}]},{"@type":"WebSite","@id":"https:\/\/www.nb.no\/nettbutikk\/#website","url":"https:\/\/www.nb.no\/nettbutikk\/","name":"NB Nettbutikk","description":"","potentialAction":[{"@type":"SearchAction","target":{"@type":"EntryPoint","urlTemplate":"https:\/\/www.nb.no\/nettbutikk\/?s={search_term_string}"},"query-input":{"@type":"PropertyValueSpecification","valueRequired":true,"valueName":"search_term_string"}}],"inLanguage":"nb-NO"}]}},"_links":{"self":[{"href":"https:\/\/www.nb.no\/nettbutikk\/wp-json\/wp\/v2\/product\/14837","targetHints":{"allow":["GET"]}}],"collection":[{"href":"https:\/\/www.nb.no\/nettbutikk\/wp-json\/wp\/v2\/product"}],"about":[{"href":"https:\/\/www.nb.no\/nettbutikk\/wp-json\/wp\/v2\/types\/product"}],"wp:featuredmedia":[{"embeddable":true,"href":"https:\/\/www.nb.no\/nettbutikk\/wp-json\/wp\/v2\/media\/14834"}],"wp:attachment":[{"href":"https:\/\/www.nb.no\/nettbutikk\/wp-json\/wp\/v2\/media?parent=14837"}],"wp:term":[{"taxonomy":"product_brand","embeddable":true,"href":"https:\/\/www.nb.no\/nettbutikk\/wp-json\/wp\/v2\/product_brand?post=14837"},{"taxonomy":"product_cat","embeddable":true,"href":"https:\/\/www.nb.no\/nettbutikk\/wp-json\/wp\/v2\/product_cat?post=14837"},{"taxonomy":"product_tag","embeddable":true,"href":"https:\/\/www.nb.no\/nettbutikk\/wp-json\/wp\/v2\/product_tag?post=14837"}],"curies":[{"name":"wp","href":"https:\/\/api.w.org\/{rel}","templated":true}]}}