{"id":14259,"date":"2022-10-11T09:13:05","date_gmt":"2022-10-11T07:13:05","guid":{"rendered":"https:\/\/www.nb.no\/nettbutikk\/produkt\/anja-breien\/"},"modified":"2026-05-13T15:53:07","modified_gmt":"2026-05-13T13:53:07","slug":"anja-breien","status":"publish","type":"product","link":"https:\/\/www.nb.no\/nettbutikk\/produkt\/anja-breien\/","title":{"rendered":"Anja Breien"},"content":{"rendered":"","protected":false},"excerpt":{"rendered":"<p>Anja Breien er en av Norges mest betydningsfulle og allsidige filmregiss\u00f8rer. Her presenteres tre av hennes mest sentrale filmer for f\u00f8rste gang p\u00e5 DVD. <\/p>\n<p><i>Den allvarsamma leken<\/i> (1977), basert p\u00e5 Hjalmar S\u00f6derbergs roman av samme navn og lagt til Stockholm f\u00f8r 1. verdenskrig, forteller om en kvinne og en mann som holder fast ved sitt kj\u00e6rlighetsforhold samtidig som de tvinges inn i ekteskap med andre. <\/p>\n<p><i>Arven<\/i> (1979) er historien om hvordan en velst\u00e5ende familie splittes n\u00e5r en betydelig arv skal fordeles. <\/p>\n<p><i>Forf\u00f8lgelsen<\/i> (1981), som finner sted i en norsk bygd p\u00e5 1600-tallet, skildrer hvordan en nylig ankommet kvinne blir gjenstand for mistenksomhet og forf\u00f8lgelse.<\/p>\n","protected":false},"featured_media":16115,"template":"","meta":{"nb_hide_title":false,"nb_breadcrumb_title_override":""},"product_brand":[],"product_cat":[1665],"product_tag":[3817],"class_list":{"0":"post-14259","1":"product","2":"type-product","3":"status-publish","4":"has-post-thumbnail","6":"product_cat-filmer","7":"product_tag-film","9":"first","10":"instock","11":"taxable","12":"shipping-taxable","13":"purchasable","14":"product-type-simple"},"yoast_head":"<!-- This site is optimized with the Yoast SEO plugin v27.1.1 - https:\/\/yoast.com\/product\/yoast-seo-wordpress\/ -->\n<title>Anja Breien - NB Nettbutikk<\/title>\n<meta name=\"robots\" content=\"index, follow, max-snippet:-1, max-image-preview:large, max-video-preview:-1\" \/>\n<link rel=\"canonical\" href=\"https:\/\/www.nb.no\/nettbutikk\/produkt\/anja-breien\/\" \/>\n<meta property=\"og:locale\" content=\"nb_NO\" \/>\n<meta property=\"og:type\" content=\"article\" \/>\n<meta property=\"og:title\" content=\"Anja Breien - NB Nettbutikk\" \/>\n<meta property=\"og:description\" content=\"Anja Breien er en av Norges mest betydningsfulle og allsidige filmregiss\u00f8rer. Her presenteres tre av hennes mest sentrale filmer for f\u00f8rste gang p\u00e5 DVD.  Den allvarsamma leken (1977), basert p\u00e5 Hjalmar S\u00f6derbergs roman av samme navn og lagt til Stockholm f\u00f8r 1. verdenskrig, forteller om en kvinne og en mann som holder fast ved sitt kj\u00e6rlighetsforhold samtidig som de tvinges inn i ekteskap med andre.  Arven (1979) er historien om hvordan en velst\u00e5ende familie splittes n\u00e5r en betydelig arv skal fordeles.  Forf\u00f8lgelsen (1981), som finner sted i en norsk bygd p\u00e5 1600-tallet, skildrer hvordan en nylig ankommet kvinne blir gjenstand for mistenksomhet og forf\u00f8lgelse.\" \/>\n<meta property=\"og:url\" content=\"https:\/\/www.nb.no\/nettbutikk\/produkt\/anja-breien\/\" \/>\n<meta property=\"og:site_name\" content=\"NB Nettbutikk\" \/>\n<meta property=\"article:modified_time\" content=\"2026-05-13T13:53:07+00:00\" \/>\n<meta property=\"og:image\" content=\"https:\/\/www.nb.no\/content\/uploads\/sites\/5\/2022\/10\/E6mp-pifWn-U4mniGoxN3v_N_3Ic7pZvNzWXmtKYAvZRdIKvtuIonrXecj17QZCWziP9SOiJjV3jEmtTApJebA.png\" \/>\n\t<meta property=\"og:image:width\" content=\"605\" \/>\n\t<meta property=\"og:image:height\" content=\"853\" \/>\n\t<meta property=\"og:image:type\" content=\"image\/png\" \/>\n<meta name=\"twitter:card\" content=\"summary_large_image\" \/>\n<meta name=\"twitter:label1\" content=\"Ansl. lesetid\" \/>\n\t<meta name=\"twitter:data1\" content=\"1 minutt\" \/>\n<script type=\"application\/ld+json\" class=\"yoast-schema-graph\">{\"@context\":\"https:\/\/schema.org\",\"@graph\":[{\"@type\":\"WebPage\",\"@id\":\"https:\/\/www.nb.no\/nettbutikk\/produkt\/anja-breien\/\",\"url\":\"https:\/\/www.nb.no\/nettbutikk\/produkt\/anja-breien\/\",\"name\":\"Anja Breien - NB Nettbutikk\",\"isPartOf\":{\"@id\":\"https:\/\/www.nb.no\/nettbutikk\/#website\"},\"primaryImageOfPage\":{\"@id\":\"https:\/\/www.nb.no\/nettbutikk\/produkt\/anja-breien\/#primaryimage\"},\"image\":{\"@id\":\"https:\/\/www.nb.no\/nettbutikk\/produkt\/anja-breien\/#primaryimage\"},\"thumbnailUrl\":\"https:\/\/www.nb.no\/content\/uploads\/sites\/5\/2022\/10\/E6mp-pifWn-U4mniGoxN3v_N_3Ic7pZvNzWXmtKYAvZRdIKvtuIonrXecj17QZCWziP9SOiJjV3jEmtTApJebA.png\",\"datePublished\":\"2022-10-11T07:13:05+00:00\",\"dateModified\":\"2026-05-13T13:53:07+00:00\",\"breadcrumb\":{\"@id\":\"https:\/\/www.nb.no\/nettbutikk\/produkt\/anja-breien\/#breadcrumb\"},\"inLanguage\":\"nb-NO\",\"potentialAction\":[{\"@type\":\"ReadAction\",\"target\":[\"https:\/\/www.nb.no\/nettbutikk\/produkt\/anja-breien\/\"]}]},{\"@type\":\"ImageObject\",\"inLanguage\":\"nb-NO\",\"@id\":\"https:\/\/www.nb.no\/nettbutikk\/produkt\/anja-breien\/#primaryimage\",\"url\":\"https:\/\/www.nb.no\/content\/uploads\/sites\/5\/2022\/10\/E6mp-pifWn-U4mniGoxN3v_N_3Ic7pZvNzWXmtKYAvZRdIKvtuIonrXecj17QZCWziP9SOiJjV3jEmtTApJebA.png\",\"contentUrl\":\"https:\/\/www.nb.no\/content\/uploads\/sites\/5\/2022\/10\/E6mp-pifWn-U4mniGoxN3v_N_3Ic7pZvNzWXmtKYAvZRdIKvtuIonrXecj17QZCWziP9SOiJjV3jEmtTApJebA.png\",\"width\":605,\"height\":853,\"caption\":\"Anja Breien\"},{\"@type\":\"BreadcrumbList\",\"@id\":\"https:\/\/www.nb.no\/nettbutikk\/produkt\/anja-breien\/#breadcrumb\",\"itemListElement\":[{\"@type\":\"ListItem\",\"position\":1,\"name\":\"Home\",\"item\":\"https:\/\/www.nb.no\/nettbutikk\/\"},{\"@type\":\"ListItem\",\"position\":2,\"name\":\"Butikk\",\"item\":\"https:\/\/www.nb.no\/nettbutikk\/butikk\/\"},{\"@type\":\"ListItem\",\"position\":3,\"name\":\"Anja Breien\"}]},{\"@type\":\"WebSite\",\"@id\":\"https:\/\/www.nb.no\/nettbutikk\/#website\",\"url\":\"https:\/\/www.nb.no\/nettbutikk\/\",\"name\":\"NB Nettbutikk\",\"description\":\"\",\"potentialAction\":[{\"@type\":\"SearchAction\",\"target\":{\"@type\":\"EntryPoint\",\"urlTemplate\":\"https:\/\/www.nb.no\/nettbutikk\/?s={search_term_string}\"},\"query-input\":{\"@type\":\"PropertyValueSpecification\",\"valueRequired\":true,\"valueName\":\"search_term_string\"}}],\"inLanguage\":\"nb-NO\"}]}<\/script>\n<!-- \/ Yoast SEO plugin. -->","yoast_head_json":{"title":"Anja Breien - NB Nettbutikk","robots":{"index":"index","follow":"follow","max-snippet":"max-snippet:-1","max-image-preview":"max-image-preview:large","max-video-preview":"max-video-preview:-1"},"canonical":"https:\/\/www.nb.no\/nettbutikk\/produkt\/anja-breien\/","og_locale":"nb_NO","og_type":"article","og_title":"Anja Breien - NB Nettbutikk","og_description":"Anja Breien er en av Norges mest betydningsfulle og allsidige filmregiss\u00f8rer. Her presenteres tre av hennes mest sentrale filmer for f\u00f8rste gang p\u00e5 DVD.  Den allvarsamma leken (1977), basert p\u00e5 Hjalmar S\u00f6derbergs roman av samme navn og lagt til Stockholm f\u00f8r 1. verdenskrig, forteller om en kvinne og en mann som holder fast ved sitt kj\u00e6rlighetsforhold samtidig som de tvinges inn i ekteskap med andre.  Arven (1979) er historien om hvordan en velst\u00e5ende familie splittes n\u00e5r en betydelig arv skal fordeles.  Forf\u00f8lgelsen (1981), som finner sted i en norsk bygd p\u00e5 1600-tallet, skildrer hvordan en nylig ankommet kvinne blir gjenstand for mistenksomhet og forf\u00f8lgelse.","og_url":"https:\/\/www.nb.no\/nettbutikk\/produkt\/anja-breien\/","og_site_name":"NB Nettbutikk","article_modified_time":"2026-05-13T13:53:07+00:00","og_image":[{"width":605,"height":853,"url":"https:\/\/www.nb.no\/content\/uploads\/sites\/5\/2022\/10\/E6mp-pifWn-U4mniGoxN3v_N_3Ic7pZvNzWXmtKYAvZRdIKvtuIonrXecj17QZCWziP9SOiJjV3jEmtTApJebA.png","type":"image\/png"}],"twitter_card":"summary_large_image","twitter_misc":{"Ansl. lesetid":"1 minutt"},"schema":{"@context":"https:\/\/schema.org","@graph":[{"@type":"WebPage","@id":"https:\/\/www.nb.no\/nettbutikk\/produkt\/anja-breien\/","url":"https:\/\/www.nb.no\/nettbutikk\/produkt\/anja-breien\/","name":"Anja Breien - NB Nettbutikk","isPartOf":{"@id":"https:\/\/www.nb.no\/nettbutikk\/#website"},"primaryImageOfPage":{"@id":"https:\/\/www.nb.no\/nettbutikk\/produkt\/anja-breien\/#primaryimage"},"image":{"@id":"https:\/\/www.nb.no\/nettbutikk\/produkt\/anja-breien\/#primaryimage"},"thumbnailUrl":"https:\/\/www.nb.no\/content\/uploads\/sites\/5\/2022\/10\/E6mp-pifWn-U4mniGoxN3v_N_3Ic7pZvNzWXmtKYAvZRdIKvtuIonrXecj17QZCWziP9SOiJjV3jEmtTApJebA.png","datePublished":"2022-10-11T07:13:05+00:00","dateModified":"2026-05-13T13:53:07+00:00","breadcrumb":{"@id":"https:\/\/www.nb.no\/nettbutikk\/produkt\/anja-breien\/#breadcrumb"},"inLanguage":"nb-NO","potentialAction":[{"@type":"ReadAction","target":["https:\/\/www.nb.no\/nettbutikk\/produkt\/anja-breien\/"]}]},{"@type":"ImageObject","inLanguage":"nb-NO","@id":"https:\/\/www.nb.no\/nettbutikk\/produkt\/anja-breien\/#primaryimage","url":"https:\/\/www.nb.no\/content\/uploads\/sites\/5\/2022\/10\/E6mp-pifWn-U4mniGoxN3v_N_3Ic7pZvNzWXmtKYAvZRdIKvtuIonrXecj17QZCWziP9SOiJjV3jEmtTApJebA.png","contentUrl":"https:\/\/www.nb.no\/content\/uploads\/sites\/5\/2022\/10\/E6mp-pifWn-U4mniGoxN3v_N_3Ic7pZvNzWXmtKYAvZRdIKvtuIonrXecj17QZCWziP9SOiJjV3jEmtTApJebA.png","width":605,"height":853,"caption":"Anja Breien"},{"@type":"BreadcrumbList","@id":"https:\/\/www.nb.no\/nettbutikk\/produkt\/anja-breien\/#breadcrumb","itemListElement":[{"@type":"ListItem","position":1,"name":"Home","item":"https:\/\/www.nb.no\/nettbutikk\/"},{"@type":"ListItem","position":2,"name":"Butikk","item":"https:\/\/www.nb.no\/nettbutikk\/butikk\/"},{"@type":"ListItem","position":3,"name":"Anja Breien"}]},{"@type":"WebSite","@id":"https:\/\/www.nb.no\/nettbutikk\/#website","url":"https:\/\/www.nb.no\/nettbutikk\/","name":"NB Nettbutikk","description":"","potentialAction":[{"@type":"SearchAction","target":{"@type":"EntryPoint","urlTemplate":"https:\/\/www.nb.no\/nettbutikk\/?s={search_term_string}"},"query-input":{"@type":"PropertyValueSpecification","valueRequired":true,"valueName":"search_term_string"}}],"inLanguage":"nb-NO"}]}},"_links":{"self":[{"href":"https:\/\/www.nb.no\/nettbutikk\/wp-json\/wp\/v2\/product\/14259","targetHints":{"allow":["GET"]}}],"collection":[{"href":"https:\/\/www.nb.no\/nettbutikk\/wp-json\/wp\/v2\/product"}],"about":[{"href":"https:\/\/www.nb.no\/nettbutikk\/wp-json\/wp\/v2\/types\/product"}],"wp:featuredmedia":[{"embeddable":true,"href":"https:\/\/www.nb.no\/nettbutikk\/wp-json\/wp\/v2\/media\/16115"}],"wp:attachment":[{"href":"https:\/\/www.nb.no\/nettbutikk\/wp-json\/wp\/v2\/media?parent=14259"}],"wp:term":[{"taxonomy":"product_brand","embeddable":true,"href":"https:\/\/www.nb.no\/nettbutikk\/wp-json\/wp\/v2\/product_brand?post=14259"},{"taxonomy":"product_cat","embeddable":true,"href":"https:\/\/www.nb.no\/nettbutikk\/wp-json\/wp\/v2\/product_cat?post=14259"},{"taxonomy":"product_tag","embeddable":true,"href":"https:\/\/www.nb.no\/nettbutikk\/wp-json\/wp\/v2\/product_tag?post=14259"}],"curies":[{"name":"wp","href":"https:\/\/api.w.org\/{rel}","templated":true}]}}