{"id":326,"date":"2023-01-10T14:08:10","date_gmt":"2023-01-10T13:08:10","guid":{"rendered":"https:\/\/www.nb.no\/en\/?page_id=326"},"modified":"2023-09-05T12:38:24","modified_gmt":"2023-09-05T10:38:24","slug":"blackmetal","status":"publish","type":"page","link":"https:\/\/www.nb.no\/en\/blackmetal\/","title":{"rendered":"Bad Vibes"},"content":{"rendered":"\n<div class=\"wp-block-cover has-media alignfull has-custom-content-position is-position-top-left is-light\"><span aria-hidden=\"true\" class=\"wp-block-cover__background has-background-dim-0 has-background-dim\"><\/span><img loading=\"lazy\" decoding=\"async\" width=\"2560\" height=\"1707\" class=\"wp-block-cover__image-background wp-image-359\" alt=\"Black Metal forest\" src=\"https:\/\/www.nb.no\/content\/uploads\/sites\/26\/2023\/01\/skog_BW-scaled.jpg\" data-object-fit=\"cover\" srcset=\"https:\/\/www.nb.no\/content\/uploads\/sites\/26\/2023\/01\/skog_BW-scaled.jpg 2560w, https:\/\/www.nb.no\/content\/uploads\/sites\/26\/2023\/01\/skog_BW-300x200.jpg 300w, https:\/\/www.nb.no\/content\/uploads\/sites\/26\/2023\/01\/skog_BW-1024x683.jpg 1024w, https:\/\/www.nb.no\/content\/uploads\/sites\/26\/2023\/01\/skog_BW-768x512.jpg 768w, https:\/\/www.nb.no\/content\/uploads\/sites\/26\/2023\/01\/skog_BW-1536x1024.jpg 1536w, https:\/\/www.nb.no\/content\/uploads\/sites\/26\/2023\/01\/skog_BW-2048x1365.jpg 2048w\" sizes=\"auto, (max-width: 2560px) 100vw, 2560px\" \/><div class=\"wp-block-cover__inner-container is-layout-flow wp-block-cover-is-layout-flow\">\n<div class=\"wp-block-group is-style-small-block-spacing has-background-color has-foreground-background-color has-text-color has-background is-layout-flow wp-block-group-is-layout-flow\"><h1 class=\"wp-block-post-title\">Bad Vibes<\/h1>\n\n\n<p>Experience bad vibes at the National Library of Norway Open 29 March \u2013 16 September 2023<\/p>\n\n\n\n<div class=\"wp-block-buttons is-layout-flex wp-block-buttons-is-layout-flex\"><\/div>\n<\/div>\n<\/div><\/div>\n\n\n\n<p>Norwegian black metal explores the dark side of human beings and nature, and is thoroughly uncomfortable. If you dare to approach the discomfort, it may have something to offer each and every one of us.<\/p>\n\n\n\n<p>Today, the unique sound of Norwegian black metal is famous all over the world. From its humble beginnings in childhood bedrooms all over rural towns of Norway, as a voice of opposition to safety and establishment, black metal has grown into a worldwide, close-knit counterculture.<\/p>\n\n\n\n<p>From 29 March, when the National Library invites the public to its extensive offering including an exhibition, events, a podcast and a book launch, you can experience this world of strong emotions.<\/p>\n\n\n<div class=\"t2-featured-single-post t2-featured-content is-post-type-exhibit wp-block-t2-featured-single-post\"><a class=\"nb-post-link default wp-block-nb-post-link\" href=\"https:\/\/www.nb.no\/en\/exhibit\/bad-vibes-sonic-emotions-in-norwegian-black-metal\/\">\n<figure class=\"nb-post-featured-image has-image-ratio-16-9 wp-block-nb-post-featured-image\"><img loading=\"lazy\" decoding=\"async\" width=\"768\" height=\"512\" src=\"https:\/\/www.nb.no\/content\/uploads\/sites\/26\/2023\/01\/skog_BW-768x512.jpg\" class=\"attachment-medium_large size-medium_large wp-post-image\" alt=\"Black Metal forest\" srcset=\"https:\/\/www.nb.no\/content\/uploads\/sites\/26\/2023\/01\/skog_BW-768x512.jpg 768w, https:\/\/www.nb.no\/content\/uploads\/sites\/26\/2023\/01\/skog_BW-300x200.jpg 300w, https:\/\/www.nb.no\/content\/uploads\/sites\/26\/2023\/01\/skog_BW-1024x683.jpg 1024w, https:\/\/www.nb.no\/content\/uploads\/sites\/26\/2023\/01\/skog_BW-1536x1024.jpg 1536w, https:\/\/www.nb.no\/content\/uploads\/sites\/26\/2023\/01\/skog_BW-2048x1365.jpg 2048w\" sizes=\"auto, (min-width: 1200px) 384px, (min-width: 700px) 33vw, 350px\" \/><\/figure>\n\n<div class=\"wp-block-group alignfull is-layout-flow wp-block-group-is-layout-flow\">\n\t<div class=\"nb-post-label wp-block-nb-post-label\">Ended exhibition<\/div>\n\t<h2 class=\"t2-post-title wp-block-t2-post-title\">Bad vibes. Sonic emotions in Norwegian black metal<\/h2>\n\t\n\t\n\t<div class=\"nb-post-subtitle wp-block-nb-post-subtitle\">29 March 2023 \u2013 16 September 2023<br \/>Free entrance<\/div>\n<\/div>\n\n<\/a>\n<\/div>\n\n\n<figure class=\"wp-block-embed dekode-gtm-iframe-preview is-type-video is-provider-youtube wp-block-embed-youtube wp-embed-aspect-16-9 wp-has-aspect-ratio\"><div class=\"wp-block-embed__wrapper\">\n<iframe title=\"Bad vibes. Sonic emotions in Norwegian black metal.\" width=\"500\" height=\"281\" data-cookieconsent=\"marketing\" data-cookieblock-src=\"https:\/\/www.youtube.com\/embed\/mkVw8SfVz4c?feature=oembed\" frameborder=\"0\" allow=\"accelerometer; autoplay; clipboard-write; encrypted-media; gyroscope; picture-in-picture; web-share\" referrerpolicy=\"strict-origin-when-cross-origin\" allowfullscreen><\/iframe>\n\t\t<div class=\"cookieconsent-optout-marketing dekode-gtm-cookie-consent-video-placeholder\">\n\t\t\t<div class=\"dekode-gtm-cookie-consent is-block-core-embed is-provider-youtube\">\n\t\t\t\t\n\t\t\t<img decoding=\"async\" src=\"https:\/\/i.ytimg.com\/vi\/mkVw8SfVz4c\/hqdefault.jpg\" alt=\"youtube\" \/>\n\t\t\t\t<div class=\"overlay\">\n\t\t\t\t\t<div class=\"cookie-info\">\n\t\t\t\t\t\t\n<div class=\"wp-block-cover is-light\"><span aria-hidden=\"true\" class=\"wp-block-cover__background has-neutrals-background-hero-background-color has-background-dim-100 has-background-dim\"><\/span><div class=\"wp-block-cover__inner-container has-global-padding is-layout-constrained wp-block-cover-is-layout-constrained\">\n<h2 class=\"wp-block-heading has-text-align-left\">Her skulle det v\u00e6rt en video.<\/h2>\n\n\n\n<p class=\"has-text-align-left\">For \u00e5 se videoen m\u00e5 du gi samtykke til informasjonskapsler fra tredjepartsleverand\u00f8rer. Du kan enkelt endre samtykke her:<\/p>\n\n\n\n<div class=\"wp-block-buttons is-content-justification-left is-layout-flex wp-container-core-buttons-is-layout-fc4fd283 wp-block-buttons-is-layout-flex\">\n<div class=\"wp-block-button dekode-gtm-cookiebot-renew\"><a class=\"wp-block-button__link has-text-align-center wp-element-button\">Endre samtykke<\/a><\/div>\n\n\n\n<div class=\"wp-block-button\"><a class=\"wp-block-button__link wp-element-button\" href=\"https:\/\/www.nb.no\/personvernerklaering\/\">Personvernerkl\u00e6ring<\/a><\/div>\n<\/div>\n<\/div><\/div>\n\n\t\t\t\t\t<\/div>\n\t\t\t\t<\/div>\n\t\t\t<\/div>\n\t\t<\/div>\n<\/div><\/figure>\n\n\n<ul class=\"t2-link-list has-1-items has-auto-columns wp-block-t2-link-list\">\n\n<\/ul>\n\n\n<div class=\"wp-block-media-text alignwide is-stacked-on-mobile\"><figure class=\"wp-block-media-text__media\"><img loading=\"lazy\" decoding=\"async\" width=\"1024\" height=\"576\" src=\"https:\/\/www.nb.no\/content\/uploads\/sites\/26\/2023\/03\/Bad-vibes_nettbutikk_169-1024x576.jpg\" alt=\"\" class=\"wp-image-463 size-full\" srcset=\"https:\/\/www.nb.no\/content\/uploads\/sites\/26\/2023\/03\/Bad-vibes_nettbutikk_169-1024x576.jpg 1024w, https:\/\/www.nb.no\/content\/uploads\/sites\/26\/2023\/03\/Bad-vibes_nettbutikk_169-300x169.jpg 300w, https:\/\/www.nb.no\/content\/uploads\/sites\/26\/2023\/03\/Bad-vibes_nettbutikk_169-768x432.jpg 768w, https:\/\/www.nb.no\/content\/uploads\/sites\/26\/2023\/03\/Bad-vibes_nettbutikk_169-1536x864.jpg 1536w, https:\/\/www.nb.no\/content\/uploads\/sites\/26\/2023\/03\/Bad-vibes_nettbutikk_169-2048x1152.jpg 2048w\" sizes=\"auto, (max-width: 1024px) 100vw, 1024px\" \/><\/figure><div class=\"wp-block-media-text__content\">\n<p>Visit our webshop<\/p>\n\n\n\n<h2 class=\"wp-block-heading\" id=\"h-exclusive-bad-vibes-merch\">Exclusive Bad Vibes-merch<\/h2>\n\n\n\n<div class=\"wp-block-buttons is-layout-flex wp-block-buttons-is-layout-flex\">\n<div class=\"wp-block-button\"><a class=\"wp-block-button__link wp-element-button\" href=\"https:\/\/nb.no\/nettbutikk\" target=\"_blank\" rel=\"noreferrer noopener\">Go to the webshop<\/a><\/div>\n<\/div>\n<\/div><\/div>\n\n\n\n<figure class=\"wp-block-embed dekode-gtm-iframe-preview is-type-video is-provider-youtube wp-block-embed-youtube wp-embed-aspect-16-9 wp-has-aspect-ratio\"><div class=\"wp-block-embed__wrapper\">\n<iframe title=\"Do you dare enter the door to Hell?\" width=\"500\" height=\"281\" data-cookieconsent=\"marketing\" data-cookieblock-src=\"https:\/\/www.youtube.com\/embed\/xpKBhxzg57Q?feature=oembed\" frameborder=\"0\" allow=\"accelerometer; autoplay; clipboard-write; encrypted-media; gyroscope; picture-in-picture; web-share\" referrerpolicy=\"strict-origin-when-cross-origin\" allowfullscreen><\/iframe>\n\t\t<div class=\"cookieconsent-optout-marketing dekode-gtm-cookie-consent-video-placeholder\">\n\t\t\t<div class=\"dekode-gtm-cookie-consent is-block-core-embed is-provider-youtube\">\n\t\t\t\t\n\t\t\t<img decoding=\"async\" src=\"https:\/\/i.ytimg.com\/vi\/xpKBhxzg57Q\/hqdefault.jpg\" alt=\"youtube\" \/>\n\t\t\t\t<div class=\"overlay\">\n\t\t\t\t\t<div class=\"cookie-info\">\n\t\t\t\t\t\t\n<div class=\"wp-block-cover is-light\"><span aria-hidden=\"true\" class=\"wp-block-cover__background has-neutrals-background-hero-background-color has-background-dim-100 has-background-dim\"><\/span><div class=\"wp-block-cover__inner-container has-global-padding is-layout-constrained wp-block-cover-is-layout-constrained\">\n<h2 class=\"wp-block-heading has-text-align-left\">Her skulle det v\u00e6rt en video.<\/h2>\n\n\n\n<p class=\"has-text-align-left\">For \u00e5 se videoen m\u00e5 du gi samtykke til informasjonskapsler fra tredjepartsleverand\u00f8rer. Du kan enkelt endre samtykke her:<\/p>\n\n\n\n<div class=\"wp-block-buttons is-content-justification-left is-layout-flex wp-container-core-buttons-is-layout-fc4fd283 wp-block-buttons-is-layout-flex\">\n<div class=\"wp-block-button dekode-gtm-cookiebot-renew\"><a class=\"wp-block-button__link has-text-align-center wp-element-button\">Endre samtykke<\/a><\/div>\n\n\n\n<div class=\"wp-block-button\"><a class=\"wp-block-button__link wp-element-button\" href=\"https:\/\/www.nb.no\/personvernerklaering\/\">Personvernerkl\u00e6ring<\/a><\/div>\n<\/div>\n<\/div><\/div>\n\n\t\t\t\t\t<\/div>\n\t\t\t\t<\/div>\n\t\t\t<\/div>\n\t\t<\/div>\n<\/div><\/figure>\n\n\n\n<div class=\"wp-block-media-text alignwide has-media-on-the-right is-stacked-on-mobile\"><div class=\"wp-block-media-text__content\">\n<h2 class=\"wp-block-heading\" id=\"h-why-are-we-highlighting-norwegian-black-metal\"><strong>Why are we highlighting Norwegian black metal?<\/strong><\/h2>\n\n\n\n<p>Cultural expressions that run counter to the establishment are an important part of our cultural history. These are countercultures that oppose the prevailing norms, and which find their commonality in their alienation. Norwegian black metal is one of these.&nbsp;<\/p>\n\n\n\n<p>The National Library invites the public to an extensive offering exploring the depths of this artistic expression and the stories behind this raw, unpolished counterculture that emerged from Norwegian rural towns to become a worldwide phenomenon.<\/p>\n<\/div><figure aria-labelledby=\"core-media-text\" class=\"wp-block-media-text__media\"><img loading=\"lazy\" decoding=\"async\" width=\"1024\" height=\"713\" src=\"https:\/\/www.nb.no\/content\/uploads\/sites\/26\/2023\/02\/Slayermag-1024x713.jpg\" alt=\"\" class=\"wp-image-418 size-full\" srcset=\"https:\/\/www.nb.no\/content\/uploads\/sites\/26\/2023\/02\/Slayermag-1024x713.jpg 1024w, https:\/\/www.nb.no\/content\/uploads\/sites\/26\/2023\/02\/Slayermag-300x209.jpg 300w, https:\/\/www.nb.no\/content\/uploads\/sites\/26\/2023\/02\/Slayermag-768x535.jpg 768w, https:\/\/www.nb.no\/content\/uploads\/sites\/26\/2023\/02\/Slayermag-1536x1069.jpg 1536w, https:\/\/www.nb.no\/content\/uploads\/sites\/26\/2023\/02\/Slayermag-2048x1425.jpg 2048w\" sizes=\"auto, (max-width: 1024px) 100vw, 1024px\" \/><figcaption class=\"wp-element-caption screen-reader-text\" id=\"core-media-text\">Jon \u00abMetalion\u00bb Kristiansen: Slayer Magazine nr. \u202f1\u201320 (Norge, 1985\u20132010) \n(Nr.3\/4 er en samlet utgave, og nr. 12 finnes ikke siden Kristiansen hoppet rett til ulykkestallet nr. 13.) \n\nDe fleste Slayer Mag-utgaver ble laget f\u00f8r enkel redigering p\u00e5 datamaskin var tilgjengelig for privatpersoner. Kristiansen sendte brev med sp\u00f8rsm\u00e5l til band, skrev ut svarene p\u00e5 skrivemaskin, brukte egne fotografier, pressebilder, flyveblader og tusjtegninger. Han redigerte bladet for h\u00e5nd med saks og limte utklipp p\u00e5 A4-ark f\u00f8r han sendte originalsidene til et trykkeri. Kristiansens livsverk Slayer Mag er norsk kulturhistorie.<\/figcaption><\/figure><\/div>\n\n\n<div class=\"wp-block-group has-global-padding is-layout-constrained wp-block-group-is-layout-constrained\">\n<div class=\"wp-block-columns is-layout-flex wp-container-core-columns-is-layout-28f84493 wp-block-columns-is-layout-flex\">\n<div class=\"wp-block-column is-layout-flow wp-block-column-is-layout-flow\" style=\"flex-basis:100%\"><\/div>\n<\/div>\n<\/div>\n\n\n\n<h2 class=\"wp-block-heading\">Opening hours:<\/h2>\n\n\n\n<p><a href=\"https:\/\/www.nb.no\/apningstider\/#huset-og-utstillinger\" target=\"_blank\" rel=\"noreferrer noopener\">See all opening hours<\/a> <\/p>\n\n\n\n\t\t<div class=\"nb-pameldinger-archive wp-block-nb-pameldinger-archive\">\n\t\t\t<h2>Sign up for guided tours in English:<\/h2>\n\t\t\t<p>No planned events.<\/p>\n\t\t<\/div>\n\n\n<p>In July and August, all guided tours in Bad Vibes are held in English. If you would like a tour in German or French, please email <a href=\"mailto:vanja.odegard@nb.no\" target=\"_blank\" rel=\"noreferrer noopener\">vanja.odegard@nb.no<\/a> for availability.<\/p>\n\n\n\n<h2 class=\"wp-block-heading\" id=\"h-where-do-you-find-us\">Where do you find us?<\/h2>\n\n\n\n<p>Adress: Henrik Ibsens gate 110, Oslo<\/p>\n\n\n<div class=\"nb-html wp-block-nb-html\"><\/div>","protected":false},"excerpt":{"rendered":"","protected":false},"author":107,"featured_media":0,"parent":0,"menu_order":0,"comment_status":"closed","ping_status":"closed","template":"single-template-black-metal","meta":{"_acf_changed":false,"nb_hide_title":true,"nb_breadcrumb_title_override":"","sub_navigation_option":"","sub_navigation_custom_items":[],"card_link":[],"savage_label":"manual","savage_label_text":"","savage_title":"","savage_link_title":"","card_background":"default","savage_image_type":"featured","footnotes":""},"categories":[],"tags":[],"class_list":["post-326","page","type-page","status-publish","hentry"],"acf":[],"yoast_head":"<!-- This site is optimized with the Yoast SEO Premium plugin v27.1 (Yoast SEO v27.1.1) - https:\/\/yoast.com\/product\/yoast-seo-premium-wordpress\/ -->\n<title>Bad Vibes - National Library of Norway<\/title>\n<meta name=\"robots\" content=\"index, follow, max-snippet:-1, max-image-preview:large, max-video-preview:-1\" \/>\n<link rel=\"canonical\" href=\"https:\/\/www.nb.no\/en\/blackmetal\/\" \/>\n<meta property=\"og:locale\" content=\"en_GB\" \/>\n<meta property=\"og:type\" content=\"article\" \/>\n<meta property=\"og:title\" content=\"Bad Vibes\" \/>\n<meta property=\"og:url\" content=\"https:\/\/www.nb.no\/en\/blackmetal\/\" \/>\n<meta property=\"og:site_name\" content=\"National Library of Norway\" \/>\n<meta property=\"article:modified_time\" content=\"2023-09-05T10:38:24+00:00\" \/>\n<meta property=\"og:image\" content=\"https:\/\/www.nb.no\/content\/uploads\/sites\/26\/2023\/01\/skog_BW-scaled.jpg\" \/>\n<meta name=\"twitter:card\" content=\"summary_large_image\" \/>\n<meta name=\"twitter:label1\" content=\"Estimated reading time\" \/>\n\t<meta name=\"twitter:data1\" content=\"2 minutes\" \/>\n<script type=\"application\/ld+json\" class=\"yoast-schema-graph\">{\"@context\":\"https:\/\/schema.org\",\"@graph\":[{\"@type\":\"WebPage\",\"@id\":\"https:\/\/www.nb.no\/en\/blackmetal\/\",\"url\":\"https:\/\/www.nb.no\/en\/blackmetal\/\",\"name\":\"Bad Vibes - National Library of Norway\",\"isPartOf\":{\"@id\":\"https:\/\/www.nb.no\/en\/#website\"},\"primaryImageOfPage\":{\"@id\":\"https:\/\/www.nb.no\/en\/blackmetal\/#primaryimage\"},\"image\":{\"@id\":\"https:\/\/www.nb.no\/en\/blackmetal\/#primaryimage\"},\"thumbnailUrl\":\"https:\/\/www.nb.no\/content\/uploads\/sites\/26\/2023\/01\/skog_BW-scaled.jpg\",\"datePublished\":\"2023-01-10T13:08:10+00:00\",\"dateModified\":\"2023-09-05T10:38:24+00:00\",\"breadcrumb\":{\"@id\":\"https:\/\/www.nb.no\/en\/blackmetal\/#breadcrumb\"},\"inLanguage\":\"en-GB\",\"potentialAction\":[{\"@type\":\"ReadAction\",\"target\":[\"https:\/\/www.nb.no\/en\/blackmetal\/\"]}]},{\"@type\":\"ImageObject\",\"inLanguage\":\"en-GB\",\"@id\":\"https:\/\/www.nb.no\/en\/blackmetal\/#primaryimage\",\"url\":\"https:\/\/www.nb.no\/content\/uploads\/sites\/26\/2023\/01\/skog_BW-scaled.jpg\",\"contentUrl\":\"https:\/\/www.nb.no\/content\/uploads\/sites\/26\/2023\/01\/skog_BW-scaled.jpg\"},{\"@type\":\"BreadcrumbList\",\"@id\":\"https:\/\/www.nb.no\/en\/blackmetal\/#breadcrumb\",\"itemListElement\":[{\"@type\":\"ListItem\",\"position\":1,\"name\":\"Home\",\"item\":\"https:\/\/www.nb.no\/en\/\"},{\"@type\":\"ListItem\",\"position\":2,\"name\":\"Bad Vibes\"}]},{\"@type\":\"WebSite\",\"@id\":\"https:\/\/www.nb.no\/en\/#website\",\"url\":\"https:\/\/www.nb.no\/en\/\",\"name\":\"National Library of Norway\",\"description\":\"\",\"potentialAction\":[{\"@type\":\"SearchAction\",\"target\":{\"@type\":\"EntryPoint\",\"urlTemplate\":\"https:\/\/www.nb.no\/en\/?s={search_term_string}\"},\"query-input\":{\"@type\":\"PropertyValueSpecification\",\"valueRequired\":true,\"valueName\":\"search_term_string\"}}],\"inLanguage\":\"en-GB\"}]}<\/script>\n<!-- \/ Yoast SEO Premium plugin. -->","yoast_head_json":{"title":"Bad Vibes - National Library of Norway","robots":{"index":"index","follow":"follow","max-snippet":"max-snippet:-1","max-image-preview":"max-image-preview:large","max-video-preview":"max-video-preview:-1"},"canonical":"https:\/\/www.nb.no\/en\/blackmetal\/","og_locale":"en_GB","og_type":"article","og_title":"Bad Vibes","og_url":"https:\/\/www.nb.no\/en\/blackmetal\/","og_site_name":"National Library of Norway","article_modified_time":"2023-09-05T10:38:24+00:00","og_image":[{"url":"https:\/\/www.nb.no\/content\/uploads\/sites\/26\/2023\/01\/skog_BW-scaled.jpg","type":"","width":"","height":""}],"twitter_card":"summary_large_image","twitter_misc":{"Estimated reading time":"2 minutes"},"schema":{"@context":"https:\/\/schema.org","@graph":[{"@type":"WebPage","@id":"https:\/\/www.nb.no\/en\/blackmetal\/","url":"https:\/\/www.nb.no\/en\/blackmetal\/","name":"Bad Vibes - National Library of Norway","isPartOf":{"@id":"https:\/\/www.nb.no\/en\/#website"},"primaryImageOfPage":{"@id":"https:\/\/www.nb.no\/en\/blackmetal\/#primaryimage"},"image":{"@id":"https:\/\/www.nb.no\/en\/blackmetal\/#primaryimage"},"thumbnailUrl":"https:\/\/www.nb.no\/content\/uploads\/sites\/26\/2023\/01\/skog_BW-scaled.jpg","datePublished":"2023-01-10T13:08:10+00:00","dateModified":"2023-09-05T10:38:24+00:00","breadcrumb":{"@id":"https:\/\/www.nb.no\/en\/blackmetal\/#breadcrumb"},"inLanguage":"en-GB","potentialAction":[{"@type":"ReadAction","target":["https:\/\/www.nb.no\/en\/blackmetal\/"]}]},{"@type":"ImageObject","inLanguage":"en-GB","@id":"https:\/\/www.nb.no\/en\/blackmetal\/#primaryimage","url":"https:\/\/www.nb.no\/content\/uploads\/sites\/26\/2023\/01\/skog_BW-scaled.jpg","contentUrl":"https:\/\/www.nb.no\/content\/uploads\/sites\/26\/2023\/01\/skog_BW-scaled.jpg"},{"@type":"BreadcrumbList","@id":"https:\/\/www.nb.no\/en\/blackmetal\/#breadcrumb","itemListElement":[{"@type":"ListItem","position":1,"name":"Home","item":"https:\/\/www.nb.no\/en\/"},{"@type":"ListItem","position":2,"name":"Bad Vibes"}]},{"@type":"WebSite","@id":"https:\/\/www.nb.no\/en\/#website","url":"https:\/\/www.nb.no\/en\/","name":"National Library of Norway","description":"","potentialAction":[{"@type":"SearchAction","target":{"@type":"EntryPoint","urlTemplate":"https:\/\/www.nb.no\/en\/?s={search_term_string}"},"query-input":{"@type":"PropertyValueSpecification","valueRequired":true,"valueName":"search_term_string"}}],"inLanguage":"en-GB"}]}},"_links":{"self":[{"href":"https:\/\/www.nb.no\/en\/wp-json\/wp\/v2\/pages\/326","targetHints":{"allow":["GET"]}}],"collection":[{"href":"https:\/\/www.nb.no\/en\/wp-json\/wp\/v2\/pages"}],"about":[{"href":"https:\/\/www.nb.no\/en\/wp-json\/wp\/v2\/types\/page"}],"author":[{"embeddable":true,"href":"https:\/\/www.nb.no\/en\/wp-json\/wp\/v2\/users\/107"}],"replies":[{"embeddable":true,"href":"https:\/\/www.nb.no\/en\/wp-json\/wp\/v2\/comments?post=326"}],"version-history":[{"count":5,"href":"https:\/\/www.nb.no\/en\/wp-json\/wp\/v2\/pages\/326\/revisions"}],"predecessor-version":[{"id":790,"href":"https:\/\/www.nb.no\/en\/wp-json\/wp\/v2\/pages\/326\/revisions\/790"}],"wp:attachment":[{"href":"https:\/\/www.nb.no\/en\/wp-json\/wp\/v2\/media?parent=326"}],"wp:term":[{"taxonomy":"category","embeddable":true,"href":"https:\/\/www.nb.no\/en\/wp-json\/wp\/v2\/categories?post=326"},{"taxonomy":"post_tag","embeddable":true,"href":"https:\/\/www.nb.no\/en\/wp-json\/wp\/v2\/tags?post=326"}],"curies":[{"name":"wp","href":"https:\/\/api.w.org\/{rel}","templated":true}]}}