{"id":1585,"date":"2024-11-25T12:00:00","date_gmt":"2024-11-25T11:00:00","guid":{"rendered":"https:\/\/www.nb.no\/en\/?page_id=1585"},"modified":"2024-11-25T11:59:10","modified_gmt":"2024-11-25T10:59:10","slug":"lecture-and-prize","status":"publish","type":"page","link":"https:\/\/www.nb.no\/en\/fosse\/lecture-and-prize\/","title":{"rendered":"Lecture and prize in honour of Jon Fosse"},"content":{"rendered":"\n<figure class=\"wp-block-image alignwide size-large\"><img loading=\"lazy\" decoding=\"async\" width=\"1024\" height=\"576\" src=\"https:\/\/www.nb.no\/content\/uploads\/sites\/26\/2024\/11\/JLMHH3-1024x576.jpeg\" alt=\"\" class=\"wp-image-1588\" srcset=\"https:\/\/www.nb.no\/content\/uploads\/sites\/26\/2024\/11\/JLMHH3-1024x576.jpeg 1024w, https:\/\/www.nb.no\/content\/uploads\/sites\/26\/2024\/11\/JLMHH3-300x169.jpeg 300w, https:\/\/www.nb.no\/content\/uploads\/sites\/26\/2024\/11\/JLMHH3-768x432.jpeg 768w, https:\/\/www.nb.no\/content\/uploads\/sites\/26\/2024\/11\/JLMHH3-1536x864.jpeg 1536w, https:\/\/www.nb.no\/content\/uploads\/sites\/26\/2024\/11\/JLMHH3.jpeg 1921w\" sizes=\"auto, (max-width: 1024px) 100vw, 1024px\" \/><\/figure>\n\n\n\n<h1 class=\"wp-block-heading\" id=\"h-lecture-and-prize-in-honour-of-jon-fosse\">Lecture and prize in honour of Jon Fosse<\/h1>\n\n\n\n<p>French philosopher Jean-Luc Marion has agreed to hold the first annual Fosse Lecture in April 2025. The lecture will take place at the Royal Palace in Oslo, Norway. At the same event, the Fosse Prize for Translators will be presented to German translator Hinrich Schmidt-Henkel.&nbsp;<\/p>\n\n\n\n<p>In honour of Jon Fosse, who won the Nobel Prize in Literature in 2023, the Norwegian government has asked the National Library of Norway to arrange an annual Fosse Lecture and an annual Fosse Prize for Translators.&nbsp;<\/p>\n\n\n\n<p>The first lecture and award ceremony will take place at the Royal Palace in Oslo on 24 April 2025. Her Royal Highness Crown Princess Mette-Marit is patron of both the Fosse Lecture and the Fosse Prize for Translators.&nbsp;<\/p>\n\n\n\n<figure class=\"wp-block-embed dekode-gtm-iframe-preview is-type-video is-provider-youtube wp-block-embed-youtube wp-embed-aspect-16-9 wp-has-aspect-ratio\"><div class=\"wp-block-embed__wrapper\">\n<iframe title=\"\u201cHe builds a robust case for literature\u201d\" width=\"500\" height=\"281\" data-cookieconsent=\"marketing\" data-cookieblock-src=\"https:\/\/www.youtube.com\/embed\/CIXYXmewYXs?feature=oembed\" frameborder=\"0\" allow=\"accelerometer; autoplay; clipboard-write; encrypted-media; gyroscope; picture-in-picture; web-share\" referrerpolicy=\"strict-origin-when-cross-origin\" allowfullscreen><\/iframe>\n\t\t<div class=\"cookieconsent-optout-marketing dekode-gtm-cookie-consent-video-placeholder\">\n\t\t\t<div class=\"dekode-gtm-cookie-consent is-block-core-embed is-provider-youtube\">\n\t\t\t\t\n\t\t\t<img decoding=\"async\" src=\"https:\/\/i.ytimg.com\/vi\/CIXYXmewYXs\/hqdefault.jpg\" alt=\"youtube\" \/>\n\t\t\t\t<div class=\"overlay\">\n\t\t\t\t\t<div class=\"cookie-info\">\n\t\t\t\t\t\t\n<div class=\"wp-block-cover is-light\"><span aria-hidden=\"true\" class=\"wp-block-cover__background has-neutrals-background-hero-background-color has-background-dim-100 has-background-dim\"><\/span><div class=\"wp-block-cover__inner-container has-global-padding is-layout-constrained wp-block-cover-is-layout-constrained\">\n<h2 class=\"wp-block-heading has-text-align-left\">Her skulle det v\u00e6rt en video.<\/h2>\n\n\n\n<p class=\"has-text-align-left\">For \u00e5 se videoen m\u00e5 du gi samtykke til informasjonskapsler fra tredjepartsleverand\u00f8rer. Du kan enkelt endre samtykke her:<\/p>\n\n\n\n<div class=\"wp-block-buttons is-content-justification-left is-layout-flex wp-container-core-buttons-is-layout-fc4fd283 wp-block-buttons-is-layout-flex\">\n<div class=\"wp-block-button dekode-gtm-cookiebot-renew\"><a class=\"wp-block-button__link has-text-align-center wp-element-button\">Endre samtykke<\/a><\/div>\n\n\n\n<div class=\"wp-block-button\"><a class=\"wp-block-button__link wp-element-button\" href=\"https:\/\/www.nb.no\/personvernerklaering\/\">Personvernerkl\u00e6ring<\/a><\/div>\n<\/div>\n<\/div><\/div>\n\n\t\t\t\t\t<\/div>\n\t\t\t\t<\/div>\n\t\t\t<\/div>\n\t\t<\/div>\n<\/div><\/figure>\n\n\n\n<div class=\"wp-block-columns alignwide is-layout-flex wp-container-core-columns-is-layout-28f84493 wp-block-columns-is-layout-flex\">\n<div class=\"wp-block-column is-layout-flow wp-block-column-is-layout-flow\">\n<h2 class=\"wp-block-heading\" id=\"h-the-fosse-lecture\">The Fosse Lecture<\/h2>\n\n\n\n<p>The Fosse Lecture is intended to present new perspectives on literature, with the goal of stimulating public literary discourse in Norway and abroad. The lecturer is not required to speak about Jon Fosse and does not have to be familiar with his work or refer to him during their talk. It is literary thought and discussion itself that is the focus of the lecture \u2013 in keeping with the spirit and works of Jon Fosse himself. The lecture must be original and written especially for the occasion.<\/p>\n<\/div>\n\n\n\n<div class=\"wp-block-column is-layout-flow wp-block-column-is-layout-flow\">\n<h2 class=\"wp-block-heading\" id=\"h-jean-luc-marion-nbsp\">Jean-Luc Marion&nbsp;<\/h2>\n\n\n\n<p>The first holder of the Fosse Lecture will be the French philosopher and theologian Jean-Luc Marion (b. 1946). Marion is considered to be one of the truly great thinkers of our time. He studied under Jacques Derrida at the Sorbonne in Paris in the 1960s, and has subsequently dedicated his career to the study of phenomenology and theology. He is particularly interested in topics such as love, the gift and God as phenomenon, and has a deep love of literature. In his Jon Fosse Lecture, Marion will speak about literature from his unique perspective.<\/p>\n<\/div>\n<\/div>\n\n\n\n<div class=\"wp-block-columns alignwide is-layout-flex wp-container-core-columns-is-layout-28f84493 wp-block-columns-is-layout-flex\">\n<div class=\"wp-block-column is-layout-flow wp-block-column-is-layout-flow\">\n<h2 class=\"wp-block-heading\" id=\"h-the-fosse-prize-for-translators\">The Fosse Prize for Translators<\/h2>\n\n\n\n<p>The Fosse Prize for Translators is intended to celebrate a person who has devoted considerable time to translating Norwegian literature into other languages. The Fosse Prize for Translators will honour the art of translating and underscore the vital role translators play in bringing Norwegian literature out into the world. With a value of NOK 500,000, the Fosse Prize for Translators is one of the largest of its kind worldwide.&nbsp;&nbsp;<\/p>\n<\/div>\n\n\n\n<div class=\"wp-block-column is-layout-flow wp-block-column-is-layout-flow\">\n<h2 class=\"wp-block-heading\" id=\"h-hinrich-schmidt-henkel-nbsp\">Hinrich Schmidt-Henkel&nbsp;<\/h2>\n\n\n\n<p>Hinrich Schmidt-Henkel (b. 1959), a renowned German translator working in Berlin, will be the first to receive the Fosse Prize for Translators. He has been translating literature from Norwegian, Danish, French and Italian into German since 1987. Schmidt-Henkel has a strong connection to Norwegian literature, having translated a number of Norwegian authors, such as Kjell Askildsen, Jon Fosse, Henrik Ibsen, Cecilie L\u00f8veid, Tarjei Vesaas and Ruth Lillegraven.<\/p>\n<\/div>\n<\/div>\n\n\n\n<figure class=\"wp-block-embed dekode-gtm-iframe-preview is-type-video is-provider-youtube wp-block-embed-youtube wp-embed-aspect-16-9 wp-has-aspect-ratio\"><div class=\"wp-block-embed__wrapper\">\n<iframe title=\"Jean-Luc Marion is to hold the inaugural Fosse Lecture\" width=\"500\" height=\"281\" data-cookieconsent=\"marketing\" data-cookieblock-src=\"https:\/\/www.youtube.com\/embed\/a7GpPlem8aU?feature=oembed\" frameborder=\"0\" allow=\"accelerometer; autoplay; clipboard-write; encrypted-media; gyroscope; picture-in-picture; web-share\" referrerpolicy=\"strict-origin-when-cross-origin\" allowfullscreen><\/iframe>\n\t\t<div class=\"cookieconsent-optout-marketing dekode-gtm-cookie-consent-video-placeholder\">\n\t\t\t<div class=\"dekode-gtm-cookie-consent is-block-core-embed is-provider-youtube\">\n\t\t\t\t\n\t\t\t<img decoding=\"async\" src=\"https:\/\/i.ytimg.com\/vi\/a7GpPlem8aU\/hqdefault.jpg\" alt=\"youtube\" \/>\n\t\t\t\t<div class=\"overlay\">\n\t\t\t\t\t<div class=\"cookie-info\">\n\t\t\t\t\t\t\n<div class=\"wp-block-cover is-light\"><span aria-hidden=\"true\" class=\"wp-block-cover__background has-neutrals-background-hero-background-color has-background-dim-100 has-background-dim\"><\/span><div class=\"wp-block-cover__inner-container has-global-padding is-layout-constrained wp-block-cover-is-layout-constrained\">\n<h2 class=\"wp-block-heading has-text-align-left\">Her skulle det v\u00e6rt en video.<\/h2>\n\n\n\n<p class=\"has-text-align-left\">For \u00e5 se videoen m\u00e5 du gi samtykke til informasjonskapsler fra tredjepartsleverand\u00f8rer. Du kan enkelt endre samtykke her:<\/p>\n\n\n\n<div class=\"wp-block-buttons is-content-justification-left is-layout-flex wp-container-core-buttons-is-layout-fc4fd283 wp-block-buttons-is-layout-flex\">\n<div class=\"wp-block-button dekode-gtm-cookiebot-renew\"><a class=\"wp-block-button__link has-text-align-center wp-element-button\">Endre samtykke<\/a><\/div>\n\n\n\n<div class=\"wp-block-button\"><a class=\"wp-block-button__link wp-element-button\" href=\"https:\/\/www.nb.no\/personvernerklaering\/\">Personvernerkl\u00e6ring<\/a><\/div>\n<\/div>\n<\/div><\/div>\n\n\t\t\t\t\t<\/div>\n\t\t\t\t<\/div>\n\t\t\t<\/div>\n\t\t<\/div>\n<\/div><\/figure>\n","protected":false},"excerpt":{"rendered":"","protected":false},"author":1371,"featured_media":1588,"parent":1574,"menu_order":0,"comment_status":"closed","ping_status":"closed","template":"","meta":{"_acf_changed":false,"nb_hide_title":true,"nb_breadcrumb_title_override":"","sub_navigation_option":"","sub_navigation_custom_items":[],"card_link":[],"savage_label":"manual","savage_label_text":"","savage_title":"","savage_link_title":"","card_background":"default","savage_image_type":"featured","footnotes":""},"categories":[],"tags":[],"class_list":["post-1585","page","type-page","status-publish","has-post-thumbnail","hentry"],"acf":[],"yoast_head":"<!-- This site is optimized with the Yoast SEO Premium plugin v27.1 (Yoast SEO v27.1.1) - https:\/\/yoast.com\/product\/yoast-seo-premium-wordpress\/ -->\n<title>Lecture and prize in honour of Jon Fosse - National Library of Norway<\/title>\n<meta name=\"description\" content=\"In honour of Jon Fosse, who won the Nobel Prize in Literature in 2023, the Norwegian government has asked the National Library of Norway to arrange an annual Fosse Lecture and an annual Fosse Prize for Translators.\u00a0\" \/>\n<meta name=\"robots\" content=\"index, follow, max-snippet:-1, max-image-preview:large, max-video-preview:-1\" \/>\n<link rel=\"canonical\" href=\"https:\/\/www.nb.no\/en\/fosse\/lecture-and-prize\/\" \/>\n<meta property=\"og:locale\" content=\"en_GB\" \/>\n<meta property=\"og:type\" content=\"article\" \/>\n<meta property=\"og:title\" content=\"Lecture and prize in honour of Jon Fosse\" \/>\n<meta property=\"og:description\" content=\"In honour of Jon Fosse, who won the Nobel Prize in Literature in 2023, the Norwegian government has asked the National Library of Norway to arrange an annual Fosse Lecture and an annual Fosse Prize for Translators.\u00a0\" \/>\n<meta property=\"og:url\" content=\"https:\/\/www.nb.no\/en\/fosse\/lecture-and-prize\/\" \/>\n<meta property=\"og:site_name\" content=\"National Library of Norway\" \/>\n<meta property=\"og:image\" content=\"https:\/\/www.nb.no\/content\/uploads\/sites\/26\/2024\/11\/JLMHH3.jpeg\" \/>\n\t<meta property=\"og:image:width\" content=\"1921\" \/>\n\t<meta property=\"og:image:height\" content=\"1081\" \/>\n\t<meta property=\"og:image:type\" content=\"image\/jpeg\" \/>\n<meta name=\"twitter:card\" content=\"summary_large_image\" \/>\n<meta name=\"twitter:label1\" content=\"Estimated reading time\" \/>\n\t<meta name=\"twitter:data1\" content=\"3 minutes\" \/>\n<script type=\"application\/ld+json\" class=\"yoast-schema-graph\">{\"@context\":\"https:\/\/schema.org\",\"@graph\":[{\"@type\":\"WebPage\",\"@id\":\"https:\/\/www.nb.no\/en\/fosse\/lecture-and-prize\/\",\"url\":\"https:\/\/www.nb.no\/en\/fosse\/lecture-and-prize\/\",\"name\":\"Lecture and prize in honour of Jon Fosse - National Library of Norway\",\"isPartOf\":{\"@id\":\"https:\/\/www.nb.no\/en\/#website\"},\"primaryImageOfPage\":{\"@id\":\"https:\/\/www.nb.no\/en\/fosse\/lecture-and-prize\/#primaryimage\"},\"image\":{\"@id\":\"https:\/\/www.nb.no\/en\/fosse\/lecture-and-prize\/#primaryimage\"},\"thumbnailUrl\":\"https:\/\/www.nb.no\/content\/uploads\/sites\/26\/2024\/11\/JLMHH3.jpeg\",\"datePublished\":\"2024-11-25T11:00:00+00:00\",\"description\":\"In honour of Jon Fosse, who won the Nobel Prize in Literature in 2023, the Norwegian government has asked the National Library of Norway to arrange an annual Fosse Lecture and an annual Fosse Prize for Translators.\u00a0\",\"breadcrumb\":{\"@id\":\"https:\/\/www.nb.no\/en\/fosse\/lecture-and-prize\/#breadcrumb\"},\"inLanguage\":\"en-GB\",\"potentialAction\":[{\"@type\":\"ReadAction\",\"target\":[\"https:\/\/www.nb.no\/en\/fosse\/lecture-and-prize\/\"]}]},{\"@type\":\"ImageObject\",\"inLanguage\":\"en-GB\",\"@id\":\"https:\/\/www.nb.no\/en\/fosse\/lecture-and-prize\/#primaryimage\",\"url\":\"https:\/\/www.nb.no\/content\/uploads\/sites\/26\/2024\/11\/JLMHH3.jpeg\",\"contentUrl\":\"https:\/\/www.nb.no\/content\/uploads\/sites\/26\/2024\/11\/JLMHH3.jpeg\",\"width\":1921,\"height\":1081},{\"@type\":\"BreadcrumbList\",\"@id\":\"https:\/\/www.nb.no\/en\/fosse\/lecture-and-prize\/#breadcrumb\",\"itemListElement\":[{\"@type\":\"ListItem\",\"position\":1,\"name\":\"Home\",\"item\":\"https:\/\/www.nb.no\/en\/\"},{\"@type\":\"ListItem\",\"position\":2,\"name\":\"Fosse\",\"item\":\"https:\/\/www.nb.no\/en\/fosse\/\"},{\"@type\":\"ListItem\",\"position\":3,\"name\":\"Lecture and prize in honour of Jon Fosse\"}]},{\"@type\":\"WebSite\",\"@id\":\"https:\/\/www.nb.no\/en\/#website\",\"url\":\"https:\/\/www.nb.no\/en\/\",\"name\":\"National Library of Norway\",\"description\":\"\",\"potentialAction\":[{\"@type\":\"SearchAction\",\"target\":{\"@type\":\"EntryPoint\",\"urlTemplate\":\"https:\/\/www.nb.no\/en\/?s={search_term_string}\"},\"query-input\":{\"@type\":\"PropertyValueSpecification\",\"valueRequired\":true,\"valueName\":\"search_term_string\"}}],\"inLanguage\":\"en-GB\"}]}<\/script>\n<!-- \/ Yoast SEO Premium plugin. -->","yoast_head_json":{"title":"Lecture and prize in honour of Jon Fosse - National Library of Norway","description":"In honour of Jon Fosse, who won the Nobel Prize in Literature in 2023, the Norwegian government has asked the National Library of Norway to arrange an annual Fosse Lecture and an annual Fosse Prize for Translators.\u00a0","robots":{"index":"index","follow":"follow","max-snippet":"max-snippet:-1","max-image-preview":"max-image-preview:large","max-video-preview":"max-video-preview:-1"},"canonical":"https:\/\/www.nb.no\/en\/fosse\/lecture-and-prize\/","og_locale":"en_GB","og_type":"article","og_title":"Lecture and prize in honour of Jon Fosse","og_description":"In honour of Jon Fosse, who won the Nobel Prize in Literature in 2023, the Norwegian government has asked the National Library of Norway to arrange an annual Fosse Lecture and an annual Fosse Prize for Translators.\u00a0","og_url":"https:\/\/www.nb.no\/en\/fosse\/lecture-and-prize\/","og_site_name":"National Library of Norway","og_image":[{"width":1921,"height":1081,"url":"https:\/\/www.nb.no\/content\/uploads\/sites\/26\/2024\/11\/JLMHH3.jpeg","type":"image\/jpeg"}],"twitter_card":"summary_large_image","twitter_misc":{"Estimated reading time":"3 minutes"},"schema":{"@context":"https:\/\/schema.org","@graph":[{"@type":"WebPage","@id":"https:\/\/www.nb.no\/en\/fosse\/lecture-and-prize\/","url":"https:\/\/www.nb.no\/en\/fosse\/lecture-and-prize\/","name":"Lecture and prize in honour of Jon Fosse - National Library of Norway","isPartOf":{"@id":"https:\/\/www.nb.no\/en\/#website"},"primaryImageOfPage":{"@id":"https:\/\/www.nb.no\/en\/fosse\/lecture-and-prize\/#primaryimage"},"image":{"@id":"https:\/\/www.nb.no\/en\/fosse\/lecture-and-prize\/#primaryimage"},"thumbnailUrl":"https:\/\/www.nb.no\/content\/uploads\/sites\/26\/2024\/11\/JLMHH3.jpeg","datePublished":"2024-11-25T11:00:00+00:00","description":"In honour of Jon Fosse, who won the Nobel Prize in Literature in 2023, the Norwegian government has asked the National Library of Norway to arrange an annual Fosse Lecture and an annual Fosse Prize for Translators.\u00a0","breadcrumb":{"@id":"https:\/\/www.nb.no\/en\/fosse\/lecture-and-prize\/#breadcrumb"},"inLanguage":"en-GB","potentialAction":[{"@type":"ReadAction","target":["https:\/\/www.nb.no\/en\/fosse\/lecture-and-prize\/"]}]},{"@type":"ImageObject","inLanguage":"en-GB","@id":"https:\/\/www.nb.no\/en\/fosse\/lecture-and-prize\/#primaryimage","url":"https:\/\/www.nb.no\/content\/uploads\/sites\/26\/2024\/11\/JLMHH3.jpeg","contentUrl":"https:\/\/www.nb.no\/content\/uploads\/sites\/26\/2024\/11\/JLMHH3.jpeg","width":1921,"height":1081},{"@type":"BreadcrumbList","@id":"https:\/\/www.nb.no\/en\/fosse\/lecture-and-prize\/#breadcrumb","itemListElement":[{"@type":"ListItem","position":1,"name":"Home","item":"https:\/\/www.nb.no\/en\/"},{"@type":"ListItem","position":2,"name":"Fosse","item":"https:\/\/www.nb.no\/en\/fosse\/"},{"@type":"ListItem","position":3,"name":"Lecture and prize in honour of Jon Fosse"}]},{"@type":"WebSite","@id":"https:\/\/www.nb.no\/en\/#website","url":"https:\/\/www.nb.no\/en\/","name":"National Library of Norway","description":"","potentialAction":[{"@type":"SearchAction","target":{"@type":"EntryPoint","urlTemplate":"https:\/\/www.nb.no\/en\/?s={search_term_string}"},"query-input":{"@type":"PropertyValueSpecification","valueRequired":true,"valueName":"search_term_string"}}],"inLanguage":"en-GB"}]}},"_links":{"self":[{"href":"https:\/\/www.nb.no\/en\/wp-json\/wp\/v2\/pages\/1585","targetHints":{"allow":["GET"]}}],"collection":[{"href":"https:\/\/www.nb.no\/en\/wp-json\/wp\/v2\/pages"}],"about":[{"href":"https:\/\/www.nb.no\/en\/wp-json\/wp\/v2\/types\/page"}],"author":[{"embeddable":true,"href":"https:\/\/www.nb.no\/en\/wp-json\/wp\/v2\/users\/1371"}],"replies":[{"embeddable":true,"href":"https:\/\/www.nb.no\/en\/wp-json\/wp\/v2\/comments?post=1585"}],"version-history":[{"count":5,"href":"https:\/\/www.nb.no\/en\/wp-json\/wp\/v2\/pages\/1585\/revisions"}],"predecessor-version":[{"id":1612,"href":"https:\/\/www.nb.no\/en\/wp-json\/wp\/v2\/pages\/1585\/revisions\/1612"}],"up":[{"embeddable":true,"href":"https:\/\/www.nb.no\/en\/wp-json\/wp\/v2\/pages\/1574"}],"wp:featuredmedia":[{"embeddable":true,"href":"https:\/\/www.nb.no\/en\/wp-json\/wp\/v2\/media\/1588"}],"wp:attachment":[{"href":"https:\/\/www.nb.no\/en\/wp-json\/wp\/v2\/media?parent=1585"}],"wp:term":[{"taxonomy":"category","embeddable":true,"href":"https:\/\/www.nb.no\/en\/wp-json\/wp\/v2\/categories?post=1585"},{"taxonomy":"post_tag","embeddable":true,"href":"https:\/\/www.nb.no\/en\/wp-json\/wp\/v2\/tags?post=1585"}],"curies":[{"name":"wp","href":"https:\/\/api.w.org\/{rel}","templated":true}]}}